{"id":71557,"date":"2020-10-25T18:49:50","date_gmt":"2020-10-25T16:49:50","guid":{"rendered":"https:\/\/egmondonline.nl\/egmond\/orte-in-der-nachbarschaft\/"},"modified":"2023-10-23T00:15:20","modified_gmt":"2023-10-22T22:15:20","slug":"orte-in-der-nachbarschaft","status":"publish","type":"page","link":"https:\/\/egmondonline.nl\/de\/egmond\/orte-in-der-nachbarschaft\/","title":{"rendered":"Orte in der Nachbarschaft"},"content":{"rendered":"<p>[et_pb_section fb_built=&#8221;1&#8243; admin_label=&#8221;section&#8221; _builder_version=&#8221;4.16&#8243; global_colors_info=&#8221;{}&#8221;][et_pb_row admin_label=&#8221;row&#8221; _builder_version=&#8221;4.16&#8243; background_size=&#8221;initial&#8221; background_position=&#8221;top_left&#8221; background_repeat=&#8221;repeat&#8221; global_colors_info=&#8221;{}&#8221;][et_pb_column type=&#8221;4_4&#8243; _builder_version=&#8221;4.16&#8243; custom_padding=&#8221;|||&#8221; global_colors_info=&#8221;{}&#8221; custom_padding__hover=&#8221;|||&#8221;][et_pb_text admin_label=&#8221;Text&#8221; _builder_version=&#8221;4.23&#8243; background_size=&#8221;initial&#8221; background_position=&#8221;top_left&#8221; background_repeat=&#8221;repeat&#8221; hover_enabled=&#8221;0&#8243; global_colors_info=&#8221;{}&#8221; sticky_enabled=&#8221;0&#8243;]<\/p>\n<h3>Bergen aan Zee<\/h3>\n<div> <\/div>\n<div>Der Badeort <strong>Bergen aan Zee<\/strong> hat eine ganz eigene Atmosph\u00e4re mit dem Meeresaquarium und einem kilometerlangen Strand, der gen\u00fcgend Einrichtungen f\u00fcr einen gem\u00fctlichen Strandtag mit allem Drum und Dran bietet, ohne dabei aufdringlich zu sein. Das j\u00e4hrliche Jazz &amp; Sail ist mittlerweile eine landesweit bekannte Veranstaltung, die jedes Jahr mehr Besucher nach Bergen und Bergen aan Zee lockt. In Bergen aan Zee kannst du bei gutem oder schlechtem Wetter auch das <a href=\"http:\/\/www.zeeaquarium.nl\/\" target=\"_blank\" rel=\"follow no noopener noreferrer\">Sea Aquarium<\/a> unter Tage besuchen.<\/div>\n<div> <\/div>\n<p>[\/et_pb_text][et_pb_video src=&#8221;https:\/\/youtu.be\/v0suEe5Kcf4?si=oVFbBvq8aZ6BvVW6&#8243; _builder_version=&#8221;4.23&#8243; _module_preset=&#8221;default&#8221; image_src=&#8221;\/\/i.ytimg.com\/vi\/v0suEe5Kcf4\/hqdefault.jpg&#8221; hover_enabled=&#8221;0&#8243; sticky_enabled=&#8221;0&#8243;][\/et_pb_video][\/et_pb_column][\/et_pb_row][et_pb_row _builder_version=&#8221;4.23&#8243; _module_preset=&#8221;default&#8221;][et_pb_column _builder_version=&#8221;4.23&#8243; _module_preset=&#8221;default&#8221; type=&#8221;4_4&#8243;][et_pb_text _builder_version=&#8221;4.23&#8243; _module_preset=&#8221;default&#8221; hover_enabled=&#8221;0&#8243; sticky_enabled=&#8221;0&#8243;]<\/p>\n<div> <\/div>\n<h3>Camperduin<\/h3>\n<p>Schoorl, Groet und Camperduin liegen wie ein Band am Rande des Nationalparks &#8220;die Schoorl D\u00fcnen&#8221;, breite D\u00fcnen mit einer Fl\u00e4che von 1800 Hektar. Das Gebiet zeichnet sich durch eine vielf\u00e4ltige Vegetation, mehrere D\u00fcnenb\u00e4che, kilometerlange Rad- und Wanderwege und drei hohe Kletterd\u00fcnen aus. Auf der Ostseite ist eine typische niederl\u00e4ndische Polderlandschaft zu sehen. Wo die D\u00fcnenreihe endet, beginnt der Hondsbossche Zeewering, an dessen Fu\u00df das Vogelschutzgebiet &#8220;The Wells&#8221; liegt. Die Entwicklung des Dorfes ist gepr\u00e4gt von Einfamilienh\u00e4usern, die in den fr\u00fchen 1900er Jahren meist entlang von Gr\u00e4ben gebaut wurden. In den verschiedenen Zentren gibt es Einkaufsm\u00f6glichkeiten und Restaurants.<\/p>\n<p>Der Nordseestrand in Schoorl aan Zee ist nur mit dem Fahrrad zu erreichen, w\u00e4hrend die Strandausg\u00e4nge in Hargen und Camperduin \u00fcber Parkm\u00f6glichkeiten und eine Bushaltestelle verf\u00fcgen. Wassersportler k\u00f6nnen im kleinen Hafen von Hargen festmachen, ganz in der N\u00e4he des Meeres und der D\u00fcnen. In den Sommermonaten finden im Dorf verschiedene Feste statt, wie z.B. das Segel-, Surf- und Strandfest &#8220;Hargen on Sail&#8221; sowie Schatzsuchen f\u00fcr Kinder.<\/p>\n<h3>Schoorl<\/h3>\n<p>Schoorl ist vor allem der Ort, an dem sich der Liebhaber von Ruhe und Natur zu Hause f\u00fchlt. Der Nationalpark &#8220;Schoorl Dunes&#8221; ist das gr\u00f6\u00dfte und vielf\u00e4ltigste Naturschutzgebiet an der niederl\u00e4ndischen K\u00fcste. Wundersch\u00f6ne Wander- und Radwege, die sich zwischen D\u00fcnen und Polderlandschaft schl\u00e4ngeln, und ein Strandeingang (Schoorl aan Zee), wo keine Autos hinkommen d\u00fcrfen. Auch f\u00fcr Kinder gibt es mit der h\u00f6chsten Kletterd\u00fcne der Niederlande und vielen besonderen Aktivit\u00e4ten der Forstwirtschaft in Schoorl viel zu tun.<\/p>\n<div>\n<p>Der Nordseestrand in Schoorl aan Zee ist nur mit dem Fahrrad zu erreichen, w\u00e4hrend die Strandausg\u00e4nge in Hargen und Camperduin \u00fcber Parkm\u00f6glichkeiten und eine Bushaltestelle verf\u00fcgen. Wassersportler k\u00f6nnen im kleinen Hafen von Hargen festmachen, ganz in der N\u00e4he des Meeres und der D\u00fcnen. In den Sommermonaten finden im Dorf verschiedene Feste statt, wie z.B. das Segel-, Surf- und Strandfest &#8220;Hargen on Sail&#8221; sowie Schatzsuchen f\u00fcr Kinder.<\/p>\n<\/div>\n<p><iframe loading=\"lazy\" title=\"Rondje Schoorl\" width=\"1080\" height=\"608\" src=\"https:\/\/www.youtube.com\/embed\/RaBeroGGZuE?feature=oembed\" frameborder=\"0\" allow=\"accelerometer; autoplay; clipboard-write; encrypted-media; gyroscope; picture-in-picture; web-share\" referrerpolicy=\"strict-origin-when-cross-origin\" allowfullscreen><\/iframe><\/p>\n<h3>Castricum<\/h3>\n<p>Castricum in Nordholland ist eine touristisch reizvolle Gemeinde. Mit touristischen Attraktionen wie dem Strand, dem Alkmaarder-Uitgeester See, dem Wald und den D\u00fcnen. Mit dem Alkmaarder-Uitgeestermeer haben Touristen oder Erholungssuchende die M\u00f6glichkeit, auf dem Wasser aktiv zu sein. Wasserliebhaber k\u00f6nnen den See \u00fcber Freizeitstr\u00e4nde zum Schwimmen, Surfen und Kanufahren nutzen. In den Yachth\u00e4fen k\u00f6nnen Segel- und Motorboote zu Wasser gelassen werden. Es gibt einen separaten Abschnitt des Sees f\u00fcr Wasserskifahrer und Schnellboote. Du kannst auch Kanus mieten, um zu paddeln. Au\u00dferdem gibt es am und um den See viele M\u00f6glichkeiten, etwas zu essen und zu trinken.<\/p>\n<p>Der Strand ist eine gro\u00dfe Touristenattraktion, denn hier gibt es viele M\u00f6glichkeiten f\u00fcr Surfer, Schwimmer und Sonnenanbeter. Auch wenn das Wetter nicht so sch\u00f6n ist, kannst du einen Spaziergang am Strand genie\u00dfen.<\/p>\n<h3>Limmen<\/h3>\n<p>In den Fr\u00fchlingsmonaten bl\u00fcht in Limmen dann der Hortus Bulborum, ein Garten mit \u00fcber 1.500 historischen Blumenzwiebeln. In Limmen sind auch die Blumentage Ende April und Anfang Mai sehr beliebt.<\/p>\n<h3>Alkmaar<\/h3>\n<div>In unmittelbarer N\u00e4he von Egmond findest du die Stadt Alkmaar. Alkmaar ist geografisch gesehen das Zentrum der Region. Im gesch\u00e4ftigen Stadtzentrum gibt es \u00fcber 400 Denkm\u00e4ler, Terrassen, Gesch\u00e4fte, Kaufh\u00e4user usw. Alkmaar ist weltber\u00fchmt f\u00fcr seinen w\u00f6chentlichen K\u00e4semarkt (nur in den Sommermonaten). Au\u00dferdem gibt es in Alkmaar mehrere Museen. Direkt hinter Alkmaar liegt der Schermer. In diesem Polder gibt es mehrere Attraktionen wie das letzte G\u00e4rtnerhaus, die Museumsm\u00fchle, die du noch in Betrieb sehen kannst, usw. Um alles zu besichtigen, empfiehlt sich eine Fahrradtour.<\/div>\n<div> <\/div>\n<div>In der weiteren Umgebung von Alkmaar gibt es viele Besonderheiten zu besichtigen. In Broek op Langendijk findet die \u00e4lteste Gem\u00fcseauktion der Welt statt und in Medemblik gibt es das Dampfmaschinenmuseum. Du kannst einen Besuch hier mit einer Fahrt nach Hoorn mit der Dampfstra\u00dfenbahn verbinden. Einen Besuch wert ist auch das Zuiderzee-Museum in Enkhuizen. Hier kannst du erleben, wie die Menschen rund um die ehemalige Zuiderzee gelebt und gearbeitet haben.<\/div>\n<p><iframe loading=\"lazy\" title=\"Alkmaar, Netherlands city tour and boat ride\" width=\"1080\" height=\"608\" src=\"https:\/\/www.youtube.com\/embed\/rqcPPTxIUTA?feature=oembed\" frameborder=\"0\" allow=\"accelerometer; autoplay; clipboard-write; encrypted-media; gyroscope; picture-in-picture; web-share\" referrerpolicy=\"strict-origin-when-cross-origin\" allowfullscreen><\/iframe><\/p>\n<p>&nbsp;<\/p>\n<h3>Weitere Umgebung<\/h3>\n<div>Weiter s\u00fcdlich in Beverwijk befindet sich der &#8220;Beverwijk Bazaar&#8221;. Dies ist Europas gr\u00f6\u00dfter \u00fcberdachter Markt, der jedes Wochenende ge\u00f6ffnet ist und \u00fcber 3.000 St\u00e4nde und Marktl\u00e4den umfasst, die in verschiedene M\u00e4rkte unterteilt sind, jeder mit seiner eigenen Kultur und seinem eigenen Thema. Dazu geh\u00f6ren eine Struin-Scheune, ein Schwarzmarkt, ein Gro\u00dfer Basar, ein Computermarkt und der sehr umfangreiche orientalische Markt. Ein wenig weiter s\u00fcdlich erreichst du Haarlem und Amsterdam. Nat\u00fcrlich findest du hier alle Merkmale einer Metropole. Haarlem ist bekannt f\u00fcr seine zahlreichen Museen und \u00fcber Amsterdam brauchen wir hier nichts weiter zu sagen.<\/div>\n<div> <\/div>\n<div>Dies sind nur einige der M\u00f6glichkeiten, die die Region Egmond bietet. Nat\u00fcrlich h\u00e4ngt alles von der Jahreszeit ab, in der du unser Dorf besuchst. Aber egal wie das Wetter ist, es gibt immer etwas zu tun. Wenn es nicht gerade Strandwetter ist, findest du in der unmittelbaren Umgebung jede Menge Unterhaltungsm\u00f6glichkeiten.<\/div>\n<p>[\/et_pb_text][\/et_pb_column][\/et_pb_row][et_pb_row _builder_version=&#8221;4.19.5&#8243; _module_preset=&#8221;default&#8221; global_colors_info=&#8221;{}&#8221;][et_pb_column type=&#8221;4_4&#8243; _builder_version=&#8221;4.19.5&#8243; _module_preset=&#8221;default&#8221; global_colors_info=&#8221;{}&#8221;][et_pb_text _builder_version=&#8221;4.19.5&#8243; _module_preset=&#8221;default&#8221; header_2_font_size=&#8221;50px&#8221; global_colors_info=&#8221;{}&#8221;]<\/p>\n<h2 style=\"text-align: center;\">BLOG Beitr\u00e4ge aus dem<br \/>Region und Gemeinde Bergen<\/h2>\n<p>[\/et_pb_text][et_pb_blog fullwidth=&#8221;off&#8221; posts_number=&#8221;6&#8243; include_categories=&#8221;129,141&#8243; show_more=&#8221;on&#8221; show_author=&#8221;off&#8221; show_date=&#8221;off&#8221; show_categories=&#8221;off&#8221; _builder_version=&#8221;4.19.5&#8243; _module_preset=&#8221;default&#8221; read_more_text_color=&#8221;#0C71C3&#8243; read_more_font_size=&#8221;16px&#8221; border_radii_image=&#8221;on|5px|5px|5px|5px&#8221; box_shadow_style=&#8221;preset3&#8243; global_colors_info=&#8221;{}&#8221;][\/et_pb_blog][et_pb_text _builder_version=&#8221;4.19.5&#8243; _module_preset=&#8221;default&#8221; header_2_font_size=&#8221;50px&#8221; global_colors_info=&#8221;{}&#8221;]<\/p>\n<h2 style=\"text-align: center;\">Fahrradrouten in der Region und  <br \/>Gemeinde Bergen, Nordholland<\/h2>\n<p>[\/et_pb_text][et_pb_blog fullwidth=&#8221;off&#8221; posts_number=&#8221;6&#8243; include_categories=&#8221;1447&#8243; _builder_version=&#8221;4.19.5&#8243; _module_preset=&#8221;default&#8221; global_colors_info=&#8221;{}&#8221;][\/et_pb_blog][\/et_pb_column][\/et_pb_row][\/et_pb_section]<\/p>\n","protected":false},"excerpt":{"rendered":"<p>Bergen aan Zee Der Badeort Bergen aan Zee hat eine ganz eigene Atmosph\u00e4re mit dem Meeresaquarium und einem kilometerlangen Strand, der gen\u00fcgend Einrichtungen f\u00fcr einen gem\u00fctlichen Strandtag mit allem Drum und Dran bietet, ohne dabei aufdringlich zu sein. Das j\u00e4hrliche Jazz &amp; Sail ist mittlerweile eine landesweit bekannte Veranstaltung, die jedes Jahr mehr Besucher nach [&hellip;]<\/p>\n","protected":false},"author":3,"featured_media":67066,"parent":71476,"menu_order":0,"comment_status":"open","ping_status":"closed","template":"","meta":{"_et_pb_use_builder":"on","_et_pb_old_content":"","_et_gb_content_width":"","footnotes":""},"class_list":["post-71557","page","type-page","status-publish","has-post-thumbnail","hentry"],"_links":{"self":[{"href":"https:\/\/egmondonline.nl\/de\/wp-json\/wp\/v2\/pages\/71557","targetHints":{"allow":["GET"]}}],"collection":[{"href":"https:\/\/egmondonline.nl\/de\/wp-json\/wp\/v2\/pages"}],"about":[{"href":"https:\/\/egmondonline.nl\/de\/wp-json\/wp\/v2\/types\/page"}],"author":[{"embeddable":true,"href":"https:\/\/egmondonline.nl\/de\/wp-json\/wp\/v2\/users\/3"}],"replies":[{"embeddable":true,"href":"https:\/\/egmondonline.nl\/de\/wp-json\/wp\/v2\/comments?post=71557"}],"version-history":[{"count":0,"href":"https:\/\/egmondonline.nl\/de\/wp-json\/wp\/v2\/pages\/71557\/revisions"}],"up":[{"embeddable":true,"href":"https:\/\/egmondonline.nl\/de\/wp-json\/wp\/v2\/pages\/71476"}],"wp:featuredmedia":[{"embeddable":true,"href":"https:\/\/egmondonline.nl\/de\/wp-json\/wp\/v2\/media\/67066"}],"wp:attachment":[{"href":"https:\/\/egmondonline.nl\/de\/wp-json\/wp\/v2\/media?parent=71557"}],"curies":[{"name":"wp","href":"https:\/\/api.w.org\/{rel}","templated":true}]}}