{"id":71535,"date":"2014-11-30T01:30:30","date_gmt":"2014-11-29T23:30:30","guid":{"rendered":"https:\/\/egmondonline.nl\/das-wappen-und-die-flagge\/"},"modified":"2023-04-15T21:07:16","modified_gmt":"2023-04-15T19:07:16","slug":"das-wappen-und-die-flagge","status":"publish","type":"page","link":"https:\/\/egmondonline.nl\/de\/das-wappen-und-die-flagge\/","title":{"rendered":"Das Wappen und die Flagge"},"content":{"rendered":"<p>[et_pb_section fb_built=&#8221;1&#8243; _builder_version=&#8221;3.22&#8243; global_colors_info=&#8221;{}&#8221;][et_pb_row _builder_version=&#8221;4.10.6&#8243; _module_preset=&#8221;default&#8221;][et_pb_column _builder_version=&#8221;4.10.6&#8243; _module_preset=&#8221;default&#8221; type=&#8221;4_4&#8243;][et_pb_image src=&#8221;https:\/\/egmondonline.nl\/wp-content\/uploads\/2014\/10\/vlag.jpg&#8221; _builder_version=&#8221;4.10.6&#8243; _module_preset=&#8221;default&#8221; title_text=&#8221;Flagge&#8221; hover_enabled=&#8221;0&#8243; sticky_enabled=&#8221;0&#8243; align=&#8221;center&#8221; force_fullwidth=&#8221;on&#8221;][\/et_pb_image][\/et_pb_column][\/et_pb_row][et_pb_row column_structure=&#8221;3_4,1_4&#8243; _builder_version=&#8221;3.25&#8243; background_size=&#8221;initial&#8221; background_position=&#8221;top_left&#8221; background_repeat=&#8221;repeat&#8221; global_colors_info=&#8221;{}&#8221;][et_pb_column type=&#8221;3_4&#8243; _builder_version=&#8221;3.25&#8243; custom_padding=&#8221;|||&#8221; global_colors_info=&#8221;{}&#8221; custom_padding__hover=&#8221;|||&#8221;][et_pb_text _builder_version=&#8221;4.10.6&#8243; _module_preset=&#8221;default&#8221; global_colors_info=&#8221;{}&#8221;]<\/p>\n<h2>Kepern aus Gold und &#8220;Kehle<\/h2>\n<p>Die Flagge von Egmond basiert auf dem Wappen der Herren und Grafen von Egmond, das bereits um das Jahr 1200 in Mode war. Es zeichnete sich durch K\u00f6per aus Gold (gelb) und &#8220;Kehle&#8221; oder Rot aus. Kiel ist die heraldische Farbe Rot, die f\u00fcr Mut und Aufopferung steht. Gold bedeutet Weisheit und Reichtum.<\/p>\n<p>Urspr\u00fcnglich f\u00fchrte die Gemeinde Egmond-Binnen, zu der auch Egmond aan den Hoef geh\u00f6rte, ein Wappen &#8220;von Gold, beladen mit sieben Kehllappen&#8221;. Egmond aan Zee f\u00fchrte ein Wappen &#8220;von Gold, beladen mit sechs K\u00f6per Kehle&#8221;. Ein K\u00f6per weniger. Tats\u00e4chlich war dies das einzige korrekte Egmont-Wappen, das genauso viele K\u00f6per hatte wie das Stammeswappen.<\/p>\n<p>&nbsp;<\/p>\n<p>[\/et_pb_text][\/et_pb_column][et_pb_column type=&#8221;1_4&#8243; _builder_version=&#8221;3.25&#8243; custom_padding=&#8221;|||&#8221; global_colors_info=&#8221;{}&#8221; custom_padding__hover=&#8221;|||&#8221;][et_pb_image src=&#8221;https:\/\/egmondonline.nl\/wp-content\/uploads\/2014\/11\/wapenvanegmond.png&#8221; title_text=&#8221;Arm von Egmond&#8221; _builder_version=&#8221;4.10.6&#8243; _module_preset=&#8221;default&#8221; global_colors_info=&#8221;{}&#8221;][\/et_pb_image][\/et_pb_column][\/et_pb_row][et_pb_row _builder_version=&#8221;4.10.6&#8243; _module_preset=&#8221;default&#8221; global_colors_info=&#8221;{}&#8221;][et_pb_column type=&#8221;4_4&#8243; _builder_version=&#8221;4.10.6&#8243; _module_preset=&#8221;default&#8221; global_colors_info=&#8221;{}&#8221;][et_pb_text _builder_version=&#8221;4.10.6&#8243; _module_preset=&#8221;default&#8221; global_colors_info=&#8221;{}&#8221;]<\/p>\n<h2><b>Das Wappen der neuen Gemeinde Egmond.  <\/b><\/h2>\n<p>1978 fusionierten die drei Egmonder D\u00f6rfer zur Gemeinde Egmond, nicht zur Freude aller. Der neue Gemeinderat beantragte am 12. Mai 1978 beim Hohen Adelsrat ein neues Gemeindewappen. Mit der Bewerbung schickten sie einen vorl\u00e4ufigen Entwurf: eine Kombination aus dem Egmonder Wappen und dem <img decoding=\"async\" class=\"wp-image-6122 alignleft\" src=\"https:\/\/egmondonline.nl\/wp-content\/uploads\/2014\/11\/wapen_wimmenum-254x300.jpg\" sizes=\"(max-width: 139px) 100vw, 139px\" srcset=\"https:\/\/egmondonline.nl\/wp-content\/uploads\/2014\/11\/wapen_wimmenum-254x300.jpg 254w, https:\/\/egmondonline.nl\/wp-content\/uploads\/2014\/11\/wapen_wimmenum.jpg 279w\" alt=\"waffe_wimmenum\" width=\"139\" height=\"164\"\/>Wappen von Wimmenum, das drei Monde hat.<\/p>\n<p>Der w\u00f6rtliche Vorschlag lautet: ein Wappen: &#8220;von Gold mit sechs Halskrausen und in der Livree von Zobel mit drei wachsenden Monden von Silber.&#8221; Die Antwort des Obersten Adelsrates ist ziemlich \u00fcberraschend. Auch f\u00fcr mich, denn ich scheine seit Jahren eine Kopie dieses Briefes in meinem Besitz zu haben. Ein Brief, der Egmonds Stolz sch\u00fcrt<\/p>\n<h3><strong>Das besondere Schreiben des Obersten Adelsrates<\/strong><\/h3>\n<p>Wie bin ich an den Brief vom 8. Juni 1978 gekommen? Pl\u00f6tzlich erinnerte ich mich und stand vor meinem geistigen Auge in der damals neuen historischen Bibliothek von Jan Lute. Der Egmonder Hobbyhistoriker, der leider nicht mehr unter uns weilt, hatte mich mit der Geschichte von Egmond \u00fcbersch\u00fcttet und gab mir auf dem Heimweg dieses bemerkenswerte Exemplar, das ich dann v\u00f6llig vergessen hatte. Wie kein anderer erkannte er, wie wichtig dieser Brief war.<\/p>\n<h3><em>Jetzt habe ich mit Rothaarigen gelesen:<\/em><\/h3>\n<p>Wenn ein Gebiet berechtigt ist, das Wappen der Grafen von Egmond oder der Grafschaft Egmond zu tragen, dann ist es das Gebiet, das durch den Zusammenschluss der beiden Gemeinden Egmond aan Zee und Egmond-Binnen entstanden ist.<\/p>\n<p>Aus diesem Grund r\u00e4t der Rat, den Bestandteil Wimmenum nicht in das neue Wappen aufzunehmen usw.) In Anbetracht der Tatsache, dass Egmond eine der wenigen Grafschaften in den Niederlanden war, hat der Rat keine Einw\u00e4nde, diese Tatsache als &#8220;besonderen historischen Umstand&#8221; im Sinne der Artikel 5 und 6 der Richtlinien von 1977 zu betrachten.<\/p>\n<p>Der Rat schl\u00e4gt dir daher eine Krone aus f\u00fcnf Bl\u00e4ttern vor, die in der Rangfolge der Kronen als &#8220;h\u00f6her&#8221; gilt als die aus drei Bl\u00e4ttern und zwei Perlen, die normalerweise an \u00f6ffentliche Einrichtungen vergeben werden. Der Rat hat auch keine Einw\u00e4nde gegen Schildhalter und m\u00f6chte auf das Siegel von Karl, dem dritten Grafen von Egmond (* 1541), eines der wenigen Bilder der Grafen von Egmond, zur\u00fcckgreifen, auf dem Schildhalter erscheinen. Abschlie\u00dfend einigte sich der Rat auf ein Wappen, dessen Beschreibung lautet <strong>: &#8220;Gezwirnt von zw\u00f6lf St\u00fccken, Gold und Kehle. Der Schild ist mit einer Krone aus f\u00fcnf Bl\u00e4ttern bedeckt und wird von zwei einander zugewandten goldenen L\u00f6wen gehalten, die mit Zungen und N\u00e4geln versehen sind.<\/strong><\/p>\n<p>&nbsp;<\/p>\n<p>[\/et_pb_text][\/et_pb_column][\/et_pb_row][et_pb_row column_structure=&#8221;1_2,1_2&#8243; _builder_version=&#8221;4.10.6&#8243; _module_preset=&#8221;default&#8221; global_colors_info=&#8221;{}&#8221;][et_pb_column type=&#8221;1_2&#8243; _builder_version=&#8221;4.10.6&#8243; _module_preset=&#8221;default&#8221; global_colors_info=&#8221;{}&#8221;][et_pb_text _builder_version=&#8221;4.10.6&#8243; _module_preset=&#8221;default&#8221; global_colors_info=&#8221;{}&#8221;]<\/p>\n<h2>Das neue Wappen der Gemeinde Egmond von 1978<\/h2>\n<p>Am 23. Juni 1978 wandte sich B\u00fcrgermeister A.G. Bakker an den Stadtrat und bat ihn um seine Zustimmung. Am 25. August gibt K\u00f6nigin Juliana ihre Zustimmung, und auch Innenminister Hans Wiegel schlie\u00dft sich an. Ein Stein mit diesem Wappen wird am ehemaligen Kinderkoloniehaus &#8216;Zwartendijk&#8217; angebracht, denn das ist das neue Rathaus f\u00fcr die fusionierte Gemeinde (die in politisch turbulenten Zeiten &#8216;De woeste Hoogte&#8217; genannt wurde&#8221;). Dank eines aufmerksamen Egmonders wurde der Stein vor der M\u00fclltonne gerettet und ist seit 2007 an der Au\u00dfenwand des Museum van Egmond in der Zuiderstraat in Egmond aan Zee zu finden<\/p>\n<p>[\/et_pb_text][\/et_pb_column][et_pb_column type=&#8221;1_2&#8243; _builder_version=&#8221;4.10.6&#8243; _module_preset=&#8221;default&#8221; global_colors_info=&#8221;{}&#8221;][et_pb_text _builder_version=&#8221;4.10.6&#8243; _module_preset=&#8221;default&#8221; global_colors_info=&#8221;{}&#8221;]<\/p>\n<h3><b>Der Zusammenschluss mit Bergen<\/b><\/h3>\n<p>In den 1990er Jahren wurde unter der F\u00fchrung von B\u00fcrgermeister Brommet die Unvermeidbarkeit einer gr\u00f6\u00dferen fusionierten Gemeinde diskutiert. Das hat eine Menge Probleme in allen beteiligten D\u00f6rfern zur Folge. Urspr\u00fcnglich sieht Egmond mehr in einer Fusion mit der Gemeinde Heiloo, aber Heiloo will uns nicht. Am 1. Januar 2001 fusionierten Bergen, Egmond und Schoorl. Dies unter der ausdr\u00fccklichen Bedingung, dass jeder Dorfkern seinen eigenen Charakter bewahren darf. Zun\u00e4chst sah es noch so aus, als w\u00fcrde die neue Gemeinde einen neuen Namen bekommen, aber am Ende wurde sie zur Gemeinde Bergen. Dar\u00fcber soll es auch wieder ein neues Gemeindewappen geben.<\/p>\n<p>[\/et_pb_text][\/et_pb_column][\/et_pb_row][et_pb_row column_structure=&#8221;2_5,3_5&#8243; _builder_version=&#8221;4.10.6&#8243; _module_preset=&#8221;default&#8221; global_colors_info=&#8221;{}&#8221;][et_pb_column type=&#8221;2_5&#8243; _builder_version=&#8221;4.10.6&#8243; _module_preset=&#8221;default&#8221; global_colors_info=&#8221;{}&#8221;][et_pb_image src=&#8221;https:\/\/egmondonline.nl\/wp-content\/uploads\/2014\/11\/wapen_gemeente_afgekeurd.jpg&#8221; title_text=&#8221;weapon_community_rejected&#8221; _builder_version=&#8221;4.10.6&#8243; _module_preset=&#8221;default&#8221; global_colors_info=&#8221;{}&#8221;][\/et_pb_image][\/et_pb_column][et_pb_column type=&#8221;3_5&#8243; _builder_version=&#8221;4.10.6&#8243; _module_preset=&#8221;default&#8221; global_colors_info=&#8221;{}&#8221;][et_pb_text _builder_version=&#8221;4.10.6&#8243; _module_preset=&#8221;default&#8221; global_colors_info=&#8221;{}&#8221;]<\/p>\n<h3><strong>Ein neues Design<\/strong><\/h3>\n<p>Der Zeichner des Obersten Adelsrats hat es wieder zu etwas Besonderem gemacht. Oben links das Wappen von Schoorl, unten rechts das von Bergen. Die Viecher auf den Armen sind silberne Amseln ohne Schnabel und Beine oder &#8220;Merlettes&#8221;. Der Rest stammt nat\u00fcrlich aus dem Wappen von Egmond. Egmond hat schlie\u00dflich eine schwere Vergangenheit? Die ganze Anlage steht auf einem Fundament aus pl\u00e4tscherndem Meerwasser und Sandd\u00fcnen.<\/p>\n<p>[\/et_pb_text][\/et_pb_column][\/et_pb_row][et_pb_row _builder_version=&#8221;4.10.6&#8243; _module_preset=&#8221;default&#8221; global_colors_info=&#8221;{}&#8221;][et_pb_column type=&#8221;4_4&#8243; _builder_version=&#8221;4.10.6&#8243; _module_preset=&#8221;default&#8221; global_colors_info=&#8221;{}&#8221;][et_pb_text _builder_version=&#8221;4.10.6&#8243; _module_preset=&#8221;default&#8221; global_colors_info=&#8221;{}&#8221;]<\/p>\n<h3>Einw\u00e4nde<\/h3>\n<p>Aber Politiker haben alle m\u00f6glichen Einw\u00e4nde. Ist dieses Design vielleicht zu egmontisch? Und diese L\u00f6wen, die hatte Egmond auch erst seit 1978? Auch von Egmond kommen Einw\u00e4nde, weil die Sparren keine Einheit mehr bilden. Man w\u00fcrde dann lieber sehen, dass zumindest die obere H\u00e4lfte des Schildes &#8220;Egmond&#8221; hei\u00dft. Jan Lute klebt es so zusammen. Im Obersten Adelsrat sind sie &#8220;not amused&#8221;. Ohne viel zu \u00fcberlegen, entsteht eine viel einfachere Waffe. M\u00f6chtest du mehr dar\u00fcber erfahren? Lies, wie ein &#8220;Sudeten-Derper&#8221; immer noch versucht zu retten, was zu retten ist und wie das aktuelle Wappen der Gemeinde Mons zustande kam.<\/p>\n<h2>Die Egmond-Flagge<\/h2>\n<h6>In der Buchhandlung Dekker kannst du auch die Flagge kaufen!<\/h6>\n<p>Wir gehen in der Zeit zur\u00fcck. Nach dem Zusammenschluss der drei Egmonder Bezirke im Jahr 1978 wurde am 18. Dezember 1980 auch beschlossen, eine offizielle Flagge f\u00fcr die Gemeinde Egmond mit sechs roten K\u00f6per zu haben. Die Gemeinde bestellt nur wenige Exemplare f\u00fcr offizielle Stellen. Es ist die Besatzung der <strong><br \/>\n  <a href=\"https:\/\/egmondonline.de\/der-egmonder-pinck-bomschuit\/\">Pinck <\/a><br \/>\n<\/strong>die 2007 die Flagge an der Spitze des Mastes aufgeh\u00e4ngt und damit die Herzen vieler Egmonder ber\u00fchrt hat. Die Nachfrage nach der Flagge ist gro\u00df und der Vorstand der Stiftung Historic Egmond hat den Mut, tausend St\u00fcck zu bestellen. Die Stiftung Historic Egmond macht daraus eine Kampagne anl\u00e4sslich ihres 15-j\u00e4hrigen Bestehens im Jahr 2008 und hofft au\u00dferdem, viele neue Spender zu gewinnen (die die Fahne mit einem Preisnachlass erhalten werden). Ab Mai 2008 wird die Egmonder Fahne an einigen Adressen in Egmond und auf dem Markt w\u00e4hrend der Dorffeste zum Verkauf stehen. Von nun an sollen die Farben Rot und Gelb bei Festivit\u00e4ten in den drei Egmonder Regionen wie dem Marathon, dem Kunstmarkt, dem Hoever Dorffest, dem Fischertag und Egmond op zijn Kop zu sehen sein. Die Reaktionen und die gro\u00dfe Anzahl von Bestellungen zeigen, dass das Egmond-Gef\u00fchl lebendig ist! Um die Egmond-Flagge zu bestellen, klicke bitte hier, um zum Bestellformular zu gelangen.<\/p>\n<p>Du wirst daher verstehen, dass ein Derper Vortrag am Fischertag manchmal mit Wehmut von den wertvollen Egmond-L\u00f6wen spricht&#8230;.<\/p>\n<p>Das endg\u00fcltige Wappen der Gemeinde Bergen: Am 9. Juli 2001 genehmigte K\u00f6nigin Beatrix das neue Wappen der Gemeinde Bergen nach Beratung durch den Hohen Adelsrat. Das beiliegende Diplom listet die Waffe, den Preis von 390 \u20ac und die folgende Beschreibung auf:<\/p>\n<p>[\/et_pb_text][\/et_pb_column][\/et_pb_row][et_pb_row column_structure=&#8221;2_3,1_3&#8243; _builder_version=&#8221;4.10.6&#8243; _module_preset=&#8221;default&#8221; global_colors_info=&#8221;{}&#8221;][et_pb_column type=&#8221;2_3&#8243; _builder_version=&#8221;4.10.6&#8243; _module_preset=&#8221;default&#8221; global_colors_info=&#8221;{}&#8221;][et_pb_text _builder_version=&#8221;4.10.6&#8243; _module_preset=&#8221;default&#8221; global_colors_info=&#8221;{}&#8221;]<\/p>\n<p>&#8220;Gekerbt aus vier St\u00fccken von Hals und Gold und acht Sonnenuntergangsmerlettes von Silber und Hals. Der Schild ist mit einer goldenen Krone aus f\u00fcnf Bl\u00e4ttern bedeckt&#8221;.<\/p>\n<p>Auff\u00e4llig an diesem neuen Wappen ist das Fehlen der L\u00f6wen und damit des Sockels mit seiner symbolischen Darstellung der D\u00fcnen und des Meeres. Die f\u00fcnfbl\u00e4ttrige Krone, die etwas reichhaltig dargestellt ist, erinnert an die Vergangenheit von Egmond. Von den 12 Hals- und Goldkr\u00e4useln des Egmonder Wappens sind heute noch vier \u00fcbrig, allerdings gespickt mit Schoorl- und Bergen-Merletten, den Enten ohne Schnabel und Beine. Von nun an m\u00fcssen sich die Egmonder also mit Merletten statt mit L\u00f6wen begn\u00fcgen, und es ist leicht zu erraten, wie das ankommen wird.<\/p>\n<p>\u00dcbrigens gibt es manchmal immer noch Verwirrung \u00fcber die richtige Waffe. Das abgelehnte Wappen scheint jahrelang auf der Website der Gemeinde Bergen geblieben zu sein. Auch andere Internetseiten zeigen (oder zeigten, als dieser Artikel 2007 geschrieben wurde) die abgelehnte und nicht die neue Waffe. Liegt es vielleicht daran, dass den Leuten die erste Waffe besser gef\u00e4llt als das, was sie am Ende war? Und was hat der (gleiche) Karikaturist selbst davon gehalten? Er setzte nicht seine Unterschrift, sondern nur eine Initiale unter dieses neue Wappen.<\/p>\n<p>[\/et_pb_text][\/et_pb_column][et_pb_column type=&#8221;1_3&#8243; _builder_version=&#8221;4.10.6&#8243; _module_preset=&#8221;default&#8221; global_colors_info=&#8221;{}&#8221;][et_pb_image src=&#8221;https:\/\/egmondonline.nl\/wp-content\/uploads\/2014\/11\/wapen_gemeente_huidig.jpg&#8221; title_text=&#8221;Wappen_aktuell&#8221; _builder_version=&#8221;4.10.6&#8243; _module_preset=&#8221;default&#8221; global_colors_info=&#8221;{}&#8221;][\/et_pb_image][\/et_pb_column][\/et_pb_row][\/et_pb_section]<\/p>\n","protected":false},"excerpt":{"rendered":"<p>Kepern aus Gold und &#8220;Kehle Die Flagge von Egmond basiert auf dem Wappen der Herren und Grafen von Egmond, das bereits um das Jahr 1200 in Mode war. Es zeichnete sich durch K\u00f6per aus Gold (gelb) und &#8220;Kehle&#8221; oder Rot aus. Kiel ist die heraldische Farbe Rot, die f\u00fcr Mut und Aufopferung steht. Gold bedeutet [&hellip;]<\/p>\n","protected":false},"author":3,"featured_media":66866,"parent":0,"menu_order":0,"comment_status":"closed","ping_status":"closed","template":"","meta":{"_et_pb_use_builder":"on","_et_pb_old_content":"","_et_gb_content_width":"","footnotes":""},"class_list":["post-71535","page","type-page","status-publish","has-post-thumbnail","hentry"],"_links":{"self":[{"href":"https:\/\/egmondonline.nl\/de\/wp-json\/wp\/v2\/pages\/71535","targetHints":{"allow":["GET"]}}],"collection":[{"href":"https:\/\/egmondonline.nl\/de\/wp-json\/wp\/v2\/pages"}],"about":[{"href":"https:\/\/egmondonline.nl\/de\/wp-json\/wp\/v2\/types\/page"}],"author":[{"embeddable":true,"href":"https:\/\/egmondonline.nl\/de\/wp-json\/wp\/v2\/users\/3"}],"replies":[{"embeddable":true,"href":"https:\/\/egmondonline.nl\/de\/wp-json\/wp\/v2\/comments?post=71535"}],"version-history":[{"count":0,"href":"https:\/\/egmondonline.nl\/de\/wp-json\/wp\/v2\/pages\/71535\/revisions"}],"wp:featuredmedia":[{"embeddable":true,"href":"https:\/\/egmondonline.nl\/de\/wp-json\/wp\/v2\/media\/66866"}],"wp:attachment":[{"href":"https:\/\/egmondonline.nl\/de\/wp-json\/wp\/v2\/media?parent=71535"}],"curies":[{"name":"wp","href":"https:\/\/api.w.org\/{rel}","templated":true}]}}