{"id":71512,"date":"2020-10-25T16:27:10","date_gmt":"2020-10-25T14:27:10","guid":{"rendered":"https:\/\/egmondonline.nl\/egmond-binnen\/"},"modified":"2023-04-15T21:11:37","modified_gmt":"2023-04-15T19:11:37","slug":"egmond-binnen","status":"publish","type":"page","link":"https:\/\/egmondonline.nl\/de\/egmond\/egmond-binnen\/","title":{"rendered":"Egmond-binnen"},"content":{"rendered":"<p>[et_pb_section fb_built=&#8221;1&#8243; admin_label=&#8221;section&#8221; _builder_version=&#8221;4.16&#8243; global_colors_info=&#8221;{}&#8221;][et_pb_row admin_label=&#8221;row&#8221; _builder_version=&#8221;4.16&#8243; background_size=&#8221;initial&#8221; background_position=&#8221;top_left&#8221; background_repeat=&#8221;repeat&#8221; global_colors_info=&#8221;{}&#8221;][et_pb_column type=&#8221;4_4&#8243; _builder_version=&#8221;4.16&#8243; custom_padding=&#8221;|||&#8221; global_colors_info=&#8221;{}&#8221; custom_padding__hover=&#8221;|||&#8221;][et_pb_text admin_label=&#8221;Text&#8221; _builder_version=&#8221;4.16.0&#8243; background_size=&#8221;initial&#8221; background_position=&#8221;top_left&#8221; background_repeat=&#8221;repeat&#8221; global_colors_info=&#8221;{}&#8221;]<\/p>\n<h3>Sch\u00f6nes lebendiges Dorf<\/h3>\n<p>Egmond-Binnen ist ein h\u00fcbsches Dorf in einer weiten Landschaft, die einst von M\u00f6nchen gepr\u00e4gt wurde. Es gibt eine belebte Dorfstra\u00dfe mit Gesch\u00e4ften und ein paar gastronomischen Betrieben, aber es ist nicht touristisch.<\/p>\n<p>Das sch\u00f6ne D\u00fcnengebiet mit Rad-, Wander- und Reitwegen ist ganz in der N\u00e4he und dahinter liegt ein breiter und ruhiger Strand. Im Fr\u00fchling sind die bunten Zwiebelfelder fotogen. Die besondere Atmosph\u00e4re rund um das Benediktinerkloster &#8211; wie in vergangenen Zeiten &#8211; zieht Menschen von nah und fern an. Das Besucherzentrum der Abtei Egmond ist daher sehr zu empfehlen. Das Parken ist in Egmond-Binnen immer kostenlos.<\/p>\n<h3>Rinnegom<\/h3>\n<div>Rinnegom wurde fr\u00fcher Rinighem genannt, was m\u00f6glicherweise einen Ort am Rhein bedeutet. Es ist ein Weiler zwischen Egmond-Binnen und Egmond aan den Hoef und geh\u00f6rte fr\u00fcher zur Abtei. Die Bediensteten, die dort lebten, konnten nicht frei gehen, wohin sie wollten. Wo jetzt eine Jugendherberge steht, stand bis 1967 die Rinnegommer Kirche, die damals f\u00fcr alle Egmonder gedacht war, die zu Fu\u00df dorthin gingen. Der R.K.-Friedhof ist immer noch da und auch das Caf\u00e9 (jetzt ein Restaurant), das fr\u00fcher nach der Kirche \u00fcberf\u00fcllt war.<\/div>\n<p>[\/et_pb_text][et_pb_video src=&#8221;https:\/\/youtu.be\/ncYgB4EQoA0&#8243; _builder_version=&#8221;4.19.4&#8243; _module_preset=&#8221;default&#8221; global_colors_info=&#8221;{}&#8221;][\/et_pb_video][et_pb_text _builder_version=&#8221;4.16.0&#8243; _module_preset=&#8221;default&#8221; global_colors_info=&#8221;{}&#8221;]<\/p>\n<h2><span style=\"color: #1e73be; font-family: Palanquin, Helvetica, Arial, Lucida, sans-serif; font-size: x-large; font-style: normal; font-weight: normal; letter-spacing: 0.5px;\">Geschichte: Es begann auf einem Strandkamm<\/span><\/h2>\n<p>Weit vor unserer Zeitrechnung lebten hier Bauern und Fischer unter schwierigen Bedingungen auf einem Strandr\u00fccken. Ihre Spuren sind vom Meer verwischt oder unter meterhohem Treibsand begraben worden. Im 7. Jahrhundert sank der Meeresspiegel und eine Siedlung entstand dort, wo sich heute der Adelbertusakker befindet. Dies ist das \u00e4lteste Egmond, das in alten Schriften auch Eckmunde, Hecmunde oder Egmunde genannt wird.<\/p>\n<h3>Der heilige Adelbert: der erste Tourist<\/h3>\n<p>Der \u00dcberlieferung nach landete um das Jahr 690 eine Gruppe von M\u00f6nchen aus einem Kloster in Irland an der K\u00fcste. Unter ihnen war Adelbert, ein Gef\u00e4hrte von Willibrord. Die Geschichte besagt, dass Adelbert seine guten Werke in der Gegend getan hat und dann nach Egmond kam, um sich auszuruhen. Man k\u00f6nnte ihn als den allerersten Touristen bezeichnen. St. Adelbert steht regelm\u00e4\u00dfig in der Zeitung in fetten Buchstaben, weil der \u00f6rtliche Fu\u00dfballverein so hei\u00dft. Der Schutzpatron von Egmond-Binnen gab auch der Abtei, der Kirche, einer (nicht mehr existierenden) Schule und einer Stra\u00dfe seinen Namen. In Egmond aan Zee gab es fr\u00fcher auch eine Sint Aalbrechtstraat, aber die ist im Meer verschwunden.<\/p>\n<h3>Das Adelbertus Feld und der Brunnen<\/h3>\n<p>Der Adelbertusakker befindet sich in der N\u00e4he der D\u00fcnen am Oude Schulpweg in der Nummer 18. Es ist ein mystischer Ort, zu dem die Pilger seit 13 Jahrhunderten kommen. Der Pfarrer von Egmond-Binnen dr\u00fcckt es so sch\u00f6n aus: &#8220;Hier liegt die Kraft im Boden.&#8221; Der M\u00f6nch Adelbert war sehr beliebt und wurde im Jahr 740 auf dem Acre begraben. Probiere das Wasser aus dem Brunnen und du wirst die heilende Wirkung sp\u00fcren. Diese Quelle soll entstanden sein, als Adelberts \u00dcberreste zwei Jahrhunderte nach seinem Tod in das im benachbarten Hallem gegr\u00fcndete Kloster, das heute Egmond-Binnen hei\u00dft, \u00fcberf\u00fchrt wurden. Mergelbl\u00f6cke markieren die Umrisse einer kleinen Kirche, die hier einst stand.[\/et_pb_text][et_pb_code _builder_version=&#8221;4.16.0&#8243; _module_preset=&#8221;default&#8221; global_colors_info=&#8221;{}&#8221;]<script async src=\"https:\/\/pagead2.googlesyndication.com\/pagead\/js\/adsbygoogle.js\"><\/script><!-- [et_pb_line_break_holder] --><!-- onderheader --><!-- [et_pb_line_break_holder] --><ins class=\"adsbygoogle\"<!-- [et_pb_line_break_holder] -->     style=&#8221;display:block&#8221;<!-- [et_pb_line_break_holder] -->     data-ad-client=&#8221;ca-pub-7620922414404467&#8243;<!-- [et_pb_line_break_holder] -->     data-ad-slot=&#8221;1991525980&#8243;<!-- [et_pb_line_break_holder] -->     data-ad-format=&#8221;auto&#8221;<!-- [et_pb_line_break_holder] -->     data-full-width-responsive=&#8221;true&#8221;><\/ins><!-- [et_pb_line_break_holder] --><script><!-- [et_pb_line_break_holder] -->     (adsbygoogle = window.adsbygoogle || []).push({});<!-- [et_pb_line_break_holder] --><\/script>[\/et_pb_code][et_pb_image src=&#8221;https:\/\/egmondonline.nl\/wp-content\/uploads\/2014\/10\/abdij12-1024&#215;662.jpg&#8221; title_text=&#8221;Abtei1&#8243; align=&#8221;center&#8221; force_fullwidth=&#8221;on&#8221; _builder_version=&#8221;4.19.5&#8243; _module_preset=&#8221;default&#8221; global_colors_info=&#8221;{}&#8221;][\/et_pb_image][\/et_pb_column][\/et_pb_row][et_pb_row column_structure=&#8221;3_5,2_5&#8243; _builder_version=&#8221;4.16.0&#8243; _module_preset=&#8221;default&#8221; global_colors_info=&#8221;{}&#8221;][et_pb_column type=&#8221;3_5&#8243; _builder_version=&#8221;4.16.0&#8243; _module_preset=&#8221;default&#8221; global_colors_info=&#8221;{}&#8221;][et_pb_text _builder_version=&#8221;4.19.2&#8243; _module_preset=&#8221;default&#8221; global_colors_info=&#8221;{}&#8221;]<\/p>\n<h3>Abtei Egmond<\/h3>\n<p>Im 10. Jahrhundert gr\u00fcndete Graf Dirk II. von Holland ein Kloster, das sich zu einer m\u00e4chtigen mittelalterlichen Abtei entwickelte: ein bedeutendes Zentrum f\u00fcr Gebet, Kunst und Kultur. M\u00f6nche schrieben hier B\u00fccher. Im Jahr 1573 wurde die Abtei von den Bettlern von Sonoy zerst\u00f6rt, um zu verhindern, dass sich der spanische Feind in der Abtei niederl\u00e4sst.<\/p>\n<p>Auch der Slot op den Hoef und andere Kirchen und gro\u00dfe Bauernh\u00f6fe gingen in Flammen auf. Jahrhundertelang standen die Ruinen in der Landschaft und die T\u00fcrme dienten immer noch als Leuchtfeuer f\u00fcr die Schifffahrt.<\/p>\n<p>Im Jahr 1935 wurde die Abtei wieder aufgebaut und 13 M\u00f6nche leben dort noch heute, anno 2010, fest entschlossen, die Abtei in Egmond noch lange zu erhalten. Deine Anwesenheit bei den Gottesdiensten in der Abteikirche sch\u00e4tzen sie besonders. Du kannst jederzeit einsteigen, auch wenn sie bereits begonnen haben.<\/p>\n<p>Die Abtei hat ihre eigene Website <a href=\"https:\/\/www.abdijvanegmond.nl\/\" target=\"_blank\" rel=\"noopener\">www.abdijvanegmond.nl<\/a><\/p>\n<p>[\/et_pb_text][\/et_pb_column][et_pb_column type=&#8221;2_5&#8243; _builder_version=&#8221;4.16.0&#8243; _module_preset=&#8221;default&#8221; global_colors_info=&#8221;{}&#8221;][et_pb_image src=&#8221;https:\/\/egmondonline.nl\/wp-content\/uploads\/447709.38cbfca.webp&#8221; alt=&#8221;Die Abtei Egmond birgt einzigartige Sch\u00e4tze&#8221; title_text=&#8221;Die Abtei Egmond birgt einzigartige Sch\u00e4tze&#8221; _builder_version=&#8221;4.16.0&#8243; _module_preset=&#8221;default&#8221; global_colors_info=&#8221;{}&#8221;][\/et_pb_image][\/et_pb_column][\/et_pb_row][et_pb_row column_structure=&#8221;1_2,1_2&#8243; _builder_version=&#8221;4.16&#8243; _module_preset=&#8221;default&#8221; global_colors_info=&#8221;{}&#8221;][et_pb_column type=&#8221;1_2&#8243; _builder_version=&#8221;4.16&#8243; _module_preset=&#8221;default&#8221; global_colors_info=&#8221;{}&#8221;][et_pb_code admin_label=&#8221;display advertentie google (onderheader)&#8221; _builder_version=&#8221;4.16&#8243; _module_preset=&#8221;default&#8221; global_colors_info=&#8221;{}&#8221;]<script async src=\"https:\/\/pagead2.googlesyndication.com\/pagead\/js\/adsbygoogle.js\"><\/script><!-- [et_pb_line_break_holder] --><!-- onderheader --><!-- [et_pb_line_break_holder] --><ins class=\"adsbygoogle\"<!-- [et_pb_line_break_holder] -->     style=&#8221;display:block&#8221;<!-- [et_pb_line_break_holder] -->     data-ad-client=&#8221;ca-pub-7620922414404467&#8243;<!-- [et_pb_line_break_holder] -->     data-ad-slot=&#8221;1991525980&#8243;<!-- [et_pb_line_break_holder] -->     data-ad-format=&#8221;auto&#8221;<!-- [et_pb_line_break_holder] -->     data-full-width-responsive=&#8221;true&#8221;><\/ins><!-- [et_pb_line_break_holder] --><script><!-- [et_pb_line_break_holder] -->     (adsbygoogle = window.adsbygoogle || []).push({});<!-- [et_pb_line_break_holder] --><\/script>[\/et_pb_code][\/et_pb_column][et_pb_column type=&#8221;1_2&#8243; _builder_version=&#8221;4.16&#8243; _module_preset=&#8221;default&#8221; global_colors_info=&#8221;{}&#8221;][et_pb_code admin_label=&#8221;display advertentie google (onderheader)&#8221; _builder_version=&#8221;4.16&#8243; _module_preset=&#8221;default&#8221; global_colors_info=&#8221;{}&#8221;]<script async src=\"https:\/\/pagead2.googlesyndication.com\/pagead\/js\/adsbygoogle.js\"><\/script><!-- [et_pb_line_break_holder] --><!-- onderheader --><!-- [et_pb_line_break_holder] --><ins class=\"adsbygoogle\"<!-- [et_pb_line_break_holder] -->     style=&#8221;display:block&#8221;<!-- [et_pb_line_break_holder] -->     data-ad-client=&#8221;ca-pub-7620922414404467&#8243;<!-- [et_pb_line_break_holder] -->     data-ad-slot=&#8221;1991525980&#8243;<!-- [et_pb_line_break_holder] -->     data-ad-format=&#8221;auto&#8221;<!-- [et_pb_line_break_holder] -->     data-full-width-responsive=&#8221;true&#8221;><\/ins><!-- [et_pb_line_break_holder] --><script><!-- [et_pb_line_break_holder] -->     (adsbygoogle = window.adsbygoogle || []).push({});<!-- [et_pb_line_break_holder] --><\/script>[\/et_pb_code][\/et_pb_column][\/et_pb_row][et_pb_row _builder_version=&#8221;4.16.0&#8243; _module_preset=&#8221;default&#8221; custom_padding=&#8221;||3px|||&#8221; global_colors_info=&#8221;{}&#8221;][et_pb_column type=&#8221;4_4&#8243; _builder_version=&#8221;4.16.0&#8243; _module_preset=&#8221;default&#8221; global_colors_info=&#8221;{}&#8221;][et_pb_code _builder_version=&#8221;4.16.0&#8243; _module_preset=&#8221;default&#8221; global_colors_info=&#8221;{}&#8221;][instagram-feed feed=5][\/et_pb_code][\/et_pb_column][\/et_pb_row][et_pb_row column_structure=&#8221;1_2,1_2&#8243; _builder_version=&#8221;4.16.0&#8243; _module_preset=&#8221;default&#8221; global_colors_info=&#8221;{}&#8221;][et_pb_column type=&#8221;1_2&#8243; _builder_version=&#8221;4.16.0&#8243; _module_preset=&#8221;default&#8221; global_colors_info=&#8221;{}&#8221;][et_pb_text _builder_version=&#8221;4.16.0&#8243; _module_preset=&#8221;default&#8221; global_colors_info=&#8221;{}&#8221;]<\/p>\n<h3>Was kannst du sonst noch in Egmond-Binnen finden?<\/h3>\n<div> <\/div>\n<ul>\n<li>Radfahren, Wandern oder Reiten in der Umgebung oder im D\u00fcnengebiet  <b> <\/b><\/li>\n<li>In der Dorfhalle, der Jakobsmuschel, finden regelm\u00e4\u00dfig Aktivit\u00e4ten statt.  <a href=\"http:\/\/www.deschulp.nl\/\" target=\"_blank\" rel=\"nofollow noopener noreferrer\">deschulp.co.uk<\/a><\/li>\n<li>Der Dorfverein <a href=\"http:\/\/dorpsbelangenegmondbinnen.nl\/\" target=\"_blank\" rel=\"nofollow noopener noreferrer\">Dorpsbelangenegmondbinnen.nl<\/a> setzt sich f\u00fcr Lebensqualit\u00e4t ein.<\/li>\n<li>Malereiverein Hallem. Drei Egmonder K\u00fcnstler auf <a href=\"http:\/\/hallem.nl\/\" target=\"_blank\" rel=\"nofollow noopener noreferrer\">hallem.de<\/a><\/li>\n<li>Egmond op zijn Kop:<b> <\/b>das dreit\u00e4gige Dorffest jedes Jahr Anfang August<b>.<\/b><\/li>\n<\/ul>\n<p>[\/et_pb_text][\/et_pb_column][et_pb_column type=&#8221;1_2&#8243; _builder_version=&#8221;4.16.0&#8243; _module_preset=&#8221;default&#8221; global_colors_info=&#8221;{}&#8221;][et_pb_image src=&#8221;https:\/\/egmondonline.nl\/wp-content\/uploads\/fietsen.jpg&#8221; title_text=&#8221;Fahrr\u00e4der&#8221; _builder_version=&#8221;4.16.0&#8243; _module_preset=&#8221;default&#8221; global_colors_info=&#8221;{}&#8221;][\/et_pb_image][\/et_pb_column][\/et_pb_row][et_pb_row _builder_version=&#8221;4.19.5&#8243; _module_preset=&#8221;default&#8221; global_colors_info=&#8221;{}&#8221;][et_pb_column type=&#8221;4_4&#8243; _builder_version=&#8221;4.19.5&#8243; _module_preset=&#8221;default&#8221; global_colors_info=&#8221;{}&#8221;][et_pb_text _builder_version=&#8221;4.19.5&#8243; _module_preset=&#8221;default&#8221; header_2_font_size=&#8221;50px&#8221; header_2_font_size_tablet=&#8221;36px&#8221; header_2_font_size_phone=&#8221;36px&#8221; header_2_font_size_last_edited=&#8221;on|desktop&#8221; global_colors_info=&#8221;{}&#8221;]<\/p>\n<h2 style=\"text-align: center;\">Blogbeitr\u00e4ge \u00fcber Egmond-Binnen<\/h2>\n<p>[\/et_pb_text][\/et_pb_column][\/et_pb_row][et_pb_row _builder_version=&#8221;4.19.5&#8243; _module_preset=&#8221;default&#8221; global_colors_info=&#8221;{}&#8221;][et_pb_column type=&#8221;4_4&#8243; _builder_version=&#8221;4.19.5&#8243; _module_preset=&#8221;default&#8221; global_colors_info=&#8221;{}&#8221;][et_pb_blog fullwidth=&#8221;off&#8221; include_categories=&#8221;1437&#8243; show_author=&#8221;off&#8221; _builder_version=&#8221;4.19.5&#8243; _module_preset=&#8221;default&#8221; read_more_text_color=&#8221;#0C71C3&#8243; read_more_font_size=&#8221;16px&#8221; hover_enabled=&#8221;0&#8243; border_radii=&#8221;on|5px|5px|5px|5px&#8221; box_shadow_style=&#8221;preset3&#8243; global_colors_info=&#8221;{}&#8221; show_more=&#8221;on&#8221; sticky_enabled=&#8221;0&#8243;][\/et_pb_blog][\/et_pb_column][\/et_pb_row][et_pb_row _builder_version=&#8221;4.19.4&#8243; _module_preset=&#8221;default&#8221; global_colors_info=&#8221;{}&#8221;][et_pb_column type=&#8221;4_4&#8243; _builder_version=&#8221;4.19.4&#8243; _module_preset=&#8221;default&#8221; global_colors_info=&#8221;{}&#8221;][et_pb_video_slider show_image_overlay=&#8221;on&#8221; _builder_version=&#8221;4.19.4&#8243; _module_preset=&#8221;default&#8221; global_colors_info=&#8221;{}&#8221;][et_pb_video_slider_item admin_title=&#8221;Paalzitten&#8221; src=&#8221;https:\/\/youtu.be\/QJICXSNy7CQ&#8221; _builder_version=&#8221;4.19.4&#8243; _module_preset=&#8221;default&#8221; global_colors_info=&#8221;{}&#8221; show_image_overlay=&#8221;on&#8221;][\/et_pb_video_slider_item][et_pb_video_slider_item admin_title=&#8221;Egmond Binnen: dronevlucht&#8221; src=&#8221;https:\/\/youtu.be\/FrfzkLSyXMg&#8221; _builder_version=&#8221;4.19.4&#8243; _module_preset=&#8221;default&#8221; global_colors_info=&#8221;{}&#8221; show_image_overlay=&#8221;on&#8221;][\/et_pb_video_slider_item][et_pb_video_slider_item admin_title=&#8221;Kermis&#8221; src=&#8221;https:\/\/youtu.be\/z8yU3sgd37M&#8221; _builder_version=&#8221;4.19.4&#8243; _module_preset=&#8221;default&#8221; global_colors_info=&#8221;{}&#8221; show_image_overlay=&#8221;on&#8221;][\/et_pb_video_slider_item][et_pb_video_slider_item admin_title=&#8221;scheldnamen bijnamen&#8221; src=&#8221;https:\/\/youtu.be\/gWLXUq-DvGs&#8221; _builder_version=&#8221;4.19.4&#8243; _module_preset=&#8221;default&#8221; global_colors_info=&#8221;{}&#8221; show_image_overlay=&#8221;on&#8221;][\/et_pb_video_slider_item][et_pb_video_slider_item admin_title=&#8221;Kloostermoppen voor Egmond Binnen&#8221; src=&#8221;https:\/\/youtu.be\/o-7zPbvrbMs&#8221; _builder_version=&#8221;4.19.4&#8243; _module_preset=&#8221;default&#8221; global_colors_info=&#8221;{}&#8221; show_image_overlay=&#8221;on&#8221;][\/et_pb_video_slider_item][\/et_pb_video_slider][\/et_pb_column][\/et_pb_row][et_pb_row _builder_version=&#8221;4.19.5&#8243; _module_preset=&#8221;default&#8221; global_colors_info=&#8221;{}&#8221;][et_pb_column type=&#8221;4_4&#8243; _builder_version=&#8221;4.19.5&#8243; _module_preset=&#8221;default&#8221; global_colors_info=&#8221;{}&#8221;][et_pb_text _builder_version=&#8221;4.19.5&#8243; _module_preset=&#8221;default&#8221; header_2_font=&#8221;||||||||&#8221; header_2_text_align=&#8221;center&#8221; header_2_font_size=&#8221;50px&#8221; hover_enabled=&#8221;0&#8243; header_2_font_size_tablet=&#8221;34px&#8221; header_2_font_size_phone=&#8221;26px&#8221; header_2_font_size_last_edited=&#8221;on|phone&#8221; header_2_text_shadow_style=&#8221;preset1&#8243; global_colors_info=&#8221;{}&#8221; sticky_enabled=&#8221;0&#8243;]<\/p>\n<h2 style=\"text-align: center;\">Radwege in Egmond-Binnen und Umgebung<\/h2>\n<p>[\/et_pb_text][et_pb_blog fullwidth=&#8221;off&#8221; include_categories=&#8221;1447&#8243; show_more=&#8221;on&#8221; show_author=&#8221;off&#8221; show_date=&#8221;off&#8221; _builder_version=&#8221;4.19.5&#8243; _module_preset=&#8221;default&#8221; read_more_text_color=&#8221;#0C71C3&#8243; read_more_font_size=&#8221;16px&#8221; hover_enabled=&#8221;0&#8243; border_radii=&#8221;on|5px|5px|5px|5px&#8221; box_shadow_style=&#8221;preset3&#8243; global_colors_info=&#8221;{}&#8221; sticky_enabled=&#8221;0&#8243;][\/et_pb_blog][\/et_pb_column][\/et_pb_row][\/et_pb_section]<\/p>\n","protected":false},"excerpt":{"rendered":"<p>Sch\u00f6nes lebendiges Dorf Egmond-Binnen ist ein h\u00fcbsches Dorf in einer weiten Landschaft, die einst von M\u00f6nchen gepr\u00e4gt wurde. Es gibt eine belebte Dorfstra\u00dfe mit Gesch\u00e4ften und ein paar gastronomischen Betrieben, aber es ist nicht touristisch. Das sch\u00f6ne D\u00fcnengebiet mit Rad-, Wander- und Reitwegen ist ganz in der N\u00e4he und dahinter liegt ein breiter und ruhiger [&hellip;]<\/p>\n","protected":false},"author":3,"featured_media":66478,"parent":71476,"menu_order":0,"comment_status":"open","ping_status":"closed","template":"","meta":{"_et_pb_use_builder":"on","_et_pb_old_content":"","_et_gb_content_width":"","footnotes":""},"class_list":["post-71512","page","type-page","status-publish","has-post-thumbnail","hentry"],"_links":{"self":[{"href":"https:\/\/egmondonline.nl\/de\/wp-json\/wp\/v2\/pages\/71512","targetHints":{"allow":["GET"]}}],"collection":[{"href":"https:\/\/egmondonline.nl\/de\/wp-json\/wp\/v2\/pages"}],"about":[{"href":"https:\/\/egmondonline.nl\/de\/wp-json\/wp\/v2\/types\/page"}],"author":[{"embeddable":true,"href":"https:\/\/egmondonline.nl\/de\/wp-json\/wp\/v2\/users\/3"}],"replies":[{"embeddable":true,"href":"https:\/\/egmondonline.nl\/de\/wp-json\/wp\/v2\/comments?post=71512"}],"version-history":[{"count":0,"href":"https:\/\/egmondonline.nl\/de\/wp-json\/wp\/v2\/pages\/71512\/revisions"}],"up":[{"embeddable":true,"href":"https:\/\/egmondonline.nl\/de\/wp-json\/wp\/v2\/pages\/71476"}],"wp:featuredmedia":[{"embeddable":true,"href":"https:\/\/egmondonline.nl\/de\/wp-json\/wp\/v2\/media\/66478"}],"wp:attachment":[{"href":"https:\/\/egmondonline.nl\/de\/wp-json\/wp\/v2\/media?parent=71512"}],"curies":[{"name":"wp","href":"https:\/\/api.w.org\/{rel}","templated":true}]}}