{"id":71498,"date":"2014-11-30T00:17:43","date_gmt":"2014-11-29T22:17:43","guid":{"rendered":"https:\/\/egmondonline.nl\/informationen-ueber-egmond-online\/"},"modified":"2023-04-15T20:22:22","modified_gmt":"2023-04-15T18:22:22","slug":"informationen-ueber-egmond-online","status":"publish","type":"page","link":"https:\/\/egmondonline.nl\/de\/informationen-ueber-egmond-online\/","title":{"rendered":"Informationen \u00fcber Egmond online"},"content":{"rendered":"<p>[et_pb_section fb_built=&#8221;1&#8243; admin_label=&#8221;section&#8221; _builder_version=&#8221;4.16&#8243; global_colors_info=&#8221;{}&#8221;][et_pb_row _builder_version=&#8221;4.19.4&#8243; _module_preset=&#8221;default&#8221; global_colors_info=&#8221;{}&#8221;][et_pb_column type=&#8221;4_4&#8243; _builder_version=&#8221;4.19.4&#8243; _module_preset=&#8221;default&#8221; global_colors_info=&#8221;{}&#8221;][et_pb_text _builder_version=&#8221;4.19.4&#8243; _module_preset=&#8221;default&#8221; global_colors_info=&#8221;{}&#8221;]<\/p>\n<p>Diese Website wird dir zur Verf\u00fcgung gestellt von: ERC Automation mit dem Ziel, dich \u00fcber die touristischen, sportlichen und freizeitlichen M\u00f6glichkeiten zu informieren, die <a href=\"https:\/\/egmondonline.de\/egmond-aan-zee\/\">Egmond aan Zee<\/a>, <a href=\"https:\/\/egmondonline.de\/egmond-aan-den-hoef\/\">Egmond aan den Hoef<\/a> und <a href=\"https:\/\/egmondonline.de\/egmond\/egmond-binnen\/\">Egmond-Binnen<\/a> dir zu bieten haben.<\/p>\n<p>Inhaltlich ist die Website von Egmond Online voll mit Webcams, Filmausschnitten, Fotos von damals und heute und allerlei anderen aktuellen Informationen. Zu den M\u00f6glichkeiten geh\u00f6ren ein Hotel<strong> <\/strong>Die Caf\u00e9s und viele Restaurants werden mit Informationen angezeigt, die manchmal von den Gesch\u00e4ftsinhabern selbst bereitgestellt werden. Aus den Informationen, die auf dieser Website oder ihren Ablegern bereitgestellt werden, k\u00f6nnen keine Rechte abgeleitet werden. Dies ist bereits die 6. Version von Egmondonline.nl, die erste wurde noch in HTML und Flash entwickelt. Die zweite im Websitebaker CMS und die aktuelle Version mit WordPress. Und die aktuelle Version mit <a href=\"https:\/\/www.sneleenwebsite.online\/divi-builder\/\">DIVI Builder<\/a>, f\u00fcr die eine spezielle Erweiterung entwickelt wurde, hei\u00dft jetzt Divi Extra.<\/p>\n<p>[\/et_pb_text][\/et_pb_column][\/et_pb_row][et_pb_row column_structure=&#8221;2_3,1_3&#8243; _builder_version=&#8221;4.19.4&#8243; _module_preset=&#8221;default&#8221; custom_padding=&#8221;||6px|||&#8221; global_colors_info=&#8221;{}&#8221;][et_pb_column type=&#8221;2_3&#8243; _builder_version=&#8221;4.19.4&#8243; _module_preset=&#8221;default&#8221; global_colors_info=&#8221;{}&#8221;][et_pb_text _builder_version=&#8221;4.19.4&#8243; _module_preset=&#8221;default&#8221; global_colors_info=&#8221;{}&#8221;]<\/p>\n<p>Egmondonline.nl l\u00e4uft seit 2021 im gr\u00fcnen Rechenzentrum von Contabo in Deutschland. Dar\u00fcber hinaus, <strong><br \/>\n  <a href=\"http:\/\/erc-automatisering.nl\/\" target=\"_blank\" rel=\"noopener\">ERC Automatisering<\/a><br \/>\n<\/strong> ein Spender f\u00fcr die Stiftung Historic Egmond. F\u00fcr die Geschichte von Egmond haben wir ihre Texte und die von Carla Kager verwendet. Wir sponsern auch die Stiftung Muskeln f\u00fcr Muskeln. Die Besucherzahlen von Egmondonline liegen zwischen 250.000 und 300.000 pro Jahr und machen Egmondonline zu einer perfekten Website f\u00fcr Werbetreibende in der Region.<\/p>\n<p>Die Gemeinde Bergen unterst\u00fctzt Egmondonline.nl Diese Website entstand aus einer Initiative von mir<a href=\"https:\/\/sneleenwebsite.online\">(Erik Reemst<\/a>), um zun\u00e4chst die Gesch\u00e4fte und das Gastgewerbe in Egmond zu f\u00f6rdern. So entstand vor 20 Jahren Egmondaanzee.biz, eine sehr erfolgreiche Website mit 80.000 Besuchern pro Jahr, die ohne Werbeausgaben, aber vollst\u00e4ndig von OV de Eendracht finanziert wird.<\/p>\n<p>2010 war es Zeit f\u00fcr eine neue Website f\u00fcr Egmond, so dachte OV. de Eendracht, und nach langem Gr\u00fcbeln kam ich auf den Namen Egmond Online schnell, einfach zu merken und passend, vor allem, weil die Eendracht nicht nur eine Egmond aan Zee Shop- und Catering-Website wollte, sondern ein echtes Portal f\u00fcr alle 3 Egmond-Gebiete die Farben wurden auf der Grundlage des Logos festgelegt und von Jorgen van Amstel vorgeschlagen.  <\/p>\n<p>[\/et_pb_text][\/et_pb_column][et_pb_column type=&#8221;1_3&#8243; _builder_version=&#8221;4.19.4&#8243; _module_preset=&#8221;default&#8221; global_colors_info=&#8221;{}&#8221;][et_pb_image src=&#8221;https:\/\/egmondonline.nl\/wp-content\/uploads\/20180622_170234-225&#215;300.jpg&#8221; title_text=&#8221;20180622_170234&#8243; align=&#8221;center&#8221; force_fullwidth=&#8221;on&#8221; _builder_version=&#8221;4.19.4&#8243; _module_preset=&#8221;default&#8221; global_colors_info=&#8221;{}&#8221;][\/et_pb_image][\/et_pb_column][\/et_pb_row][et_pb_row column_structure=&#8221;1_2,1_2&#8243; _builder_version=&#8221;4.19.4&#8243; _module_preset=&#8221;default&#8221; custom_padding=&#8221;||0px|||&#8221; global_colors_info=&#8221;{}&#8221;][et_pb_column type=&#8221;1_2&#8243; _builder_version=&#8221;4.19.4&#8243; _module_preset=&#8221;default&#8221; global_colors_info=&#8221;{}&#8221;][et_pb_text _builder_version=&#8221;4.19.4&#8243; _module_preset=&#8221;default&#8221; global_colors_info=&#8221;{}&#8221;]<\/p>\n<div class=\"wpb_text_column wpb_content_element \">\n<div class=\"wpb_wrapper\">\n<h3><strong>Die 3 Egmond<\/strong><\/h3>\n<p>Ich habe versucht, eine m\u00f6glichst vollst\u00e4ndige Website zu erstellen, auf der alle 3 Egmonds entsprechend ihrer Beliebtheit bei den Touristen vertreten sind, wobei Egmond aan Zee nat\u00fcrlich am wichtigsten ist.<\/p>\n<p>Aber auch alle Attraktionen von Egmond-Binnen und Egmond aan den Hoef werden mit ihren Events und Fotos ver\u00f6ffentlicht.<\/p>\n<\/div>\n<\/div>\n<div class=\"wpb_text_column wpb_content_element \">\n<div class=\"wpb_wrapper\">\n<h4><strong>Teilnehmen<\/strong><\/h4>\n<p>Wenn du denkst, dass du ein guter Journalist bist und gerne regelm\u00e4\u00dfig schreiben m\u00f6chtest, zum Beispiel in Form einer Kolumne und\/oder von Nachrichten, oder wenn du gut fotografieren kannst, bist du herzlich eingeladen, bei <b>Egmondonline<\/b>.nl mitzumachen. Du bekommst einen Login-Namen und einen Code und unter der Rubrik Nachrichten kannst du deine Beitr\u00e4ge lesen. Mehr Informationen? Bitte kontaktiere uns am Ende per E-Mail.<\/p>\n<\/div>\n<\/div>\n<p>[\/et_pb_text][\/et_pb_column][et_pb_column type=&#8221;1_2&#8243; _builder_version=&#8221;4.19.4&#8243; _module_preset=&#8221;default&#8221; global_colors_info=&#8221;{}&#8221;][et_pb_text _builder_version=&#8221;4.19.4&#8243; _module_preset=&#8221;default&#8221; global_colors_info=&#8221;{}&#8221;]<\/p>\n<h3><strong>Was Egmond Online bietet<\/strong><\/h3>\n<p>Die Website hat alles, was die 3 Egmonden zu bieten haben, und ich habe versucht, so viel wie m\u00f6glich an Egmond zu denken. <b>Egmondonline<\/b>.nl wird hoffentlich noch besser besucht und gefunden werden als Egmondaanzee.biz und daf\u00fcr brauchen wir deine Hilfe. Wenn du dich f\u00fcr die Egmonden interessierst oder ein Unternehmer in den 3 Egmonden bist, z\u00f6gere nicht, mich direkt \u00fcber das E-Mail-Formular am Ende dieser Seite zu kontaktieren. Wenn du eine Frage oder einen Kommentar hast, lass es mich bitte wissen!<\/p>\n<h4><strong>TUN, ERLEBEN, BESUCHEN<\/strong><\/h4>\n<p>Wenn du dich f\u00fcr sch\u00f6ne, vor allem historische Sehensw\u00fcrdigkeiten interessierst, dann solltest du unbedingt auf diese Men\u00fcauswahl klicken. Ich habe versucht, alle Sehensw\u00fcrdigkeiten, Aktivit\u00e4ten und Erlebnisse so umfassend und vollst\u00e4ndig wie m\u00f6glich zu beschreiben. Unterst\u00fctzt mit Videos und Bildern.<\/p>\n<p>[\/et_pb_text][\/et_pb_column][\/et_pb_row][et_pb_row admin_label=&#8221;row&#8221; _builder_version=&#8221;4.16&#8243; background_size=&#8221;initial&#8221; background_position=&#8221;top_left&#8221; background_repeat=&#8221;repeat&#8221; custom_padding=&#8221;5px|||||&#8221; global_colors_info=&#8221;{}&#8221;][et_pb_column type=&#8221;4_4&#8243; _builder_version=&#8221;4.16&#8243; custom_padding=&#8221;|||&#8221; global_colors_info=&#8221;{}&#8221; custom_padding__hover=&#8221;|||&#8221;][et_pb_text admin_label=&#8221;Text&#8221; _builder_version=&#8221;4.19.4&#8243; background_size=&#8221;initial&#8221; background_position=&#8221;top_left&#8221; background_repeat=&#8221;repeat&#8221; custom_margin=&#8221;3px|||||&#8221; global_colors_info=&#8221;{}&#8221;]<\/p>\n<h3><strong>Werbung<\/strong><br \/>Anders als bei Egmondaanzee.biz ist es m\u00f6glich, auf <b>Egmondonline<\/b>.nl zu werben, um die j\u00e4hrlichen Kosten f\u00fcr Hosting, Datenverkehr und Content Management zu decken<\/h3>\n<p>Projekte wie der Neujahrstauchgang werden organisiert, brauchen aber eine gute \u00d6ffentlichkeitsarbeit und <b>Egmondonline<\/b>.nl bietet diesbez\u00fcglich M\u00f6glichkeiten.<\/p>\n<p>Neue Unternehmer und Unternehmerinnen sind auf <b>Egmondonline<\/b> nat\u00fcrlich willkommen und wir k\u00f6nnen deinem Unternehmen mehr Aufmerksamkeit verschaffen. Wenn du ein einigerma\u00dfen guter Autor oder Fotograf bist oder gut Filme drehen und schneiden kannst und deinen Beitrag leisten m\u00f6chtest, bist du herzlich willkommen.<\/p>\n<p>[\/et_pb_text][\/et_pb_column][\/et_pb_row][\/et_pb_section]<\/p>\n","protected":false},"excerpt":{"rendered":"<p>Diese Website wird dir zur Verf\u00fcgung gestellt von: ERC Automation mit dem Ziel, dich \u00fcber die touristischen, sportlichen und freizeitlichen M\u00f6glichkeiten zu informieren, die Egmond aan Zee, Egmond aan den Hoef und Egmond-Binnen dir zu bieten haben. Inhaltlich ist die Website von Egmond Online voll mit Webcams, Filmausschnitten, Fotos von damals und heute und allerlei [&hellip;]<\/p>\n","protected":false},"author":3,"featured_media":66926,"parent":0,"menu_order":0,"comment_status":"open","ping_status":"closed","template":"","meta":{"_et_pb_use_builder":"on","_et_pb_old_content":"","_et_gb_content_width":"","footnotes":""},"class_list":["post-71498","page","type-page","status-publish","has-post-thumbnail","hentry"],"_links":{"self":[{"href":"https:\/\/egmondonline.nl\/de\/wp-json\/wp\/v2\/pages\/71498","targetHints":{"allow":["GET"]}}],"collection":[{"href":"https:\/\/egmondonline.nl\/de\/wp-json\/wp\/v2\/pages"}],"about":[{"href":"https:\/\/egmondonline.nl\/de\/wp-json\/wp\/v2\/types\/page"}],"author":[{"embeddable":true,"href":"https:\/\/egmondonline.nl\/de\/wp-json\/wp\/v2\/users\/3"}],"replies":[{"embeddable":true,"href":"https:\/\/egmondonline.nl\/de\/wp-json\/wp\/v2\/comments?post=71498"}],"version-history":[{"count":0,"href":"https:\/\/egmondonline.nl\/de\/wp-json\/wp\/v2\/pages\/71498\/revisions"}],"wp:featuredmedia":[{"embeddable":true,"href":"https:\/\/egmondonline.nl\/de\/wp-json\/wp\/v2\/media\/66926"}],"wp:attachment":[{"href":"https:\/\/egmondonline.nl\/de\/wp-json\/wp\/v2\/media?parent=71498"}],"curies":[{"name":"wp","href":"https:\/\/api.w.org\/{rel}","templated":true}]}}