{"id":71490,"date":"2022-02-24T00:05:08","date_gmt":"2022-02-23T22:05:08","guid":{"rendered":"https:\/\/egmondonline.nl\/egmond\/kommune-bergen\/"},"modified":"2023-10-23T00:17:20","modified_gmt":"2023-10-22T22:17:20","slug":"kommune-bergen","status":"publish","type":"page","link":"https:\/\/egmondonline.nl\/de\/egmond\/kommune-bergen\/","title":{"rendered":"Kommune Bergen"},"content":{"rendered":"<p>[et_pb_section fb_built=&#8221;1&#8243; admin_label=&#8221;section&#8221; _builder_version=&#8221;4.16.0&#8243; custom_padding=&#8221;||||false|false&#8221; global_colors_info=&#8221;{}&#8221;][et_pb_row column_structure=&#8221;1_2,1_2&#8243; _builder_version=&#8221;4.19.4&#8243; _module_preset=&#8221;default&#8221; custom_padding=&#8221;2px||3px|||&#8221; global_colors_info=&#8221;{}&#8221;][et_pb_column type=&#8221;1_2&#8243; _builder_version=&#8221;4.19.4&#8243; _module_preset=&#8221;default&#8221; global_colors_info=&#8221;{}&#8221;][et_pb_text _builder_version=&#8221;4.19.4&#8243; _module_preset=&#8221;default&#8221; global_colors_info=&#8221;{}&#8221;]<\/p>\n<h2><strong>Kommune Bergen<\/strong><\/h2>\n<p>Bergen, Egmond aan Zee, Egmond aan den Hoef, Egmond-Binnen und Schoorl sind D\u00f6rfer in Nordholland. Diese D\u00f6rfer wurden nach der Fusion im Jahr 2001 zusammengelegt und sind nun unter dem Namen <strong>Gemeinde Bergen<\/strong> zusammengefasst.<\/p>\n<p>Die Gemeinde Bergen ist die gr\u00f6\u00dfte Stadt der Region und ein wichtiges Touristenzentrum mit vielen Gesch\u00e4ften, Restaurants und Freizeitm\u00f6glichkeiten sowie einer 18 km langen K\u00fcste.<\/p>\n<p>[\/et_pb_text][et_pb_text _builder_version=&#8221;4.19.4&#8243; _module_preset=&#8221;default&#8221; global_colors_info=&#8221;{}&#8221;]<\/p>\n<h2>Drei Egmonds<\/h2>\n<p>Egmond aan Zee ist vor allem f\u00fcr seine sch\u00f6nen Str\u00e4nde, D\u00fcnen und den historischen Fisherman&#8217;s Day bekannt. Egmond aan den Hoef ist vor allem f\u00fcr seine sch\u00f6ne Natur, das historische Schloss und die f\u00fcr die nordholl\u00e4ndische Landschaft charakteristischen k\u00e4sedeckten Bauernh\u00e4user bekannt. Egmond-Binnen ist vor allem f\u00fcr die \u00e4lteste Abtei der Niederlande, die St. Adelbertus-Abtei, und seine farbenfrohen Zwiebelfelder im Fr\u00fchling bekannt.<\/p>\n<p>[\/et_pb_text][et_pb_text _builder_version=&#8221;4.19.4&#8243; _module_preset=&#8221;default&#8221; global_colors_info=&#8221;{}&#8221;]<\/p>\n<h3>Schoorl<\/h3>\n<p>Das D\u00fcnen-Dorf Schoorl ist seit dem sp\u00e4ten 19. Jahrhundert als Touristendorf bekannt. Bereits im fr\u00fchen 20. Jahrhundert wurden auf vielen Hinterh\u00f6fen Ferienh\u00e4user f\u00fcr die Sommervermietung gebaut, und heute gibt es mehrere Ferienparks und Hotels.<\/p>\n<p>[\/et_pb_text][\/et_pb_column][et_pb_column type=&#8221;1_2&#8243; _builder_version=&#8221;4.19.4&#8243; _module_preset=&#8221;default&#8221; global_colors_info=&#8221;{}&#8221;][et_pb_image src=&#8221;https:\/\/egmondonline.nl\/wp-content\/uploads\/2014\/10\/Bergen-nh_wapen-300&#215;212.png&#8221; title_text=&#8221;Bergen-nh_arm&#8221; align=&#8221;center&#8221; _builder_version=&#8221;4.19.4&#8243; _module_preset=&#8221;default&#8221; global_colors_info=&#8221;{}&#8221;][\/et_pb_image][et_pb_video src=&#8221;https:\/\/youtu.be\/3LKVuP6Zurw&#8221; _builder_version=&#8221;4.19.4&#8243; _module_preset=&#8221;default&#8221; global_colors_info=&#8221;{}&#8221;][\/et_pb_video][\/et_pb_column][\/et_pb_row][et_pb_row _builder_version=&#8221;4.19.4&#8243; _module_preset=&#8221;default&#8221; custom_padding=&#8221;15px||11px|||&#8221; global_colors_info=&#8221;{}&#8221;][et_pb_column type=&#8221;4_4&#8243; _builder_version=&#8221;4.19.4&#8243; _module_preset=&#8221;default&#8221; global_colors_info=&#8221;{}&#8221;][et_pb_text _builder_version=&#8221;4.19.4&#8243; _module_preset=&#8221;default&#8221; header_3_font_size=&#8221;26px&#8221; global_colors_info=&#8221;{}&#8221;]<\/p>\n<h3>Wintermonate<\/h3>\n<p>In den Wintermonaten w\u00fcrde ich pers\u00f6nlich einen Besuch in Egmond-Binnen empfehlen, um die wundersch\u00f6ne Umgebung und die reiche Geschichte der Abtei Egmond zu genie\u00dfen. In den Wintermonaten finden in der Gegend auch oft gem\u00fctliche Weihnachtsm\u00e4rkte statt, auf denen du dich mit leckeren Snacks und Getr\u00e4nken vergn\u00fcgen kannst. <a href=\"https:\/\/egmondonline.nl\/de\/egmond\/egmond-aan-zee\/\"><br \/>\n  <strong>Egmond aan Zee<\/strong><br \/>\n<\/a> ist nach wie vor das attraktivste Dorfzentrum mit einem richtigen Gastronomieplatz und mehreren ganzj\u00e4hrig ge\u00f6ffneten Strandpavillons.<\/p>\n<p>[\/et_pb_text][\/et_pb_column][\/et_pb_row][et_pb_row column_structure=&#8221;1_2,1_2&#8243; admin_label=&#8221;row&#8221; _builder_version=&#8221;4.16&#8243; background_size=&#8221;initial&#8221; background_position=&#8221;top_left&#8221; background_repeat=&#8221;repeat&#8221; global_colors_info=&#8221;{}&#8221;][et_pb_column type=&#8221;1_2&#8243; _builder_version=&#8221;4.16&#8243; custom_padding=&#8221;|||&#8221; global_colors_info=&#8221;{}&#8221; custom_padding__hover=&#8221;|||&#8221;][et_pb_text admin_label=&#8221;Text&#8221; _builder_version=&#8221;4.19.4&#8243; header_3_font_size=&#8221;26px&#8221; background_size=&#8221;initial&#8221; background_position=&#8221;top_left&#8221; background_repeat=&#8221;repeat&#8221; global_colors_info=&#8221;{}&#8221;]<\/p>\n<h3>Dorfzentrum von Bergen<\/h3>\n<p>Wer in das Dorf Bergen f\u00e4hrt, wei\u00df es sofort: Dieses Dorf ist etwas Besonderes. Die wundersch\u00f6ne Lage inmitten von W\u00e4ldern und D\u00fcnen, nahe am Meer, verleiht Bergen eine fast mystische Aura. Das gilt auch f\u00fcr die vielen K\u00fcnstler, die hier seit Jahren leben. Das Licht, der Platz und die gr\u00fcnen Alleen inspirieren sie immer noch zu vielen sch\u00f6nen Dingen.<\/p>\n<p>Rund um die auff\u00e4llige Kirchenruine findest du zahlreiche Boutiquen, Terrassen und einladende Restaurants. Und um die Ecke kannst du mit dem Fahrrad oder zu Fu\u00df direkt in das D\u00fcnenreservat fahren.<\/p>\n<p>[\/et_pb_text][et_pb_text _builder_version=&#8221;4.19.4&#8243; _module_preset=&#8221;default&#8221; global_colors_info=&#8221;{}&#8221;]<\/p>\n<h2>In und um Egmond (Gemeinde Bergen)<\/h2>\n<p>Die Nordseek\u00fcste rund um Egmond bietet viel Abwechslung. Die Landschaft ist eindeutig eine K\u00fcstenlandschaft mit viel Meer, Strand und D\u00fcnen. Hinter der D\u00fcnenlinie findest du viele Zwiebelfelder und Polder.<\/p>\n<p>Egmond liegt in einem K\u00fcstengebiet, das sich von Wijk aan Zee bis Camperduin erstreckt. Dazwischen findest du ein besonders sch\u00f6nes D\u00fcnengebiet. Sowohl mit dem Fahrrad als auch zu Fu\u00df kannst du hier sehr angenehme Stunden verbringen. In der N\u00e4he von Castricum (etwa 8 Kilometer von Egmond entfernt) befindet sich das Besucherzentrum &#8220;de Hoep&#8221;. Hier gibt der PWN einen \u00dcberblick \u00fcber das D\u00fcnenmanagement, die Flora und Fauna des Gebiets und die Wassergewinnung.<\/p>\n<p>[\/et_pb_text][et_pb_code _builder_version=&#8221;4.16.0&#8243; _module_preset=&#8221;default&#8221; global_colors_info=&#8221;{}&#8221;]<script async src=\"https:\/\/pagead2.googlesyndication.com\/pagead\/js\/adsbygoogle.js\"><\/script><!-- [et_pb_line_break_holder] --><!-- onderheader --><!-- [et_pb_line_break_holder] --><ins class=\"adsbygoogle\"<!-- [et_pb_line_break_holder] -->     style=&#8221;display:block&#8221;<!-- [et_pb_line_break_holder] -->     data-ad-client=&#8221;ca-pub-7620922414404467&#8243;<!-- [et_pb_line_break_holder] -->     data-ad-slot=&#8221;1991525980&#8243;<!-- [et_pb_line_break_holder] -->     data-ad-format=&#8221;auto&#8221;<!-- [et_pb_line_break_holder] -->     data-full-width-responsive=&#8221;true&#8221;><\/ins><!-- [et_pb_line_break_holder] --><script><!-- [et_pb_line_break_holder] -->     (adsbygoogle = window.adsbygoogle || []).push({});<!-- [et_pb_line_break_holder] --><\/script>[\/et_pb_code][\/et_pb_column][et_pb_column type=&#8221;1_2&#8243; _builder_version=&#8221;4.16&#8243; custom_padding=&#8221;|||&#8221; global_colors_info=&#8221;{}&#8221; custom_padding__hover=&#8221;|||&#8221;][et_pb_text _builder_version=&#8221;4.19.4&#8243; _module_preset=&#8221;default&#8221; header_font_size=&#8221;40px&#8221; header_2_font_size=&#8221;30px&#8221; global_colors_info=&#8221;{}&#8221;]<\/p>\n<h2 style=\"text-align: center;\">Webcam Bergen aan Zee<\/h2>\n<p>[\/et_pb_text][et_pb_code _builder_version=&#8221;4.19.4&#8243; _module_preset=&#8221;default&#8221; module_alignment=&#8221;center&#8221; global_colors_info=&#8221;{}&#8221;]<iframe loading=\"lazy\" name=\"\" src=\"https:\/\/live.netcamviewer.nl\/Bergen-aan-Zee\/722\" frameborder=\"0\" scrolling=\"no\" width=\"100%\" height=\"400\" onload=\"iFrameHeight()\" id=\"blockrandom\" class=\"wrapper\" style=\"height: 400px;\"><\/iframe>[\/et_pb_code][\/et_pb_column][\/et_pb_row][et_pb_row _builder_version=&#8221;4.16.0&#8243; _module_preset=&#8221;default&#8221; global_colors_info=&#8221;{}&#8221;][et_pb_column type=&#8221;4_4&#8243; _builder_version=&#8221;4.16.0&#8243; _module_preset=&#8221;default&#8221; global_colors_info=&#8221;{}&#8221;][et_pb_text _builder_version=&#8221;4.19.4&#8243; _module_preset=&#8221;default&#8221; global_colors_info=&#8221;{}&#8221;]<\/p>\n<h3>Geschichte<\/h3>\n<p>Seit etwa 1900 ist Bergen ein K\u00fcnstlerdorf, das viele Maler, Schriftsteller und Architekten angezogen hat. Das <a title=\"Kranenburgh Museum\" href=\"https:\/\/nl.wikipedia.org\/wiki\/Museum_Kranenburgh\">Kranenburgh Museum<\/a> in Bergen beherbergt eine Sammlung von Kunstwerken der <a title=\"Bergen Schule\" href=\"https:\/\/nl.wikipedia.org\/wiki\/Bergense_School\">Bergener Schule<\/a>. Das Villenviertel <a title=\"Park Meerwijk\" href=\"https:\/\/nl.wikipedia.org\/wiki\/Park_Meerwijk\">Park Meerwijk<\/a> wurde zwischen 1915 und 1918 ganz im Stil der <a title=\"Amsterdamer Schule (Architekturstil)\" href=\"https:\/\/nl.wikipedia.org\/wiki\/Amsterdamse_School_(bouwstijl)\">Amsterdamer Schule<\/a> gebaut. Am <a title=\"Buerweg\" href=\"https:\/\/nl.wikipedia.org\/wiki\/Buerweg\">Buerweg<\/a> haben prominente K\u00fcnstler gelebt. In Bergen gibt es regelm\u00e4\u00dfig Kunstm\u00e4rkte, j\u00e4hrliche Musikfestivals (die <a class=\"new\" title=\"Holland Music Sessions (die Seite existiert nicht)\" href=\"https:\/\/nl.wikipedia.org\/w\/index.php?title=Holland_Music_Sessions&amp;action=edit&amp;redlink=1\">Holland Music Sessions<\/a> im August und Jazz &amp; Sail am ersten Wochenende im September) und ein j\u00e4hrliches Kunstfestival (die Kunst10daagse im Oktober).<\/p>\n<p>In Bergen befindet sich auch der ehemalige Wohnsitz von <a title=\"Adriaan Roland Holst\" href=\"https:\/\/nl.wikipedia.org\/wiki\/Adriaan_Roland_Holst\">Adriaan Roland Holst<\/a> (1888-1976), dem <i>&#8220;Prinz der niederl\u00e4ndischen Dichter&#8221;<\/i>. Er lebte dort von 1918 bis zu seinem Tod im Jahr 1976. Seit 2002 wird das <i>A. Roland Holsthuis<\/i> in Nesdijk abwechselnd von verschiedenen Schriftstellern und Dichtern bewohnt, die dort oft ihren neuen Werken den letzten Schliff geben, um sie zu ver\u00f6ffentlichen.<\/p>\n<p>Es gibt auch zwei Polderm\u00fchlen in der N\u00e4he von Bergen, eine am Meerweg und die andere am Voert. Die am Meerweg ist die <a title=\"Damland M\u00fchle\" href=\"https:\/\/nl.wikipedia.org\/wiki\/Damlandermolen\">Damlandermolen<\/a> aus der Zeit um 1700. Die andere M\u00fchle steht am Stadtrand von Bergen, im Polder Philisteinse bei <a title=\"Der Wald (Weiler)\" href=\"https:\/\/nl.wikipedia.org\/wiki\/Het_Woud_(buurtschap)\">Het Woud<\/a>. Die M\u00fchle tr\u00e4gt den Namen <i><br \/>\n  <a title=\"Philisterm\u00fchle\" href=\"https:\/\/nl.wikipedia.org\/wiki\/Philisteinse_Molen\">Philistein-M\u00fchle<\/a><br \/>\n<\/i> und stammt aus dem Jahr 1897.<\/p>\n<p>[\/et_pb_text][\/et_pb_column][\/et_pb_row][et_pb_row _builder_version=&#8221;4.16.0&#8243; _module_preset=&#8221;default&#8221; global_colors_info=&#8221;{}&#8221;][et_pb_column type=&#8221;4_4&#8243; _builder_version=&#8221;4.16.0&#8243; _module_preset=&#8221;default&#8221; global_colors_info=&#8221;{}&#8221;][et_pb_code _builder_version=&#8221;4.16.0&#8243; _module_preset=&#8221;default&#8221; global_colors_info=&#8221;{}&#8221;]<script async src=\"https:\/\/pagead2.googlesyndication.com\/pagead\/js\/adsbygoogle.js\"><\/script><!-- [et_pb_line_break_holder] --><!-- onderheader --><!-- [et_pb_line_break_holder] --><ins class=\"adsbygoogle\"<!-- [et_pb_line_break_holder] -->     style=&#8221;display:block&#8221;<!-- [et_pb_line_break_holder] -->     data-ad-client=&#8221;ca-pub-7620922414404467&#8243;<!-- [et_pb_line_break_holder] -->     data-ad-slot=&#8221;1991525980&#8243;<!-- [et_pb_line_break_holder] -->     data-ad-format=&#8221;auto&#8221;<!-- [et_pb_line_break_holder] -->     data-full-width-responsive=&#8221;true&#8221;><\/ins><!-- [et_pb_line_break_holder] --><script><!-- [et_pb_line_break_holder] -->     (adsbygoogle = window.adsbygoogle || []).push({});<!-- [et_pb_line_break_holder] --><\/script>[\/et_pb_code][\/et_pb_column][\/et_pb_row][et_pb_row _builder_version=&#8221;4.16.0&#8243; _module_preset=&#8221;default&#8221; global_colors_info=&#8221;{}&#8221;][et_pb_column type=&#8221;4_4&#8243; _builder_version=&#8221;4.16.0&#8243; _module_preset=&#8221;default&#8221; global_colors_info=&#8221;{}&#8221;][et_pb_video src=&#8221;https:\/\/youtu.be\/eaNkm4idAzA&#8221; _builder_version=&#8221;4.16.0&#8243; _module_preset=&#8221;default&#8221; global_colors_info=&#8221;{}&#8221;][\/et_pb_video][et_pb_text _builder_version=&#8221;4.16.0&#8243; _module_preset=&#8221;default&#8221; global_colors_info=&#8221;{}&#8221;]<\/p>\n<p>Weitere Attraktionen in der Gemeinde Bergen sind das Zeeaquarium (Bergen aan Zee), das <a class=\"new\" title=\"Auto Union Museum (die Seite existiert nicht)\" href=\"https:\/\/nl.wikipedia.org\/w\/index.php?title=Auto_Union_Museum&amp;action=edit&amp;redlink=1\">Auto Union Museum<\/a> mit einer Sammlung von Oldtimern, das <a title=\"Kranenburgh Museum\" href=\"https:\/\/nl.wikipedia.org\/wiki\/Museum_Kranenburgh\">Museum Kranenburgh<\/a> f\u00fcr bildende Kunst und die historischen Museen Het Sterkenhuis (Bergen) und das Museum van Egmond<a title=\"Egmond aan Zee\" href=\"https:\/\/egmondonline.nl\/de\/egmond\/egmond-aan-zee\/\">(Egmond aan Zee<\/a>). Der erste Mittwoch im August ist in Bergen der traditionelle Lichterabend, an dem die Bewohner ihre G\u00e4rten mit Lichtern schm\u00fccken.<\/p>\n<p>N\u00f6rdlich des Dorfes Bergen liegen die <a title=\"Schoorl D\u00fcnen\" href=\"https:\/\/nl.wikipedia.org\/wiki\/Schoorlse_Duinen\">Schoorl-D\u00fcnen<\/a>. Dieses riesige Naturschutzgebiet hat die h\u00f6chsten und breitesten D\u00fcnen der Niederlande. An manchen Stellen sind die D\u00fcnen bis zu f\u00fcnf Kilometer breit. In der Mitte des Gebiets liegt <a title=\"Der Kerf\" href=\"https:\/\/nl.wikipedia.org\/wiki\/De_Kerf\">De Kerf<\/a>, ein einzigartiges Brackwassergebiet, das entstand, nachdem 1997 eine \u00d6ffnung in die D\u00fcnenreihe gegraben wurde, durch die bei Flut Meerwasser einstr\u00f6mt.<\/p>\n<p>Das Rathaus von Bergen befindet sich au\u00dferhalb der Gemeinde, im benachbarten Alkmaar. F\u00fcr einen kleinen Shopaholic sind die &#8220;Delight&#8221;-Berge der Himmel auf Erden. F\u00fcr ein kleines Dorf gibt es hier wirklich unglaublich viele tolle Gesch\u00e4fte. Von den trendigsten Bekleidungsboutiquen \u00fcber stilvolle Einrichtungsgesch\u00e4fte bis hin zum Hema.<\/p>\n<p>Im Kern von Bergen bestimmen Elemente aus Kunst, Kultur und Kulturgeschichte die Atmosph\u00e4re des Dorfes. National und international bekannte Veranstaltungen wie der Art 10-Tag, die Holland Music Sessions, der Abend der Lichter, der Sommerkunstmarkt und die Messe ziehen jedes Jahr Besucherstr\u00f6me in dieses sch\u00f6ne Dorf.<\/p>\n<p>Au\u00dferdem gibt es Museen und Galerien, ein K\u00fcnstlerzentrum, die alte Kirchenruine, mehrere sch\u00f6ne Caf\u00e9s und Restaurants mit gem\u00fctlichen Terrassen, nette Boutiquen und die Kunstskipiste. Kurz gesagt, genug Zutaten f\u00fcr einen unterhaltsamen, verkleideten und kulturell reichhaltigen Tagesausflug.<\/p>\n<p>[\/et_pb_text][et_pb_code admin_label=&#8221;Instagram&#8221; _builder_version=&#8221;4.23&#8243; _module_preset=&#8221;default&#8221; hover_enabled=&#8221;0&#8243; global_colors_info=&#8221;{}&#8221; sticky_enabled=&#8221;0&#8243;][instagram-feed feed=6][\/et_pb_code][\/et_pb_column][\/et_pb_row][et_pb_row _builder_version=&#8221;4.19.5&#8243; _module_preset=&#8221;default&#8221; global_colors_info=&#8221;{}&#8221;][et_pb_column type=&#8221;4_4&#8243; _builder_version=&#8221;4.19.5&#8243; _module_preset=&#8221;default&#8221; global_colors_info=&#8221;{}&#8221;][et_pb_text _builder_version=&#8221;4.19.5&#8243; _module_preset=&#8221;default&#8221; header_2_text_align=&#8221;center&#8221; header_2_font_size=&#8221;50px&#8221; header_2_text_shadow_style=&#8221;preset1&#8243; global_colors_info=&#8221;{}&#8221;]<\/p>\n<h2 style=\"text-align: center;\">BLOG Beitr\u00e4ge aus dem  <br \/>Region und Gemeinde Bergen<\/h2>\n<p>[\/et_pb_text][\/et_pb_column][\/et_pb_row][et_pb_row _builder_version=&#8221;4.19.5&#8243; _module_preset=&#8221;default&#8221; global_colors_info=&#8221;{}&#8221;][et_pb_column type=&#8221;4_4&#8243; _builder_version=&#8221;4.19.5&#8243; _module_preset=&#8221;default&#8221; global_colors_info=&#8221;{}&#8221;][et_pb_blog fullwidth=&#8221;off&#8221; posts_number=&#8221;20&#8243; include_categories=&#8221;129,141&#8243; show_more=&#8221;on&#8221; show_author=&#8221;off&#8221; show_date=&#8221;off&#8221; _builder_version=&#8221;4.19.5&#8243; _module_preset=&#8221;default&#8221; read_more_text_color=&#8221;#0C71C3&#8243; read_more_font_size=&#8221;16px&#8221; border_radii_image=&#8221;on|5px|5px|5px|5px&#8221; box_shadow_style=&#8221;preset3&#8243; box_shadow_style_image=&#8221;preset3&#8243; global_colors_info=&#8221;{}&#8221;][\/et_pb_blog][\/et_pb_column][\/et_pb_row][\/et_pb_section]<\/p>\n","protected":false},"excerpt":{"rendered":"<p>Kommune Bergen Bergen, Egmond aan Zee, Egmond aan den Hoef, Egmond-Binnen und Schoorl sind D\u00f6rfer in Nordholland. Diese D\u00f6rfer wurden nach der Fusion im Jahr 2001 zusammengelegt und sind nun unter dem Namen Gemeinde Bergen zusammengefasst. Die Gemeinde Bergen ist die gr\u00f6\u00dfte Stadt der Region und ein wichtiges Touristenzentrum mit vielen Gesch\u00e4ften, Restaurants und Freizeitm\u00f6glichkeiten [&hellip;]<\/p>\n","protected":false},"author":3,"featured_media":0,"parent":71476,"menu_order":0,"comment_status":"open","ping_status":"closed","template":"","meta":{"_et_pb_use_builder":"on","_et_pb_old_content":"","_et_gb_content_width":"","footnotes":""},"class_list":["post-71490","page","type-page","status-publish","hentry"],"_links":{"self":[{"href":"https:\/\/egmondonline.nl\/de\/wp-json\/wp\/v2\/pages\/71490","targetHints":{"allow":["GET"]}}],"collection":[{"href":"https:\/\/egmondonline.nl\/de\/wp-json\/wp\/v2\/pages"}],"about":[{"href":"https:\/\/egmondonline.nl\/de\/wp-json\/wp\/v2\/types\/page"}],"author":[{"embeddable":true,"href":"https:\/\/egmondonline.nl\/de\/wp-json\/wp\/v2\/users\/3"}],"replies":[{"embeddable":true,"href":"https:\/\/egmondonline.nl\/de\/wp-json\/wp\/v2\/comments?post=71490"}],"version-history":[{"count":0,"href":"https:\/\/egmondonline.nl\/de\/wp-json\/wp\/v2\/pages\/71490\/revisions"}],"up":[{"embeddable":true,"href":"https:\/\/egmondonline.nl\/de\/wp-json\/wp\/v2\/pages\/71476"}],"wp:attachment":[{"href":"https:\/\/egmondonline.nl\/de\/wp-json\/wp\/v2\/media?parent=71490"}],"curies":[{"name":"wp","href":"https:\/\/api.w.org\/{rel}","templated":true}]}}