{"id":71476,"date":"2020-10-25T12:47:08","date_gmt":"2020-10-25T10:47:08","guid":{"rendered":"https:\/\/egmondonline.nl\/egmond\/"},"modified":"2026-01-14T01:11:05","modified_gmt":"2026-01-13T23:11:05","slug":"egmond","status":"publish","type":"page","link":"https:\/\/egmondonline.nl\/de\/egmond\/","title":{"rendered":"Egmond"},"content":{"rendered":"<p>[et_pb_section fb_built=&#8221;1&#8243; _builder_version=&#8221;4.16&#8243; custom_padding=&#8221;||2px|||&#8221; global_colors_info=&#8221;{}&#8221;][et_pb_row _builder_version=&#8221;4.16&#8243; background_size=&#8221;initial&#8221; background_position=&#8221;top_left&#8221; background_repeat=&#8221;repeat&#8221; custom_padding=&#8221;||6px|||&#8221; global_colors_info=&#8221;{}&#8221;][et_pb_column type=&#8221;4_4&#8243; _builder_version=&#8221;4.16&#8243; custom_padding=&#8221;|||&#8221; global_colors_info=&#8221;{}&#8221; custom_padding__hover=&#8221;|||&#8221;][et_pb_image _builder_version=&#8221;4.20.4&#8243; _module_preset=&#8221;default&#8221; alt=&#8221;Egmond auf See&#8221; title_text=&#8221;Egmond auf See&#8221; src=&#8221;https:\/\/egmondonline.nl\/wp-content\/uploads\/318663350_5768151783250689_973237621128560540_n-e1681530093362.jpg&#8221; hover_enabled=&#8221;0&#8243; sticky_enabled=&#8221;0&#8243;][\/et_pb_image][et_pb_text _builder_version=&#8221;4.20.4&#8243; background_size=&#8221;initial&#8221; background_position=&#8221;top_left&#8221; background_repeat=&#8221;repeat&#8221; hover_enabled=&#8221;0&#8243; global_colors_info=&#8221;{}&#8221; sticky_enabled=&#8221;0&#8243;]<\/p>\n<p>Egmond besteht aus drei D\u00f6rfern: <a title=\"Egmond aan Zee\" href=\"http:\/\/egmondonline.nl\/3-egmonden\/egmond-aan-zee\/\"><br \/>\n  <strong>Egmond aan Zee<\/strong><br \/>\n<\/a>, <a title=\"Egmond aan de Hoef\" href=\"https:\/\/egmondonline.nl\/3-egmonden\/egmond-aan-den-hoef\/\"><br \/>\n  <strong>Egmond aan den Hoef<\/strong><br \/>\n<\/a> und <a title=\"Egmond Binnen\" href=\"http:\/\/egmondonline.nl\/3-egmonden\/egmond-binnen\/\"><br \/>\n  <strong>Egmond-Binnen<\/strong><br \/>\n<\/a>. Egmond aan Zee hat eine Geschichte als Fischerdorf, das sich im fr\u00fchen <sup>19<\/sup>. Jahrhundert zunehmend zu einem sch\u00f6nen Urlaubsort entwickelte.<\/p>\n<p>Es ist immer noch ein gem\u00fctlicher Familienbadeort, in dem sich Jung und Alt wohlf\u00fchlen, in dem es lebhaft zugeht, aber die Ruhe der Natur immer in der N\u00e4he ist. In der Gegend gibt es viele sch\u00f6ne kleine Freizeiteinrichtungen.<\/p>\n<p>[\/et_pb_text][\/et_pb_column][\/et_pb_row][et_pb_row column_structure=&#8221;1_2,1_2&#8243; _builder_version=&#8221;4.19.4&#8243; _module_preset=&#8221;default&#8221; custom_padding=&#8221;8px|||||&#8221; global_colors_info=&#8221;{}&#8221;][et_pb_column type=&#8221;1_2&#8243; _builder_version=&#8221;4.19.4&#8243; _module_preset=&#8221;default&#8221; global_colors_info=&#8221;{}&#8221;][et_pb_text _builder_version=&#8221;4.19.2&#8243; _module_preset=&#8221;default&#8221; global_colors_info=&#8221;{}&#8221;]<\/p>\n<p>Das ganze Jahr \u00fcber kommen Besucher aus dem In- und Ausland f\u00fcr einen Tagesausflug oder einen Langzeitaufenthalt in unsere Gemeinde. Als solche hat die Gemeinde viel zu bieten. <strong>Strand,<\/strong> Wald, <strong><br \/>\n  <a href=\"\/zomer\/noordhollands-duinreservaat\/\">D\u00fcnen, Poldergebiet<\/a><br \/>\n<\/strong> und gem\u00fctliche D\u00f6rfer sind die Hauptattraktionen.<\/p>\n<p>Unsere<strong> Freizeiteinrichtungen<\/strong>, Museen, <strong><a title=\"Ein Hotel buchen\" href=\"https:\/\/egmondonline.nl\/de\/derzeit\/\">Besucher<\/a>,<\/strong> G\u00e4steh\u00e4user und Campingpl\u00e4tze, <strong><br \/>\n  <a href=\"https:\/\/egmondonline.nl\/nieuwjaarsduik-egmond\/\">Einkaufsm\u00f6glichkeiten<\/a><br \/>\n<\/strong> und viele andere stehen im Einklang damit.<\/p>\n<p>[\/et_pb_text][\/et_pb_column][et_pb_column type=&#8221;1_2&#8243; _builder_version=&#8221;4.19.4&#8243; _module_preset=&#8221;default&#8221; global_colors_info=&#8221;{}&#8221;][et_pb_video src=&#8221;https:\/\/youtu.be\/Dh2H1ZwkEhk&#8221; image_src=&#8221;\/\/i.ytimg.com\/vi\/Dh2H1ZwkEhk\/hqdefault.jpg&#8221; _builder_version=&#8221;4.19.2&#8243; _module_preset=&#8221;default&#8221; global_colors_info=&#8221;{}&#8221;][\/et_pb_video][\/et_pb_column][\/et_pb_row][et_pb_row column_structure=&#8221;1_3,1_3,1_3&#8243; _builder_version=&#8221;4.19.4&#8243; _module_preset=&#8221;default&#8221; custom_padding=&#8221;||7px|||&#8221; global_colors_info=&#8221;{}&#8221;][et_pb_column type=&#8221;1_3&#8243; _builder_version=&#8221;4.19.4&#8243; _module_preset=&#8221;default&#8221; global_colors_info=&#8221;{}&#8221;][et_pb_text _builder_version=&#8221;4.19.4&#8243; _module_preset=&#8221;default&#8221; global_colors_info=&#8221;{}&#8221;]<\/p>\n<h3>Attraktiv in allen Jahreszeiten<\/h3>\n<p>Die Drei Egmonde sind das ganze Jahr \u00fcber attraktiv, sowohl f\u00fcr sportliche Naturliebhaber als auch f\u00fcr Besucher, die Ruhe, Sch\u00f6nheit, Kultur und Geschichte lieben.<\/p>\n<p>In Egmond-Binnen zieht die Abtei Besucher von nah und fern an.<\/p>\n<p>Im wundersch\u00f6nen historischen Stadtkern von Egmond aan den Hoef liegen die Grundmauern des einstmals saubersten und gr\u00f6\u00dften Schlosses der Niederlande.<\/p>\n<p>[\/et_pb_text][\/et_pb_column][et_pb_column type=&#8221;1_3&#8243; _builder_version=&#8221;4.19.4&#8243; _module_preset=&#8221;default&#8221; global_colors_info=&#8221;{}&#8221;][et_pb_text _builder_version=&#8221;4.19.4&#8243; _module_preset=&#8221;default&#8221; global_colors_info=&#8221;{}&#8221;]<\/p>\n<h3>Wei\u00dfe Sandstr\u00e4nde<\/h3>\n<p>Die Gemeinde Bergen hat eine Fl\u00e4che von fast 120 Quadratkilometern und fast 32.000 Einwohner.<\/p>\n<p>Alle D\u00f6rfer in der Gemeinde haben gemeinsam, dass sie in der N\u00e4he von wundersch\u00f6nen wei\u00dfen Sandstr\u00e4nden, weiten D\u00fcnengebieten und hier und da etwas Wald liegen.<\/p>\n<p>Einwohner aus den Nachbargemeinden nutzen gerne die vielen Freizeit- und Kultureinrichtungen, die die Gemeinde zu bieten hat.<\/p>\n<p>[\/et_pb_text][\/et_pb_column][et_pb_column type=&#8221;1_3&#8243; _builder_version=&#8221;4.19.4&#8243; _module_preset=&#8221;default&#8221; global_colors_info=&#8221;{}&#8221;][et_pb_text _builder_version=&#8221;4.19.4&#8243; _module_preset=&#8221;default&#8221; global_colors_info=&#8221;{}&#8221;]<\/p>\n<h3>Kommune Bergen<\/h3>\n<p>Seit 2001 sind die drei Egmonden keine eigenst\u00e4ndige Gemeinde mehr, sondern fallen unter den Namen Bergen.<\/p>\n<p>Die Gemeinde <span style=\"color: #000000;\">besteht aus mehreren D\u00f6rfern und Weilern, die da w\u00e4ren: Aagtdorp &#8211; Bergen &#8211; Bergen aan Zee &#8211; Bregtdorp &#8211; Camperduin &#8211; Catrijp &#8211; Egmond-Binnen &#8211; Egmond aan den Hoef &#8211; Egmond aan Zee &#8211; Groet &#8211; Hargen &#8211; Rinnegom &#8211; Schoorldam und Schoorl &#8211; Wimmenum.<\/span><\/p>\n<p>Der Zusammenschluss versprach ausdr\u00fccklich, dass jedes Dorf seine eigene Identit\u00e4t behalten darf, was auch f\u00fcr die Egmonder sehr wichtig ist.<\/p>\n<p>[\/et_pb_text][\/et_pb_column][\/et_pb_row][et_pb_row _builder_version=&#8221;4.19.4&#8243; _module_preset=&#8221;default&#8221; global_colors_info=&#8221;{}&#8221;][et_pb_column type=&#8221;4_4&#8243; _builder_version=&#8221;4.19.4&#8243; _module_preset=&#8221;default&#8221; global_colors_info=&#8221;{}&#8221;][et_pb_video_slider _builder_version=&#8221;4.19.2&#8243; _module_preset=&#8221;default&#8221; global_colors_info=&#8221;{}&#8221;][et_pb_video_slider_item src=&#8221;https:\/\/youtu.be\/FLcKXCyGBTI&#8221; _builder_version=&#8221;4.19.2&#8243; _module_preset=&#8221;default&#8221; global_colors_info=&#8221;{}&#8221; show_image_overlay=&#8221;off&#8221;][\/et_pb_video_slider_item][et_pb_video_slider_item src=&#8221;https:\/\/youtu.be\/8hMkGXItsVs&#8221; _builder_version=&#8221;4.19.2&#8243; _module_preset=&#8221;default&#8221; global_colors_info=&#8221;{}&#8221; show_image_overlay=&#8221;off&#8221;][\/et_pb_video_slider_item][et_pb_video_slider_item src=&#8221;https:\/\/youtu.be\/fp_l-gYzJNs&#8221; _builder_version=&#8221;4.19.2&#8243; _module_preset=&#8221;default&#8221; global_colors_info=&#8221;{}&#8221; show_image_overlay=&#8221;off&#8221;][\/et_pb_video_slider_item][et_pb_video_slider_item src=&#8221;https:\/\/youtu.be\/QLW88nkFBFg&#8221; _builder_version=&#8221;4.19.2&#8243; _module_preset=&#8221;default&#8221; global_colors_info=&#8221;{}&#8221; show_image_overlay=&#8221;off&#8221;][\/et_pb_video_slider_item][et_pb_video_slider_item src=&#8221;https:\/\/youtu.be\/A2EewsC3sgQ&#8221; _builder_version=&#8221;4.19.2&#8243; _module_preset=&#8221;default&#8221; global_colors_info=&#8221;{}&#8221; show_image_overlay=&#8221;off&#8221;][\/et_pb_video_slider_item][et_pb_video_slider_item admin_title=&#8221;njduik 2020&#8243; src=&#8221;https:\/\/youtu.be\/eBPsnALStPE&#8221; _builder_version=&#8221;4.19.2&#8243; _module_preset=&#8221;default&#8221; global_colors_info=&#8221;{}&#8221; show_image_overlay=&#8221;off&#8221;][\/et_pb_video_slider_item][et_pb_video_slider_item src=&#8221;https:\/\/youtu.be\/Lbs4EmM2100&#8243; _builder_version=&#8221;4.19.2&#8243; _module_preset=&#8221;default&#8221; global_colors_info=&#8221;{}&#8221; show_image_overlay=&#8221;off&#8221;][\/et_pb_video_slider_item][\/et_pb_video_slider][\/et_pb_column][\/et_pb_row][et_pb_row _builder_version=&#8221;4.19.4&#8243; _module_preset=&#8221;default&#8221; global_colors_info=&#8221;{}&#8221;][et_pb_column type=&#8221;4_4&#8243; _builder_version=&#8221;4.19.4&#8243; _module_preset=&#8221;default&#8221; global_colors_info=&#8221;{}&#8221;][et_pb_text _builder_version=&#8221;4.19.4&#8243; _module_preset=&#8221;default&#8221; header_2_font_size=&#8221;30px&#8221; global_colors_info=&#8221;{}&#8221;]<\/p>\n<h2>Einige technische Daten:<\/h2>\n<p><strong>Wohnen in unseren D\u00f6rfern<\/strong> F\u00fcr jedes Dorf siehst du vier Kreisdiagramme. Diese zeigen den prozentualen Anteil der H\u00e4user nach Besitz, Belegung, Typ und Bauzeit. Abbildung 4 ist Egmond aan den Hoef (1517 Wohnungen), Abbildung 5 ist Egmond aan Zee (2908 Wohnungen) und Abbildung 6 ist Egmond Binnen (1131 Wohnungen).<\/p>\n<p><em><strong>Die H\u00e4user, die zum Verkauf stehen, sind im Besitz des\/der Bewohner(s) oder werden als Zweitwohnsitz genutzt. Mietobjekte werden nicht vom Eigent\u00fcmer der Immobilie bewohnt. Mietwohnungen werden unterteilt in (1) Wohnungen, die einer Wohnungsbaugesellschaft oder einer anderen Institution geh\u00f6ren. Und (2) Mietobjekte im Besitz von Unternehmen, Privatpersonen und Investoren.<\/strong><\/em><\/p>\n<p>[\/et_pb_text][\/et_pb_column][\/et_pb_row][et_pb_row column_structure=&#8221;1_3,1_3,1_3&#8243; _builder_version=&#8221;4.19.4&#8243; _module_preset=&#8221;default&#8221; global_colors_info=&#8221;{}&#8221;][et_pb_column type=&#8221;1_3&#8243; _builder_version=&#8221;4.19.4&#8243; _module_preset=&#8221;default&#8221; global_colors_info=&#8221;{}&#8221;][et_pb_text _builder_version=&#8221;4.19.4&#8243; _module_preset=&#8221;default&#8221; global_colors_info=&#8221;{}&#8221;]<\/p>\n<h3><strong>Heime nach Belegung:<\/strong><\/h3>\n<p>Eine Immobilie ist bewohnt, wenn mindestens eine Person an der entsprechenden Adresse laut Grundbuchamt gemeldet war. Alle anderen Wohnungen gelten als unbewohnt.<\/p>\n<p>[\/et_pb_text][\/et_pb_column][et_pb_column type=&#8221;1_3&#8243; _builder_version=&#8221;4.19.4&#8243; _module_preset=&#8221;default&#8221; global_colors_info=&#8221;{}&#8221;][et_pb_text _builder_version=&#8221;4.19.4&#8243; _module_preset=&#8221;default&#8221; global_colors_info=&#8221;{}&#8221;]<\/p>\n<h3><strong>H\u00e4user nach Typ:<\/strong><\/h3>\n<p>Ein Wohnhaus ist ein Mehrfamilienhaus, wenn es zusammen mit anderen Wohnungen oder (Gesch\u00e4fts-)R\u00e4umen ein ganzes Geb\u00e4ude bildet. Dazu geh\u00f6ren Wohnungen, Galerien, Vord\u00e4cher, Wohnungen im Erdgeschoss und im Obergeschoss, Wohnungen und Wohnungen \u00fcber Gesch\u00e4ftsr\u00e4umen. Alle anderen H\u00e4user sind Einfamilienh\u00e4user.<\/p>\n<p>[\/et_pb_text][\/et_pb_column][et_pb_column type=&#8221;1_3&#8243; _builder_version=&#8221;4.19.4&#8243; _module_preset=&#8221;default&#8221; global_colors_info=&#8221;{}&#8221;][et_pb_text _builder_version=&#8221;4.19.4&#8243; _module_preset=&#8221;default&#8221; global_colors_info=&#8221;{}&#8221;]<\/p>\n<h3><strong>H\u00e4user nach Baujahren:<\/strong><\/h3>\n<p>Das Baujahr ist das Jahr, in dem ein Grundst\u00fcck, auf dem sich eine Wohnung befindet, urspr\u00fcnglich fertiggestellt wurde. Das Baujahr hat hier zwei Werte: (1) gebaut im oder nach dem Jahr 2000 und (2) gebaut vor dem Jahr 2000.<\/p>\n<p>[\/et_pb_text][\/et_pb_column][\/et_pb_row][\/et_pb_section][et_pb_section fb_built=&#8221;1&#8243; specialty=&#8221;on&#8221; _builder_version=&#8221;4.19.4&#8243; _module_preset=&#8221;default&#8221; custom_padding=&#8221;2px||6px|||&#8221; global_colors_info=&#8221;{}&#8221;][et_pb_column type=&#8221;1_3&#8243; _builder_version=&#8221;4.16&#8243; custom_padding=&#8221;|||&#8221; global_colors_info=&#8221;{}&#8221; custom_padding__hover=&#8221;|||&#8221;][et_pb_text _builder_version=&#8221;4.19.4&#8243; _module_preset=&#8221;default&#8221; custom_margin=&#8221;||0px|||&#8221; global_colors_info=&#8221;{}&#8221;]<\/p>\n<h3>Gesetz \u00fcber die Bewertung von Immobilien<\/h3>\n<p>[\/et_pb_text][et_pb_image src=&#8221;https:\/\/egmondonline.nl\/wp-content\/uploads\/\/woz-waarden-egmond-300&#215;140.jpg&#8221; title_text=&#8221;woz-waarden-egmond&#8221; force_fullwidth=&#8221;on&#8221; _builder_version=&#8221;4.19.4&#8243; _module_preset=&#8221;default&#8221; global_colors_info=&#8221;{}&#8221;][\/et_pb_image][et_pb_text _builder_version=&#8221;4.19.4&#8243; _module_preset=&#8221;default&#8221; global_colors_info=&#8221;{}&#8221;]<\/p>\n<p>Der Durchschnitt der WOZ-Werte (Gesetz \u00fcber die Bewertung von Grundst\u00fccken) f\u00fcr die 3 Egmond-D\u00f6rfer. Daten f\u00fcr die Jahre 2013 bis 2020.<\/p>\n<p>Bei der Ermittlung des Durchschnitts werden nur WOZ-Liegenschaften ber\u00fccksichtigt, die als Wohnung (Hauptwohnung oder Wohnung mit Praxisr\u00e4umen) registriert sind.<\/p>\n<p>[\/et_pb_text][\/et_pb_column][et_pb_column type=&#8221;2_3&#8243; specialty_columns=&#8221;2&#8243; _builder_version=&#8221;4.16&#8243; custom_padding=&#8221;|||&#8221; global_colors_info=&#8221;{}&#8221; custom_padding__hover=&#8221;|||&#8221;][et_pb_row_inner column_structure=&#8221;1_3,1_3,1_3&#8243; _builder_version=&#8221;4.19.4&#8243; _module_preset=&#8221;default&#8221; global_colors_info=&#8221;{}&#8221;][et_pb_column_inner type=&#8221;1_3&#8243; saved_specialty_column_type=&#8221;2_3&#8243; _builder_version=&#8221;4.19.4&#8243; _module_preset=&#8221;default&#8221; global_colors_info=&#8221;{}&#8221;][et_pb_text _builder_version=&#8221;4.19.4&#8243; _module_preset=&#8221;default&#8221; global_colors_info=&#8221;{}&#8221;]<\/p>\n<p><strong>Der durchschnittliche Hauswert in der<\/strong> <strong>Wohngegend von Egmond aan Zee<\/strong> steigt um 29.140 \u20ac von 263.108 \u20ac im Jahr 2013 auf 292.248 \u20ac im Jahr 2020 (das sind 11 %).<\/p>\n<p>[\/et_pb_text][\/et_pb_column_inner][et_pb_column_inner type=&#8221;1_3&#8243; saved_specialty_column_type=&#8221;2_3&#8243; _builder_version=&#8221;4.19.4&#8243; _module_preset=&#8221;default&#8221; global_colors_info=&#8221;{}&#8221;][et_pb_text _builder_version=&#8221;4.19.4&#8243; _module_preset=&#8221;default&#8221; global_colors_info=&#8221;{}&#8221;]<\/p>\n<p><strong>Der durchschnittliche Hauswert in der<\/strong> <strong>Stadt Egmond aan den Hoef<\/strong> steigt um 46.413 \u20ac von 288.663 \u20ac im Jahr 2013 auf 335.076 \u20ac im Jahr 2020 (das sind 16 %).<\/p>\n<p>[\/et_pb_text][\/et_pb_column_inner][et_pb_column_inner type=&#8221;1_3&#8243; saved_specialty_column_type=&#8221;2_3&#8243; _builder_version=&#8221;4.19.4&#8243; _module_preset=&#8221;default&#8221; global_colors_info=&#8221;{}&#8221;][et_pb_text _builder_version=&#8221;4.19.4&#8243; _module_preset=&#8221;default&#8221; global_colors_info=&#8221;{}&#8221;]<\/p>\n<p><strong>Der durchschnittliche Hauswert im<\/strong> <strong>Wohngebiet Egmond-Binnen<\/strong> steigt um 30.945 \u20ac von 276.375 \u20ac im Jahr 2013 auf 307.321 \u20ac im Jahr 2020 (das sind 11 %).<\/p>\n<p>[\/et_pb_text][\/et_pb_column_inner][\/et_pb_row_inner][et_pb_row_inner column_structure=&#8221;1_3,1_3,1_3&#8243; _builder_version=&#8221;4.19.4&#8243; _module_preset=&#8221;default&#8221; global_colors_info=&#8221;{}&#8221;][et_pb_column_inner type=&#8221;1_3&#8243; saved_specialty_column_type=&#8221;2_3&#8243; _builder_version=&#8221;4.19.4&#8243; _module_preset=&#8221;default&#8221; global_colors_info=&#8221;{}&#8221;][et_pb_text _builder_version=&#8221;4.19.4&#8243; _module_preset=&#8221;default&#8221; global_colors_info=&#8221;{}&#8221;]<\/p>\n<p><strong>Die Zahl der Einwohner in der Gemeinde Egmond-Binnen<\/strong> sinkt um 112 Personen von 2.703 im Jahr 2013 auf 2.591 im Jahr 2021 (das sind 4,15%).<\/p>\n<p>[\/et_pb_text][\/et_pb_column_inner][et_pb_column_inner type=&#8221;1_3&#8243; saved_specialty_column_type=&#8221;2_3&#8243; _builder_version=&#8221;4.19.4&#8243; _module_preset=&#8221;default&#8221; global_colors_info=&#8221;{}&#8221;][et_pb_text _builder_version=&#8221;4.19.4&#8243; _module_preset=&#8221;default&#8221; global_colors_info=&#8221;{}&#8221;]<\/p>\n<p><strong>Die Zahl der Einwohner im Wohngebiet Egmond aan Zee<\/strong> ist von 4.801 im Jahr 2013 um 280 auf 4.521 im Jahr 2021 gesunken (das sind 6 %).<\/p>\n<p>[\/et_pb_text][\/et_pb_column_inner][et_pb_column_inner type=&#8221;1_3&#8243; saved_specialty_column_type=&#8221;2_3&#8243; _builder_version=&#8221;4.19.4&#8243; _module_preset=&#8221;default&#8221; global_colors_info=&#8221;{}&#8221;][et_pb_text _builder_version=&#8221;4.19.4&#8243; _module_preset=&#8221;default&#8221; global_colors_info=&#8221;{}&#8221;]<\/p>\n<p><strong>Die Zahl der Einwohner in der Gemeinde Egmond aan den Hoef<\/strong> ist von 3.826 im Jahr 2013 um 213 Personen auf 3.613 im Jahr 2021 gesunken (das sind 6 %).<\/p>\n<p>[\/et_pb_text][\/et_pb_column_inner][\/et_pb_row_inner][\/et_pb_column][\/et_pb_section][et_pb_section fb_built=&#8221;1&#8243; _builder_version=&#8221;4.19.4&#8243; _module_preset=&#8221;default&#8221; custom_padding=&#8221;10px|||||&#8221; global_colors_info=&#8221;{}&#8221;][et_pb_row column_structure=&#8221;1_3,1_3,1_3&#8243; _builder_version=&#8221;4.19.4&#8243; _module_preset=&#8221;default&#8221; global_colors_info=&#8221;{}&#8221;][et_pb_column type=&#8221;1_3&#8243; _builder_version=&#8221;4.19.4&#8243; _module_preset=&#8221;default&#8221; global_colors_info=&#8221;{}&#8221;][et_pb_blurb title=&#8221;Wohnsitz Egmond aan Zee&#8221; use_icon=&#8221;on&#8221; font_icon=&#8221;&#xf773;||fa||900&#8243; _builder_version=&#8221;4.19.4&#8243; _module_preset=&#8221;default&#8221; global_colors_info=&#8221;{}&#8221;]<\/p>\n<p>Egmond aan Zee hat eine gerundete Gesamtfl\u00e4che von 195 Hektar, wovon 195 Hektar Land und 0 Hektar Wasser sind (100 Hektar entsprechen 1 km\u00b2).<\/p>\n<p>Die Residenz Egmond aan Zee hat 4.156 einzigartige Adressen.<\/p>\n<p>Die durchschnittliche Adressendichte betr\u00e4gt 1.172 Adressen pro km\u00b2.<\/p>\n<p>Es gibt 2.240 Haushalte und insgesamt 2.908 Wohneinheiten.<\/p>\n<p>In der Heimatstadt gibt es 2.281 Autos und 460 Gesch\u00e4fte.<\/p>\n<p>[\/et_pb_blurb][\/et_pb_column][et_pb_column type=&#8221;1_3&#8243; _builder_version=&#8221;4.19.4&#8243; _module_preset=&#8221;default&#8221; global_colors_info=&#8221;{}&#8221;][et_pb_blurb title=&#8221;Wohnort Egmond aan den Hoef&#8221; use_icon=&#8221;on&#8221; font_icon=&#8221;&#xf286;||fa||400&#8243; _builder_version=&#8221;4.19.4&#8243; _module_preset=&#8221;default&#8221; global_colors_info=&#8221;{}&#8221;]<\/p>\n<p>Egmond aan den Hoef hat eine gerundete Gesamtfl\u00e4che von 1.784 Hektar, wovon 1.768 Hektar Land und 17 Hektar Wasser sind (100 Hektar entsprechen 1 km\u00b2).<\/p>\n<p>Die Residenz Egmond aan den Hoef hat 2.759 eindeutige Adressen.<\/p>\n<p>Die durchschnittliche Adressendichte betr\u00e4gt 263 Adressen pro km\u00b2.<\/p>\n<p>Es gibt 1.528 Haushalte und insgesamt 1.517 Wohnungen.<\/p>\n<p>In der Stadt gibt es 1.956 Autos und 454 Gewerbebetriebe.<\/p>\n<p>[\/et_pb_blurb][\/et_pb_column][et_pb_column type=&#8221;1_3&#8243; _builder_version=&#8221;4.19.4&#8243; _module_preset=&#8221;default&#8221; global_colors_info=&#8221;{}&#8221;][et_pb_blurb title=&#8221;Wohnheim Egmond-Binnen&#8221; use_icon=&#8221;on&#8221; font_icon=&#8221;&#xf5bb;||fa||900&#8243; _builder_version=&#8221;4.19.4&#8243; _module_preset=&#8221;default&#8221; global_colors_info=&#8221;{}&#8221;]<\/p>\n<p>Egmond-Binnen hat eine gerundete Gesamtfl\u00e4che von 1.217 Hektar, wovon 1.213 Hektar Land und 4 Hektar Wasser sind (100 Hektar entsprechen 1 km\u00b2).<\/p>\n<p>Die Residenz Egmond-Binnen hat 1.705 eindeutige Adressen.<\/p>\n<p>Die durchschnittliche Adressendichte betr\u00e4gt 374 Adressen pro km\u00b2.<\/p>\n<p>Es gibt 1.117 Haushalte und insgesamt 1.131 Wohneinheiten.<\/p>\n<p>In der Heimatstadt gibt es 1.368 Autos und 290 Gesch\u00e4fte.<\/p>\n<p>[\/et_pb_blurb][\/et_pb_column][\/et_pb_row][\/et_pb_section]<\/p>\n","protected":false},"excerpt":{"rendered":"<p>Egmond besteht aus drei D\u00f6rfern: Egmond aan Zee , Egmond aan den Hoef und Egmond-Binnen . Egmond aan Zee hat eine Geschichte als Fischerdorf, das sich im fr\u00fchen 19. Jahrhundert zunehmend zu einem sch\u00f6nen Urlaubsort entwickelte. Es ist immer noch ein gem\u00fctlicher Familienbadeort, in dem sich Jung und Alt wohlf\u00fchlen, in dem es lebhaft zugeht, [&hellip;]<\/p>\n","protected":false},"author":3,"featured_media":69442,"parent":0,"menu_order":0,"comment_status":"open","ping_status":"closed","template":"","meta":{"_et_pb_use_builder":"on","_et_pb_old_content":"","_et_gb_content_width":"","footnotes":""},"class_list":["post-71476","page","type-page","status-publish","has-post-thumbnail","hentry"],"_links":{"self":[{"href":"https:\/\/egmondonline.nl\/de\/wp-json\/wp\/v2\/pages\/71476","targetHints":{"allow":["GET"]}}],"collection":[{"href":"https:\/\/egmondonline.nl\/de\/wp-json\/wp\/v2\/pages"}],"about":[{"href":"https:\/\/egmondonline.nl\/de\/wp-json\/wp\/v2\/types\/page"}],"author":[{"embeddable":true,"href":"https:\/\/egmondonline.nl\/de\/wp-json\/wp\/v2\/users\/3"}],"replies":[{"embeddable":true,"href":"https:\/\/egmondonline.nl\/de\/wp-json\/wp\/v2\/comments?post=71476"}],"version-history":[{"count":0,"href":"https:\/\/egmondonline.nl\/de\/wp-json\/wp\/v2\/pages\/71476\/revisions"}],"wp:featuredmedia":[{"embeddable":true,"href":"https:\/\/egmondonline.nl\/de\/wp-json\/wp\/v2\/media\/69442"}],"wp:attachment":[{"href":"https:\/\/egmondonline.nl\/de\/wp-json\/wp\/v2\/media?parent=71476"}],"curies":[{"name":"wp","href":"https:\/\/api.w.org\/{rel}","templated":true}]}}