{"id":71436,"date":"2021-02-11T20:09:16","date_gmt":"2021-02-11T18:09:16","guid":{"rendered":"https:\/\/egmondonline.nl\/knrm-rettungsboot\/"},"modified":"2023-04-15T20:22:41","modified_gmt":"2023-04-15T18:22:41","slug":"knrm-rettungsboot","status":"publish","type":"page","link":"https:\/\/egmondonline.nl\/de\/knrm-rettungsboot\/","title":{"rendered":"KNRM Rettungsboot"},"content":{"rendered":"<p>[et_pb_section fb_built=&#8221;1&#8243; _builder_version=&#8221;4.8.2&#8243; _module_preset=&#8221;default&#8221;][et_pb_row _builder_version=&#8221;4.9.7&#8243; _module_preset=&#8221;default&#8221;][et_pb_column type=&#8221;4_4&#8243; _builder_version=&#8221;4.8.2&#8243; _module_preset=&#8221;default&#8221;][et_pb_gallery gallery_ids=&#8221;16981,16980,16979,16978,16975,16974,16972&#8243; gallery_orderby=&#8221;rand&#8221; fullwidth=&#8221;on&#8221; _builder_version=&#8221;4.9.7&#8243; _module_preset=&#8221;default&#8221; auto=&#8221;on&#8221; auto_speed=&#8221;4000&#8243;][\/et_pb_gallery][et_pb_text _builder_version=&#8221;4.8.2&#8243; _module_preset=&#8221;default&#8221;]<\/p>\n<p><b>\u00dcber uns<\/b><\/p>\n<p>Die Royal Dutch Rescue Society hilft und rettet Menschen in Not auf dem Wasser. Retter und Rettungsboote treten nach einem Alarm sofort in Aktion. KNRM hat 45 Rettungsstationen entlang der K\u00fcste. Die 75 Rettungsboote werden von 1.400 Freiwilligen bemannt. KNRM wird mehr als 2.000 Mal pro Jahr zu Notrufen gerufen, bei denen \u00fcber 3.000 Menschen geholfen oder gerettet wurden.<\/p>\n<p>[\/et_pb_text][et_pb_image src=&#8221;https:\/\/egmondonline.nl\/wp-content\/uploads\/knmr-egmond.jpg&#8221; title_text=&#8221;knrm-egmond&#8221; _builder_version=&#8221;4.8.2&#8243; _module_preset=&#8221;default&#8221;][\/et_pb_image][et_pb_code admin_label=&#8221;google displayadd&#8221; _builder_version=&#8221;4.9.7&#8243; _module_preset=&#8221;default&#8221;]<script async src=\"https:\/\/pagead2.googlesyndication.com\/pagead\/js\/adsbygoogle.js\"><\/script><!-- [et_pb_line_break_holder] --><!-- onderheader --><!-- [et_pb_line_break_holder] --><ins class=\"adsbygoogle\"<!-- [et_pb_line_break_holder] -->     style=&#8221;display:block&#8221;<!-- [et_pb_line_break_holder] -->     data-ad-client=&#8221;ca-pub-7620922414404467&#8243;<!-- [et_pb_line_break_holder] -->     data-ad-slot=&#8221;1991525980&#8243;<!-- [et_pb_line_break_holder] -->     data-ad-format=&#8221;auto&#8221;<!-- [et_pb_line_break_holder] -->     data-full-width-responsive=&#8221;true&#8221;><\/ins><!-- [et_pb_line_break_holder] --><script><!-- [et_pb_line_break_holder] -->     (adsbygoogle = window.adsbygoogle || []).push({});<!-- [et_pb_line_break_holder] --><\/script>[\/et_pb_code][\/et_pb_column][\/et_pb_row][et_pb_row column_structure=&#8221;1_3,1_3,1_3&#8243; _builder_version=&#8221;4.8.2&#8243; _module_preset=&#8221;default&#8221;][et_pb_column type=&#8221;1_3&#8243; _builder_version=&#8221;4.8.2&#8243; _module_preset=&#8221;default&#8221;][et_pb_text _builder_version=&#8221;4.8.2&#8243; _module_preset=&#8221;default&#8221;]<\/p>\n<p>KNRM Bahnhof Egmond aan Zee<br \/>Eines der belebtesten Seeb\u00e4der in Nordholland mit seinen zahlreichen Formen der K\u00fcstenerholung.<\/p>\n<ul>\n<li>Alarmierung bei Notf\u00e4llen<br \/>Telefon 0900 0111<br \/>\u00fcber das Zentrum der K\u00fcstenwache<\/li>\n<li>112 \u00fcber die Notaufnahme<\/li>\n<li>VHF-Kanal 16<br \/>\u00fcber Den Helder Coastguard Centre<\/li>\n<li>App www.knrm.nl\/helptvia KNRM Alarmzentrale<\/li>\n<\/ul>\n<p><strong>Geschichte:<\/strong><br \/><strong>Seit 1824<\/strong><\/p>\n<p>[\/et_pb_text][\/et_pb_column][et_pb_column type=&#8221;1_3&#8243; _builder_version=&#8221;4.8.2&#8243; _module_preset=&#8221;default&#8221;][et_pb_text _builder_version=&#8221;4.8.2&#8243; _module_preset=&#8221;default&#8221;]<\/p>\n<p><strong>Bootshaus:<\/strong><br \/>Bootshaus Egmond aan Zee<\/p>\n<p><strong>Besuchsadresse:<\/strong><br \/>Boulevard S\u00fcd 5<br \/>1931 AA Egmond aan Zee<\/p>\n<p><strong>E-Mail-Bootshaus:<\/strong><br \/>station@egmond.knrm.nl<\/p>\n<p><strong>Telefon-Bootshaus:<\/strong><br \/>072 506 1354<\/p>\n<p><strong>Falls du keine Antwort erh\u00e4ltst:<\/strong><br \/>KNRM B\u00fcro IJmuiden<br \/>Tel: 0255-54.84.54<\/p>\n<p>&nbsp;<\/p>\n<p>[\/et_pb_text][\/et_pb_column][et_pb_column type=&#8221;1_3&#8243; _builder_version=&#8221;4.8.2&#8243; _module_preset=&#8221;default&#8221;][et_pb_text _builder_version=&#8221;4.9.7&#8243; _module_preset=&#8221;default&#8221;]<\/p>\n<p><strong>Rettungsboot:<\/strong><br \/>Mannschaft:<br \/>27 Freiwillige<\/p>\n<p><strong>Sekret\u00e4rin:<\/strong><br \/>B. van Winden<\/p>\n<p><strong>Kommission:<\/strong><br \/>7 Freiwillige<\/p>\n<p>[\/et_pb_text][\/et_pb_column][\/et_pb_row][et_pb_row column_structure=&#8221;3_4,1_4&#8243; _builder_version=&#8221;4.8.2&#8243; _module_preset=&#8221;default&#8221;][et_pb_column type=&#8221;3_4&#8243; _builder_version=&#8221;4.8.2&#8243; _module_preset=&#8221;default&#8221;][et_pb_code _builder_version=&#8221;4.9.7&#8243; _module_preset=&#8221;default&#8221;]<iframe loading=\"lazy\" name=\"vesselfinder\" id=\"vesselfinder\" width=\"900px\" height=\"700px\" frameborder=\"0\" src=\"https:\/\/www.vesselfinder.com\/aismap?zoom=11&#038;lat=52.616455&#038;lon=4.620862&#038;width=900&#038;height=600&#038;names=true&#038;track=false&#038;fleet=80bb11b39ae6afc105d933bc1b6d3833&#038;fleet_name=false&#038;fleet_hide_old_positions=false&#038;clicktoact=false&#038;store_pos=true&#038;default_maptype=2&#038;ra=https%3A%2F%2Fwww.knrm.nl%2Freddingstations%2Fegmond-aan-zee\">Browser does not support embedded objects.<!\u2013- [et_pb_br_holder] -\u2013>Visit directly <a href=\"https:\/\/www.vesselfinder.com\" target=\"_blank\" rel=\"noopener\">www.vesselfinder.com<\/a><\/iframe>[\/et_pb_code][et_pb_code admin_label=&#8221;google displayadd&#8221; _builder_version=&#8221;4.9.7&#8243; _module_preset=&#8221;default&#8221;]<script async src=\"https:\/\/pagead2.googlesyndication.com\/pagead\/js\/adsbygoogle.js\"><\/script><!-- [et_pb_line_break_holder] --><!-- onderheader --><!-- [et_pb_line_break_holder] --><ins class=\"adsbygoogle\"<!-- [et_pb_line_break_holder] -->     style=&#8221;display:block&#8221;<!-- [et_pb_line_break_holder] -->     data-ad-client=&#8221;ca-pub-7620922414404467&#8243;<!-- [et_pb_line_break_holder] -->     data-ad-slot=&#8221;1991525980&#8243;<!-- [et_pb_line_break_holder] -->     data-ad-format=&#8221;auto&#8221;<!-- [et_pb_line_break_holder] -->     data-full-width-responsive=&#8221;true&#8221;><\/ins><!-- [et_pb_line_break_holder] --><script><!-- [et_pb_line_break_holder] -->     (adsbygoogle = window.adsbygoogle || []).push({});<!-- [et_pb_line_break_holder] --><\/script>[\/et_pb_code][\/et_pb_column][et_pb_column type=&#8221;1_4&#8243; _builder_version=&#8221;4.8.2&#8243; _module_preset=&#8221;default&#8221;][et_pb_text _builder_version=&#8221;4.9.7&#8243; _module_preset=&#8221;default&#8221;]<\/p>\n<h3>KNRM Egmond Nachrichten<\/h3>\n<p>[\/et_pb_text][et_pb_code _builder_version=&#8221;4.9.7&#8243; _module_preset=&#8221;default&#8221;]<div class=\"wpra-display align\" data-display-id=\"1\" hx-target=\"this\" hx-swap=\"outerHTML\">    <div class=\"wp-rss-aggregator wpra-list-template \">\n        <ul class=\"rss-aggregator wpra-item-list wpra-item-list--bullets wpra-item-list--default\" start=\"1\">\n                <li class=\"wpra-item feed-item \">\n        <a href=\"https:\/\/www.knrm.nl\/nieuws\/knrm-reddingstation-egmond-aan-zee\/medische-evacuatie-voor-de-kust-van-bergen-aan-zee\" class=\"\" target=\"_blank\" rel=\"noopener noreferrer nofollow\" style=\"\">Medische evacuatie voor de kust van Bergen aan Zee<\/a>\n\n        <div class=\"wprss-feed-meta\">\n                <span class=\"feed-source\">\n        Source: <a href=\"https:\/\/www.knrm.nl\/rss\/reddingrapport-reddingstation-egmond-aan-zee\" class=\"\" target=\"_blank\" rel=\"noopener noreferrer nofollow\" style=\"\">KNRM<\/a>\n    <\/span>\n                <span class=\"feed-date\">\n        Published on: 2025-04-20\n    <\/span>\n            \n        <\/div>\n\n        \n    <\/li>    <li class=\"wpra-item feed-item \">\n        <a href=\"https:\/\/www.knrm.nl\/nieuws\/knrm-reddingstation-egmond-aan-zee\/veilig-op-het-strand\" class=\"\" target=\"_blank\" rel=\"noopener noreferrer nofollow\" style=\"\">Vermiste zwemmer gelukkig veilig op het strand !<\/a>\n\n        <div class=\"wprss-feed-meta\">\n                <span class=\"feed-source\">\n        Source: <a href=\"https:\/\/www.knrm.nl\/rss\/reddingrapport-reddingstation-egmond-aan-zee\" class=\"\" target=\"_blank\" rel=\"noopener noreferrer nofollow\" style=\"\">KNRM<\/a>\n    <\/span>\n                <span class=\"feed-date\">\n        Published on: 2024-08-11\n    <\/span>\n            \n        <\/div>\n\n        \n    <\/li>    <li class=\"wpra-item feed-item \">\n        <a href=\"https:\/\/www.knrm.nl\/nieuws\/knrm-reddingstation-egmond-aan-zee\/kitesurfer-gered-door-passerend-zeiljacht\" class=\"\" target=\"_blank\" rel=\"noopener noreferrer nofollow\" style=\"\">Kitesurfer gered door passerend zeiljacht<\/a>\n\n        <div class=\"wprss-feed-meta\">\n                <span class=\"feed-source\">\n        Source: <a href=\"https:\/\/www.knrm.nl\/rss\/reddingrapport-reddingstation-egmond-aan-zee\" class=\"\" target=\"_blank\" rel=\"noopener noreferrer nofollow\" style=\"\">KNRM<\/a>\n    <\/span>\n                <span class=\"feed-date\">\n        Published on: 2024-08-11\n    <\/span>\n            \n        <\/div>\n\n        \n    <\/li>    <li class=\"wpra-item feed-item \">\n        <a href=\"https:\/\/www.knrm.nl\/nieuws\/knrm-reddingstation-egmond-aan-zee\/onbedoelde-noodmelding\" class=\"\" target=\"_blank\" rel=\"noopener noreferrer nofollow\" style=\"\">Onbedoelde noodmelding<\/a>\n\n        <div class=\"wprss-feed-meta\">\n                <span class=\"feed-source\">\n        Source: <a href=\"https:\/\/www.knrm.nl\/rss\/reddingrapport-reddingstation-egmond-aan-zee\" class=\"\" target=\"_blank\" rel=\"noopener noreferrer nofollow\" style=\"\">KNRM<\/a>\n    <\/span>\n                <span class=\"feed-date\">\n        Published on: 2024-08-09\n    <\/span>\n            \n        <\/div>\n\n        \n    <\/li>    <li class=\"wpra-item feed-item \">\n        <a href=\"https:\/\/www.knrm.nl\/nieuws\/knrm-reddingstation-egmond-aan-zee\/vermiste-zwemmer-niet-aangetroffen\" class=\"\" target=\"_blank\" rel=\"noopener noreferrer nofollow\" style=\"\">Vermiste zwemmer niet aangetroffen<\/a>\n\n        <div class=\"wprss-feed-meta\">\n                <span class=\"feed-source\">\n        Source: <a href=\"https:\/\/www.knrm.nl\/rss\/reddingrapport-reddingstation-egmond-aan-zee\" class=\"\" target=\"_blank\" rel=\"noopener noreferrer nofollow\" style=\"\">KNRM<\/a>\n    <\/span>\n                <span class=\"feed-date\">\n        Published on: 2024-07-31\n    <\/span>\n            \n        <\/div>\n\n        \n    <\/li>    <li class=\"wpra-item feed-item \">\n        <a href=\"https:\/\/www.knrm.nl\/nieuws\/knrm-reddingstation-egmond-aan-zee\/onwelwording-op-strand-egmond-aan-zee-2\" class=\"\" target=\"_blank\" rel=\"noopener noreferrer nofollow\" style=\"\">Persoon onwel op strand Egmond aan Zee<\/a>\n\n        <div class=\"wprss-feed-meta\">\n                <span class=\"feed-source\">\n        Source: <a href=\"https:\/\/www.knrm.nl\/rss\/reddingrapport-reddingstation-egmond-aan-zee\" class=\"\" target=\"_blank\" rel=\"noopener noreferrer nofollow\" style=\"\">KNRM<\/a>\n    <\/span>\n                <span class=\"feed-date\">\n        Published on: 2024-07-30\n    <\/span>\n            \n        <\/div>\n\n        \n    <\/li>    <li class=\"wpra-item feed-item \">\n        <a href=\"https:\/\/www.knrm.nl\/nieuws\/knrm-reddingstation-egmond-aan-zee\/zwemmer-vermist-thv-schoorl\" class=\"\" target=\"_blank\" rel=\"noopener noreferrer nofollow\" style=\"\">Zwemmer vermist thv Schoorl<\/a>\n\n        <div class=\"wprss-feed-meta\">\n                <span class=\"feed-source\">\n        Source: <a href=\"https:\/\/www.knrm.nl\/rss\/reddingrapport-reddingstation-egmond-aan-zee\" class=\"\" target=\"_blank\" rel=\"noopener noreferrer nofollow\" style=\"\">KNRM<\/a>\n    <\/span>\n                <span class=\"feed-date\">\n        Published on: 2024-07-18\n    <\/span>\n            \n        <\/div>\n\n        \n    <\/li>    <li class=\"wpra-item feed-item \">\n        <a href=\"https:\/\/www.knrm.nl\/nieuws\/knrm-reddingstation-egmond-aan-zee\/zwemmer-vermist-thv-bergen-aan-zee\" class=\"\" target=\"_blank\" rel=\"noopener noreferrer nofollow\" style=\"\">Zwemmer vermist thv Bergen aan Zee<\/a>\n\n        <div class=\"wprss-feed-meta\">\n                <span class=\"feed-source\">\n        Source: <a href=\"https:\/\/www.knrm.nl\/rss\/reddingrapport-reddingstation-egmond-aan-zee\" class=\"\" target=\"_blank\" rel=\"noopener noreferrer nofollow\" style=\"\">KNRM<\/a>\n    <\/span>\n                <span class=\"feed-date\">\n        Published on: 2024-07-14\n    <\/span>\n            \n        <\/div>\n\n        \n    <\/li>\n        <\/ul>\n    <\/div> <\/div>[\/et_pb_code][\/et_pb_column][\/et_pb_row][et_pb_row _builder_version=&#8221;4.9.7&#8243; _module_preset=&#8221;default&#8221;][et_pb_column type=&#8221;4_4&#8243; _builder_version=&#8221;4.9.7&#8243; _module_preset=&#8221;default&#8221;][et_pb_text _builder_version=&#8221;4.9.7&#8243; _module_preset=&#8221;default&#8221;]<\/p>\n<h3>Hilfst du mit?<\/h3>\n<p>Jeder kann dazu beitragen, dass KNRM Menschen in Not auf dem Wasser noch besser helfen kann! Wenn du KNRM unterst\u00fctzt, tr\u00e4gst du zu einer sichereren Umwelt auf und am Wasser bei. Du hilfst dabei, unsere Freiwilligen zu professionellen Rettungsschwimmern auszubilden, damit jeder in den Niederlanden 24 Stunden am Tag auf die Hilfe von KNRM z\u00e4hlen kann.<\/p>\n<p>Die Arbeit von KNRM wird durch die 101.000 Spenderinnen und Spender erm\u00f6glicht, die freiwillig spenden. Menschen, die in bescheidener Weise mit kleinen Spenden und Geschenken oder in gro\u00dfz\u00fcgiger Weise mit regelm\u00e4\u00dfigen Schenkungen, Testamenten oder Verm\u00e4chtnissen die Arbeit des KNRM seit mehr als 195 Jahren erm\u00f6glichen. Bist du auch dabei? Auf dieser Seite findest du alle M\u00f6glichkeiten, KNRM zu helfen.<\/p>\n<p>[\/et_pb_text][\/et_pb_column][\/et_pb_row][et_pb_row column_structure=&#8221;1_2,1_2&#8243; _builder_version=&#8221;4.9.7&#8243; _module_preset=&#8221;default&#8221;][et_pb_column type=&#8221;1_2&#8243; _builder_version=&#8221;4.9.7&#8243; _module_preset=&#8221;default&#8221;][et_pb_text _builder_version=&#8221;4.9.7&#8243; _module_preset=&#8221;default&#8221;]<\/p>\n<h3>Werde ein Rettungsschwimmer an Land<\/h3>\n<p>Als Retter an Land unterst\u00fctzt du die KNRM mit einem festen Betrag pro Monat, Quartal, halbem oder ganzem Jahr.<br \/>Es gibt keinen Mindestbeitrag, jeder Betrag ist willkommen. Nicht umsonst nennt KNRM seine Spender &#8220;Retter an Land&#8221;. Du gibst auf freiwilliger Basis und geh\u00f6rst ganz selbstverst\u00e4ndlich zu den 1.400 ehrenamtlichen Rettern und Retterinnen. Gemeinsam sind wir KNRM.<\/p>\n<p>Wir gehen mit dem Geld, das du uns gegeben hast, sparsam und gewissenhaft um. Mit deinem Beitrag stellen wir sicher, dass die ehrenamtlichen Retterinnen und Retter richtig geschult und ausgebildet werden und dass die Materialien den h\u00f6chsten Standards entsprechen. Dein Geschenk von heute ist die Rettung von morgen!<\/p>\n<p>[\/et_pb_text][\/et_pb_column][et_pb_column type=&#8221;1_2&#8243; _builder_version=&#8221;4.9.7&#8243; _module_preset=&#8221;default&#8221;][et_pb_text _builder_version=&#8221;4.9.7&#8243; _module_preset=&#8221;default&#8221;]<\/p>\n<h3>KNRM in deinem Testament<\/h3>\n<p>Du kannst die Rettungsarbeit f\u00fcr die Zukunft sichern, indem du die KNRM in deinem Testament bedenkst. Dank dieses besonderen Engagements k\u00f6nnen die freiwilligen Retter mit den besten Materialien und Schulungen versorgt werden. Auch nach deinem Tod kann deine Zugabe vielen Menschen viel bedeuten, sowohl den freiwilligen Rettern als auch den Geretteten.<\/p>\n<p>Wenn du erw\u00e4gst, KNRM etwas zu vererben (zus\u00e4tzlich zu deinen Angeh\u00f6rigen), solltest du ein Testament aufsetzen lassen. Du kannst dies \u00fcber den Notar regeln. Ein Testament ist ein Dokument, das von einem Notar aufgesetzt wird und in dem beschrieben wird, wer welchen Teil deines Eigentums oder Verm\u00f6gens nach deinem Tod erben wird. \u00dcbrigens kannst du dein Testament jederzeit wieder \u00fcber einen Notar \u00e4ndern.  <a href=\"https:\/\/www.knrm.nl\/geef-geld\/bij-testament\" target=\"_blank\" rel=\"noopener\">Weitere Informationen findest du auf unserer Testamentseite.<\/a><\/p>\n<p>[\/et_pb_text][\/et_pb_column][\/et_pb_row][et_pb_row _builder_version=&#8221;4.9.7&#8243; _module_preset=&#8221;default&#8221;][et_pb_column type=&#8221;4_4&#8243; _builder_version=&#8221;4.9.7&#8243; _module_preset=&#8221;default&#8221;][et_pb_image src=&#8221;https:\/\/egmondonline.nl\/wp-content\/uploads\/KNRM-Egmond-boot-rob-glas-egmondonline-5.jpg&#8221; title_text=&#8221;KNRM-Egmond-Boot-rob-Glas-egmondonline-5&#8243; _builder_version=&#8221;4.9.7&#8243; _module_preset=&#8221;default&#8221;][\/et_pb_image][\/et_pb_column][\/et_pb_row][et_pb_row column_structure=&#8221;1_3,1_3,1_3&#8243; _builder_version=&#8221;4.9.7&#8243; _module_preset=&#8221;default&#8221;][et_pb_column type=&#8221;1_3&#8243; _builder_version=&#8221;4.9.7&#8243; _module_preset=&#8221;default&#8221;][et_pb_text _builder_version=&#8221;4.9.7&#8243; _module_preset=&#8221;default&#8221;]<\/p>\n<h2>Strandbesucher<\/h2>\n<p>F\u00fcr Strandbesucher gibt es viele Gefahren, denen du begegnen kannst. Schlie\u00dflich ist das Schwimmen im Meer etwas anderes als das Schwimmen im Pool. Das Meer flie\u00dft und ist immer in Bewegung, auch wenn du es nicht siehst. Die gef\u00e4hrlichsten Situationen entstehen in der N\u00e4he von Muscheln.<\/p>\n<p>Und mui ist ein tieferer Abschnitt \u00fcber die Uferlinie zwischen zwei Sandb\u00e4nken. Das Wasser zwischen dem Strand und den Sandb\u00e4nken flie\u00dft bei Ebbe und Flut zu diesen tieferen Abschnitten. Dadurch entsteht eine starke Str\u00f6mung in Richtung Meer.<\/p>\n<p>[\/et_pb_text][\/et_pb_column][et_pb_column type=&#8221;1_3&#8243; _builder_version=&#8221;4.9.7&#8243; _module_preset=&#8221;default&#8221;][et_pb_text _builder_version=&#8221;4.9.7&#8243; _module_preset=&#8221;default&#8221;]<\/p>\n<h3>Schwimme zwischen den Flaggen<\/h3>\n<p>KNRM arbeitet nach dem internationalen \u00dcberwachungssystem mit roten und gelben Flaggen, die den Badebereich abgrenzen, in dem die Strandbesucher unter Aufsicht zwischen den Flaggen baden oder schwimmen k\u00f6nnen, und Rettungsschwimmer garantieren, innerhalb von 5 Minuten Hilfe zu leisten. Au\u00dferhalb dieser Zone sorgen Rettungsschwimmer f\u00fcr eine begrenzte Aufsicht.<\/p>\n<p>[\/et_pb_text][\/et_pb_column][et_pb_column type=&#8221;1_3&#8243; _builder_version=&#8221;4.9.7&#8243; _module_preset=&#8221;default&#8221;][et_pb_text _builder_version=&#8221;4.9.7&#8243; _module_preset=&#8221;default&#8221;]<\/p>\n<h3>Was tust du, wenn du ein Mui triffst?<\/h3>\n<p>Mit dem Strom schwimmen<br \/>Errege die Aufmerksamkeit der Menschen an der Seite<br \/>Ruhig bleiben und ruhig schwimmen<br \/>Wenn die Str\u00f6mung nachl\u00e4sst, schwimme leicht parallel zum Ufer<br \/>Schwimme dann auf die brechenden Wellen zu (seicht)<br \/>Ruhe, wenn es wieder Boden unter den F\u00fc\u00dfen gibt<\/p>\n<p>[\/et_pb_text][\/et_pb_column][\/et_pb_row][et_pb_row _builder_version=&#8221;4.9.7&#8243; _module_preset=&#8221;default&#8221;][et_pb_column type=&#8221;4_4&#8243; _builder_version=&#8221;4.9.7&#8243; _module_preset=&#8221;default&#8221;][et_pb_video src=&#8221;https:\/\/youtu.be\/uYLjIlFOVRk&#8221; image_src=&#8221;\/\/i.ytimg.com\/vi\/uYLjIlFOVRk\/hqdefault.jpg&#8221; _builder_version=&#8221;4.9.7&#8243; _module_preset=&#8221;default&#8221;][\/et_pb_video][\/et_pb_column][\/et_pb_row][et_pb_row _builder_version=&#8221;4.9.7&#8243; _module_preset=&#8221;default&#8221;][et_pb_column type=&#8221;4_4&#8243; _builder_version=&#8221;4.9.7&#8243; _module_preset=&#8221;default&#8221;][et_pb_text _builder_version=&#8221;4.9.7&#8243; _module_preset=&#8221;default&#8221;]<\/p>\n<h3>Tipps von KNRM Rettungsschwimmern:<\/h3>\n<ul>\n<li>Schwimme immer zwischen den rot\/gelben Flaggen im beaufsichtigten Schwimmbereich<\/li>\n<li>Lies die Warnschilder mit Sicherheitsinformationen<\/li>\n<li>Hol dir Rat bei einem Rettungsschwimmer \/ Rettungsschwimmerin<\/li>\n<li>Schwimme nie allein und gehe nicht zu tief ins Wasser<\/li>\n<li>Wenn du in Schwierigkeiten ger\u00e4tst, bleibe ruhig, versuche, dich treiben zu lassen und die Aufmerksamkeit von Umstehenden oder Rettungsschwimmern auf dich zu lenken.<\/li>\n<li>Kinder immer unter elterlicher Aufsicht<\/li>\n<li>Lass deine Luftmatratze beiseite, wenn der Wind in Richtung Meer weht. Schwebst du mit deinem Luftbett davon? Paddle mit leicht angewinkelten Armen in Richtung Strand.<\/li>\n<\/ul>\n<p>[\/et_pb_text][et_pb_code admin_label=&#8221;google displayadd&#8221; _builder_version=&#8221;4.9.7&#8243; _module_preset=&#8221;default&#8221;]<script async src=\"https:\/\/pagead2.googlesyndication.com\/pagead\/js\/adsbygoogle.js\"><\/script><!-- [et_pb_line_break_holder] --><!-- onderheader --><!-- [et_pb_line_break_holder] --><ins class=\"adsbygoogle\"<!-- [et_pb_line_break_holder] -->     style=&#8221;display:block&#8221;<!-- [et_pb_line_break_holder] -->     data-ad-client=&#8221;ca-pub-7620922414404467&#8243;<!-- [et_pb_line_break_holder] -->     data-ad-slot=&#8221;1991525980&#8243;<!-- [et_pb_line_break_holder] -->     data-ad-format=&#8221;auto&#8221;<!-- [et_pb_line_break_holder] -->     data-full-width-responsive=&#8221;true&#8221;><\/ins><!-- [et_pb_line_break_holder] --><script><!-- [et_pb_line_break_holder] -->     (adsbygoogle = window.adsbygoogle || []).push({});<!-- [et_pb_line_break_holder] --><\/script>[\/et_pb_code][\/et_pb_column][\/et_pb_row][et_pb_row column_structure=&#8221;1_2,1_2&#8243; _builder_version=&#8221;4.9.7&#8243; _module_preset=&#8221;default&#8221;][et_pb_column type=&#8221;1_2&#8243; _builder_version=&#8221;4.9.7&#8243; _module_preset=&#8221;default&#8221;][et_pb_text _builder_version=&#8221;4.9.7&#8243; _module_preset=&#8221;default&#8221;]<\/p>\n<h3>Wenn du vom Winde verweht wirst?<\/h3>\n<p>[\/et_pb_text][et_pb_video src=&#8221;https:\/\/youtu.be\/VCKj-5Dl1Go&#8221; image_src=&#8221;\/\/i.ytimg.com\/vi\/VCKj-5Dl1Go\/hqdefault.jpg&#8221; _builder_version=&#8221;4.9.7&#8243; _module_preset=&#8221;default&#8221;][\/et_pb_video][\/et_pb_column][et_pb_column type=&#8221;1_2&#8243; _builder_version=&#8221;4.9.7&#8243; _module_preset=&#8221;default&#8221;][et_pb_text _builder_version=&#8221;4.9.7&#8243; _module_preset=&#8221;default&#8221;]<\/p>\n<h3 class=\"title style-scope ytd-video-primary-info-renderer\"><yt-formatted-string force-default-style=\"\" class=\"style-scope ytd-video-primary-info-renderer\">Wie kann ich einem Mui entkommen?<\/yt-formatted-string><\/h3>\n<p>[\/et_pb_text][et_pb_video src=&#8221;https:\/\/youtu.be\/HlZ0G63h_X8&#8243; image_src=&#8221;\/\/i.ytimg.com\/vi\/HlZ0G63h_X8\/hqdefault.jpg&#8221; _builder_version=&#8221;4.9.7&#8243; _module_preset=&#8221;default&#8221;][\/et_pb_video][\/et_pb_column][\/et_pb_row][\/et_pb_section]<\/p>\n","protected":false},"excerpt":{"rendered":"<p>\u00dcber uns Die Royal Dutch Rescue Society hilft und rettet Menschen in Not auf dem Wasser. Retter und Rettungsboote treten nach einem Alarm sofort in Aktion. KNRM hat 45 Rettungsstationen entlang der K\u00fcste. Die 75 Rettungsboote werden von 1.400 Freiwilligen bemannt. KNRM wird mehr als 2.000 Mal pro Jahr zu Notrufen gerufen, bei denen \u00fcber [&hellip;]<\/p>\n","protected":false},"author":3,"featured_media":67116,"parent":0,"menu_order":0,"comment_status":"closed","ping_status":"closed","template":"","meta":{"_et_pb_use_builder":"on","_et_pb_old_content":"","_et_gb_content_width":"","footnotes":""},"class_list":["post-71436","page","type-page","status-publish","has-post-thumbnail","hentry"],"_links":{"self":[{"href":"https:\/\/egmondonline.nl\/de\/wp-json\/wp\/v2\/pages\/71436","targetHints":{"allow":["GET"]}}],"collection":[{"href":"https:\/\/egmondonline.nl\/de\/wp-json\/wp\/v2\/pages"}],"about":[{"href":"https:\/\/egmondonline.nl\/de\/wp-json\/wp\/v2\/types\/page"}],"author":[{"embeddable":true,"href":"https:\/\/egmondonline.nl\/de\/wp-json\/wp\/v2\/users\/3"}],"replies":[{"embeddable":true,"href":"https:\/\/egmondonline.nl\/de\/wp-json\/wp\/v2\/comments?post=71436"}],"version-history":[{"count":0,"href":"https:\/\/egmondonline.nl\/de\/wp-json\/wp\/v2\/pages\/71436\/revisions"}],"wp:featuredmedia":[{"embeddable":true,"href":"https:\/\/egmondonline.nl\/de\/wp-json\/wp\/v2\/media\/67116"}],"wp:attachment":[{"href":"https:\/\/egmondonline.nl\/de\/wp-json\/wp\/v2\/media?parent=71436"}],"curies":[{"name":"wp","href":"https:\/\/api.w.org\/{rel}","templated":true}]}}