{"id":71433,"date":"2014-12-01T08:27:19","date_gmt":"2014-12-01T06:27:19","guid":{"rendered":"https:\/\/egmondonline.nl\/do-and-donts-bei-duingrazers\/"},"modified":"2023-04-15T20:22:09","modified_gmt":"2023-04-15T18:22:09","slug":"do-and-donts-bei-duingrazers","status":"publish","type":"page","link":"https:\/\/egmondonline.nl\/de\/egmond\/do-and-donts-bei-duingrazers\/","title":{"rendered":"Do and Don&#8217;ts bei duingrazers"},"content":{"rendered":"<p>[et_pb_section fb_built=&#8221;1&#8243; _builder_version=&#8221;3.22&#8243;][et_pb_row _builder_version=&#8221;3.25&#8243; background_size=&#8221;initial&#8221; background_position=&#8221;top_left&#8221; background_repeat=&#8221;repeat&#8221;][et_pb_column type=&#8221;4_4&#8243; _builder_version=&#8221;3.25&#8243; custom_padding=&#8221;|||&#8221; custom_padding__hover=&#8221;|||&#8221;][et_pb_code admin_label=&#8221;adsense bad egmond&#8221; _builder_version=&#8221;4.5.7&#8243;]<script async src=\"https:\/\/pagead2.googlesyndication.com\/pagead\/js\/adsbygoogle.js\"><\/script><!-- [et_pb_line_break_holder] --><!-- bad egmond --><!-- [et_pb_line_break_holder] --><ins class=\"adsbygoogle\"<!-- [et_pb_line_break_holder] -->     style=&#8221;display:block&#8221;<!-- [et_pb_line_break_holder] -->     data-ad-client=&#8221;ca-pub-7620922414404467&#8243;<!-- [et_pb_line_break_holder] -->     data-ad-slot=&#8221;7541035750&#8243;<!-- [et_pb_line_break_holder] -->     data-ad-format=&#8221;auto&#8221;<!-- [et_pb_line_break_holder] -->     data-full-width-responsive=&#8221;true&#8221;><\/ins><!-- [et_pb_line_break_holder] --><script><!-- [et_pb_line_break_holder] -->     (adsbygoogle = window.adsbygoogle || []).push({});<!-- [et_pb_line_break_holder] --><\/script>[\/et_pb_code][et_pb_text _builder_version=&#8221;4.5.7&#8243; _module_preset=&#8221;default&#8221;]<\/p>\n<h2>Im D\u00fcnengebiet von PWN<\/h2>\n<p>Sie sehen sehr knuddelig aus mit ihren langen rotbraunen Haaren, die sie auch ein bisschen jungenhaft vor den Augen herunterh\u00e4ngen haben. Aber sie sind auch einfach &#8211; ziemlich gro\u00dfe &#8211; Wildtiere, die \u00fcberhaupt nicht zum Streicheln gedacht sind. Urspr\u00fcnglich sind sie sogar Fluchttiere, aber inzwischen haben sich die schottischen Hochlandrinder so sehr im D\u00fcnengebiet von PWN etabliert, dass sich diese K\u00fche kaum noch um vorbeikommende Spazierg\u00e4nger k\u00fcmmern. &#8221;Sie machen einfach ihr Ding und grasen unbeirrt weiter&#8221;, sagt Ranger Evert-Jan Woudsma. Ich kann mir allerdings vorstellen, dass sie sich bei den vielen Wanderern, die mit der Wandel4daagse vorbeikommen, tiefer in das D\u00fcnengebiet zur\u00fcckziehen.<\/p>\n<p>[\/et_pb_text][et_pb_gallery gallery_ids=&#8221;6161,6160,6159,6154,6156,6158,6155&#8243; gallery_orderby=&#8221;rand&#8221; fullwidth=&#8221;on&#8221; _builder_version=&#8221;4.5.7&#8243; _module_preset=&#8221;default&#8221; min_height=&#8221;800px&#8221; auto=&#8221;on&#8221; auto_speed=&#8221;3000&#8243;][\/et_pb_gallery][et_pb_text _builder_version=&#8221;4.5.7&#8243; background_size=&#8221;initial&#8221; background_position=&#8221;top_left&#8221; background_repeat=&#8221;repeat&#8221;]<\/p>\n<h2>Schottischer Highlander<\/h2>\n<p>Ein schottischer Highlander ist per Definition ein ruhiges Tier, das eher flieht als angreift. Aber auch ein so sanftes Tier hat seine Grenzen. Was du auf keinen Fall tun solltest, ist, dich den K\u00fchen zu n\u00e4hern, um ein Foto zu machen&#8221;, sagt Woudsma. ,<em>&#8220;Du wirst es leid, den ganzen Tag Spazierg\u00e4nger um dich herum zu haben.<\/em> Und dann l\u00e4uft er immer noch zu 99,9 Prozent weg, aber er ist immer noch ein gro\u00dfes Tier mit sehr gro\u00dfen H\u00f6rnern. Du musst also immer aufpassen.<\/p>\n<p>Bei einem gro\u00dfen Spaziergang wird es nicht so leicht passieren, aber ein Highlander merkt manchmal nicht, wenn sich ein Spazierg\u00e4nger n\u00e4hert. Dann kann er sich erschrecken, wenn du pl\u00f6tzlich vor ihm stehst. Deshalb rate ich den Leuten, eine Kuh zu gr\u00fc\u00dfen. Rufe einfach: Hallo Highlander!&#8221;<\/p>\n<p>Neben schottischen Highlandern setzt PWN auch Exmoor-Ponys und Konik-Pferde ein, um die D\u00fcnen in diesem Gebiet zu beweiden. F\u00fcr sie gilt die gleiche Regel: Nicht n\u00e4hern. Das sind noch fl\u00fcchtigere Tiere als Highlander, sie sind viel scheuer.&#8221;<\/p>\n<h4>T\u00f6dlich<\/h4>\n<p>F\u00fcr alle Weidetiere: nicht f\u00fcttern. &#8221;Wir sagen immer: Ein Apfel t\u00f6tet&#8221;, sagt Woudsma. ,,Nicht der Apfel an sich, sondern die Folge davon. Ein solches Tier f\u00e4ngt an, Menschen mit Nahrung zu assoziieren, und dann geht es auf Menschen los. Wir k\u00f6nnen solche Tiere nicht in den D\u00fcnen halten. Wir holen sie raus und dann gibt es nur noch eine Zukunft f\u00fcr sie: die Schlachtung.<\/p>\n<p>Abgesehen von den gro\u00dfen Weidetieren, die vom PWN freigelassen werden, gibt es nat\u00fcrlich viele Tiere, die auf nat\u00fcrliche Weise im D\u00fcnengebiet vorkommen. Ob du sie tats\u00e4chlich sehen wirst, ist eine andere Sache. Der Fuchs zum Beispiel h\u00e4lt sich lieber bedeckt, wenn Spazierg\u00e4nger vorbeikommen. Das Gleiche gilt f\u00fcr den Baummarder. Der aufmerksame Spazierg\u00e4nger entdeckt vielleicht ein Eichh\u00f6rnchen oder einen Igel, die gerade Futter f\u00fcr ihre Jungen sammeln.<\/p>\n<p>Naturliebhaber kommen in den D\u00fcnen auf jeden Fall auf ihre Kosten, denn dort ist im Moment alles sch\u00f6n gr\u00fcn. Etwas sehr Sch\u00f6nes bl\u00fcht gerade in den Randstreifen: das Schlangenkraut. &#8220;Es hat wundersch\u00f6ne blaue Bl\u00fcten, an denen sich unz\u00e4hlige Insekten an dem Nektar laben&#8221;, sagt Woudsma. Der Stempel hat ein gespaltenes Ende: wie die Zunge einer Schlange. F\u00fcr diese Pflanzen gilt das Gleiche wie f\u00fcr Tiere: Nicht anfassen, nur genie\u00dfen.&#8221;<\/p>\n<h4>Brennnessel<\/h4>\n<p>An manche Pflanzen zu kommen, ist auch nicht so klug. Die bekannteste, die derzeit in den D\u00fcnen wuchert, ist wohl die Brennnessel. Sollte sich ein unaufmerksamer Wanderer dennoch eine solche fiese Beule einfangen, gibt es Abhilfe. Die Bl\u00e4tter der &#8211; oft in der N\u00e4he von Brennnesseln bl\u00fchenden &#8211; Taubnessel wirken zum Beispiel Wunder gegen die Verbrennung. Und Hundestroh wirkt bei mir sehr gut&#8221;, sagt Woudsma. ,,Jeder hat eine andere Theorie \u00fcber eine Pflanze, die bei Brennnesseln hilft. Manche glauben, dass man Wegerich nehmen sollte. Bei mir klappt das nicht. Aber gut, wenn du fest genug daran glaubst, geht es von alleine weg.&#8221;<\/p>\n<p>[\/et_pb_text][\/et_pb_column][\/et_pb_row][et_pb_row column_structure=&#8221;1_2,1_2&#8243; _builder_version=&#8221;4.5.7&#8243; _module_preset=&#8221;default&#8221;][et_pb_column type=&#8221;1_2&#8243; _builder_version=&#8221;4.5.7&#8243; _module_preset=&#8221;default&#8221;][et_pb_image src=&#8221;https:\/\/egmondonline.nl\/wp-content\/uploads\/exm4.jpg&#8221; title_text=&#8221;exm4&#8243; _builder_version=&#8221;4.5.7&#8243; _module_preset=&#8221;default&#8221;][\/et_pb_image][\/et_pb_column][et_pb_column type=&#8221;1_2&#8243; _builder_version=&#8221;4.5.7&#8243; _module_preset=&#8221;default&#8221;][et_pb_text _builder_version=&#8221;4.5.7&#8243; _module_preset=&#8221;default&#8221;]<\/p>\n<h2>Exmoor-Ponys in den Egmonder D\u00fcnen<\/h2>\n<p>Michiel Mooij ist ein Bio-Milchviehhalter, der 31 Exmoor-Ponys im D\u00fcnengebiet zwischen Egmond und Castricum, im Naturschutzgebiet &#8220;Noordhollands Duinreservaat&#8221;, h\u00e4lt.<\/p>\n<p>Die Ponys (Wallache und Stuten) grasen das etwa 1.100 Hektar gro\u00dfe Gebiet zusammen mit schottischen Hochl\u00e4ndern ab.<\/p>\n<p>Da unsere Exmoor-Ponys kaum oder gar nicht domestiziert wurden, haben sie ihre nat\u00fcrlichen Eigenschaften behalten. Dadurch sind Exmoor-Ponys sehr gut f\u00fcr die ganzj\u00e4hrige Beweidung von Naturschutzgebieten geeignet.<\/p>\n<p>Aufgrund ihrer nat\u00fcrlichen Scheu vor Menschen n\u00e4hern sich Exmoor-Ponys nicht von sich aus der \u00d6ffentlichkeit, um gef\u00fcttert zu werden.<\/p>\n<p>[\/et_pb_text][\/et_pb_column][\/et_pb_row][\/et_pb_section]<\/p>\n","protected":false},"excerpt":{"rendered":"<p>Im D\u00fcnengebiet von PWN Sie sehen sehr knuddelig aus mit ihren langen rotbraunen Haaren, die sie auch ein bisschen jungenhaft vor den Augen herunterh\u00e4ngen haben. Aber sie sind auch einfach &#8211; ziemlich gro\u00dfe &#8211; Wildtiere, die \u00fcberhaupt nicht zum Streicheln gedacht sind. Urspr\u00fcnglich sind sie sogar Fluchttiere, aber inzwischen haben sich die schottischen Hochlandrinder so [&hellip;]<\/p>\n","protected":false},"author":3,"featured_media":67298,"parent":71476,"menu_order":0,"comment_status":"closed","ping_status":"open","template":"","meta":{"_et_pb_use_builder":"on","_et_pb_old_content":"","_et_gb_content_width":"","footnotes":""},"class_list":["post-71433","page","type-page","status-publish","has-post-thumbnail","hentry"],"_links":{"self":[{"href":"https:\/\/egmondonline.nl\/de\/wp-json\/wp\/v2\/pages\/71433","targetHints":{"allow":["GET"]}}],"collection":[{"href":"https:\/\/egmondonline.nl\/de\/wp-json\/wp\/v2\/pages"}],"about":[{"href":"https:\/\/egmondonline.nl\/de\/wp-json\/wp\/v2\/types\/page"}],"author":[{"embeddable":true,"href":"https:\/\/egmondonline.nl\/de\/wp-json\/wp\/v2\/users\/3"}],"replies":[{"embeddable":true,"href":"https:\/\/egmondonline.nl\/de\/wp-json\/wp\/v2\/comments?post=71433"}],"version-history":[{"count":0,"href":"https:\/\/egmondonline.nl\/de\/wp-json\/wp\/v2\/pages\/71433\/revisions"}],"up":[{"embeddable":true,"href":"https:\/\/egmondonline.nl\/de\/wp-json\/wp\/v2\/pages\/71476"}],"wp:featuredmedia":[{"embeddable":true,"href":"https:\/\/egmondonline.nl\/de\/wp-json\/wp\/v2\/media\/67298"}],"wp:attachment":[{"href":"https:\/\/egmondonline.nl\/de\/wp-json\/wp\/v2\/media?parent=71433"}],"curies":[{"name":"wp","href":"https:\/\/api.w.org\/{rel}","templated":true}]}}