{"id":71429,"date":"2020-10-22T20:37:03","date_gmt":"2020-10-22T18:37:03","guid":{"rendered":"https:\/\/egmondonline.nl\/egmond-aan-zee\/"},"modified":"2023-12-06T02:29:22","modified_gmt":"2023-12-06T00:29:22","slug":"egmond-aan-zee","status":"publish","type":"page","link":"https:\/\/egmondonline.nl\/de\/egmond\/egmond-aan-zee\/","title":{"rendered":"Egmond aan Zee"},"content":{"rendered":"<p>[et_pb_section fb_built=&#8221;1&#8243; _builder_version=&#8221;4.16&#8243; global_colors_info=&#8221;{}&#8221;][et_pb_row _builder_version=&#8221;4.16&#8243; background_size=&#8221;initial&#8221; background_position=&#8221;top_left&#8221; background_repeat=&#8221;repeat&#8221; custom_padding=&#8221;||0px|||&#8221; global_colors_info=&#8221;{}&#8221;][et_pb_column type=&#8221;4_4&#8243; _builder_version=&#8221;4.16&#8243; custom_padding=&#8221;|||&#8221; global_colors_info=&#8221;{}&#8221; custom_padding__hover=&#8221;|||&#8221;][et_pb_image src=&#8221;https:\/\/egmondonline.nl\/wp-content\/uploads\/egmond0-1024&#215;536.jpg&#8221; alt=&#8221;Willkommen in Egmond, wo Strand, Meer, d\u00f6rfliche Gem\u00fctlichkeit und Geschichte zusammenkommen.&#8221; title_text=&#8221;Willkommen in Egmond, wo Strand, Meer, d\u00f6rfliche Gem\u00fctlichkeit und Geschichte zusammenkommen.&#8221; _builder_version=&#8221;4.23.1&#8243; _module_preset=&#8221;default&#8221; global_colors_info=&#8221;{}&#8221;][\/et_pb_image][et_pb_text admin_label=&#8221;Text&#8221; _builder_version=&#8221;4.23.1&#8243; _module_preset=&#8221;default&#8221; header_font_size=&#8221;37px&#8221; header_line_height=&#8221;1.9em&#8221; header_2_text_align=&#8221;center&#8221; header_2_font_size=&#8221;28px&#8221; header_text_shadow_style=&#8221;preset1&#8243; global_colors_info=&#8221;{}&#8221;]<\/p>\n<h2 style=\"text-align: center;\">Das ber\u00fchmteste Dorf der drei Egmond-Regionen.<\/h2>\n<p>[\/et_pb_text][\/et_pb_column][\/et_pb_row][et_pb_row _builder_version=&#8221;4.23.1&#8243; _module_preset=&#8221;default&#8221; column_structure=&#8221;1_2,1_2&#8243;][et_pb_column _builder_version=&#8221;4.23.1&#8243; _module_preset=&#8221;default&#8221; type=&#8221;1_2&#8243;][et_pb_text _builder_version=&#8221;4.16&#8243; _module_preset=&#8221;default&#8221; global_colors_info=&#8221;{}&#8221;]Vor mehr als 1.000 Jahren war das Dorf urspr\u00fcnglich ein Fischerdorf, aber seit Anfang des letzten Jahrhunderts ist es touristisch interessant. Sowohl die Fischerei- als auch die Touristenvergangenheit sind im Stra\u00dfenbild noch immer deutlich zu erkennen.<\/p>\n<p>Prominent an der Promenade steht der <strong><br \/>\n  <a href=\"https:\/\/egmondonline.nl\/de\/j-c-j-van-speijk-egmond-leuchtturm\/\">Jan van Speyk-Leuchtturm<\/a><br \/>\n<\/strong> der vom ganzen Dorf aus gesehen werden kann.<\/p>\n<p>Das Dorf bietet Urlaubern viele Unterhaltungsm\u00f6glichkeiten. Terrassen, Restaurants und ein <span style=\"text-decoration: underline;\"><br \/>\n  <strong><a href=\"https:\/\/egmondonline.nl\/de\/zoekterm\/geschafte-de-2\/\">Einkaufsviertel<\/a> <\/strong><br \/>\n<\/span>mit etwas f\u00fcr jeden Geschmack. Im Sommer gibt es jede Woche eine Veranstaltung mit viel d\u00f6rflicher Unterhaltung, von der du dich auf dem <strong><a href=\"https:\/\/egmondonline.nl\/?s=pompplein\">Pumpenplatz<\/a> <\/strong>auf einer Terrasse entspannen kannst.<\/p>\n<p>Die L\u00e4den sind das ganze Jahr \u00fcber an 7 Tagen in der Woche ge\u00f6ffnet und f\u00fcr jeden leicht zug\u00e4nglich.<br \/>\n[\/et_pb_text][\/et_pb_column][et_pb_column _builder_version=&#8221;4.23.1&#8243; _module_preset=&#8221;default&#8221; type=&#8221;1_2&#8243;][et_pb_post_slider posts_number=&#8221;8&#8243; include_categories=&#8221;1510&#8243; more_text=&#8221;Mehr lesen&#8221; show_meta=&#8221;off&#8221; _builder_version=&#8221;4.23.1&#8243; _module_preset=&#8221;default&#8221; global_colors_info=&#8221;{}&#8221;][\/et_pb_post_slider][\/et_pb_column][\/et_pb_row][et_pb_row column_structure=&#8221;1_2,1_2&#8243; _builder_version=&#8221;4.16&#8243; _module_preset=&#8221;default&#8221; custom_padding=&#8221;||6px|||&#8221; global_colors_info=&#8221;{}&#8221;][et_pb_column type=&#8221;1_2&#8243; _builder_version=&#8221;4.16&#8243; _module_preset=&#8221;default&#8221; global_colors_info=&#8221;{}&#8221;][et_pb_image src=&#8221;https:\/\/egmondonline.nl\/wp-content\/uploads\/2014\/10\/egmond_aan_zee.jpg&#8221; alt=&#8221;Blick von Egmond aan Zee&#8221; title_text=&#8221;Blick von Egmond aan Zee&#8221; force_fullwidth=&#8221;on&#8221; _builder_version=&#8221;4.23&#8243; _module_preset=&#8221;default&#8221; global_colors_info=&#8221;{}&#8221;][\/et_pb_image][\/et_pb_column][et_pb_column type=&#8221;1_2&#8243; _builder_version=&#8221;4.16&#8243; _module_preset=&#8221;default&#8221; global_colors_info=&#8221;{}&#8221;][et_pb_text _builder_version=&#8221;4.23.1&#8243; _module_preset=&#8221;default&#8221; global_colors_info=&#8221;{}&#8221;]<\/p>\n<h2>Das Meer und das Wasser<\/h2>\n<p align=\"left\"><b>Egmond aan Zee<\/b> hat traditionell gegen das Wasser gek\u00e4mpft. Im Laufe der Jahrhunderte verschwanden regelm\u00e4\u00dfig Teile des Dorfes im Meer, wie im 18.<\/p>\n<p align=\"left\">Das Meer brachte auch viel Wohlstand, denn die Menschen in Egmond aan Zee verdienten ihren Lebensunterhalt haupts\u00e4chlich mit dem Fischfang. Sie segelten auf dem Meer mit der <strong>Pinck<\/strong> und den Bomschuiten, Schiffstypen, die leicht an den Strand gezogen werden konnten.<\/p>\n<p align=\"left\">Anfang des 20. Jahrhunderts, mit dem Aufkommen der Dampftrawler, zogen viele Egmonder nach IJmuiden und lie\u00dfen sich dort nieder. Vieles erinnert noch an Egmonds Fischereivergangenheit, wie die sogenannten Fischerh\u00e4uschen und das Fischerdenkmal.<\/p>\n<p align=\"left\"><strong><br \/>\n  <a href=\"https:\/\/egmondonline.nl\/de\/prinz-henry-stiftung-egmond\/\">Die Prince Henry Foundation<\/a><br \/>\n<\/strong> ist ein denkmalgesch\u00fctztes Geb\u00e4ude und war urspr\u00fcnglich eine Unterkunft f\u00fcr ehemalige Seeleute. Das Museum von Egmond zeigt ein Bild der Geschichte der Stadt. Der Rundgang, der von der Stiftung Historic Egmond organisiert wird, zeigt auch die Vergangenheit.<\/p>\n<p>[\/et_pb_text][\/et_pb_column][\/et_pb_row][et_pb_row _builder_version=&#8221;4.19.5&#8243; _module_preset=&#8221;default&#8221; custom_padding=&#8221;2px||8px|||&#8221; global_colors_info=&#8221;{}&#8221;][et_pb_column type=&#8221;4_4&#8243; _builder_version=&#8221;4.19.5&#8243; _module_preset=&#8221;default&#8221; global_colors_info=&#8221;{}&#8221;][et_pb_text _builder_version=&#8221;4.19.5&#8243; _module_preset=&#8221;default&#8221; global_colors_info=&#8221;{}&#8221;]Der breite Strand bietet zahlreiche M\u00f6glichkeiten zur Entspannung: Strandk\u00f6rbe, Sonnenliegen, Windschutz und Strandpavillons. Nat\u00fcrlich gibt es auch M\u00f6glichkeiten zum Wandern, Schwimmen, Segeln und Surfen, und es ist m\u00f6glich, zum Beispiel an einer Powerkitten oder Branding-Kanufahren, was zu einem unvergesslichen Stranderlebnis f\u00fchrt.<br \/>\n[\/et_pb_text][\/et_pb_column][\/et_pb_row][et_pb_row column_structure=&#8221;1_2,1_2&#8243; _builder_version=&#8221;4.23&#8243; _module_preset=&#8221;default&#8221; global_colors_info=&#8221;{}&#8221;][et_pb_column type=&#8221;1_2&#8243; _builder_version=&#8221;4.23&#8243; _module_preset=&#8221;default&#8221; global_colors_info=&#8221;{}&#8221;][et_pb_text _builder_version=&#8221;4.16&#8243; _module_preset=&#8221;default&#8221; global_colors_info=&#8221;{}&#8221;]<\/p>\n<div class=\"wpb_text_column wpb_content_element \">\n<div class=\"wpb_wrapper\">\n<p align=\"left\">Seit Anfang des letzten Jahrhunderts ist <b>Egmond aan<\/b> Zee bei Touristen sehr beliebt, die vor allem wegen der gesunden Seeluft kommen. Vor allem aus den Gro\u00dfst\u00e4dten waren kleine Kinder zu Gast in einem der vielen Kolonieh\u00e4user. Hoch \u00fcber dem Dorf thront der Jan van Speijk-Leuchtturm von 1834. Dieser Turm wurde 1838 als J.C.J. van Speyk-Denkmal ausgew\u00e4hlt, in Erinnerung an den Schatzmeister, der es vorzog, sich in die Luft zu begeben, anstatt sein Schiff dem Feind, den Belgiern, zu \u00fcberlassen. Am 5. Februar 1831 z\u00fcndete er die Schie\u00dfpulvervorr\u00e4te an Bord an. Neben Van Speyk starben auch 25 weitere Besatzungsmitglieder und mehrere Belgier bei der Explosion.<\/p>\n<p align=\"left\">Gleich die Stra\u00dfe hinunter befindet sich die moderne Rettungsstation der Rettungsgesellschaft KNRM. Die Rettungsbootstation Egmond war schon an mehreren ber\u00fchmten Strandungen beteiligt.<\/p>\n<\/div>\n<\/div>\n<p>[\/et_pb_text][\/et_pb_column][et_pb_column type=&#8221;1_2&#8243; _builder_version=&#8221;4.23&#8243; _module_preset=&#8221;default&#8221; global_colors_info=&#8221;{}&#8221;][et_pb_video src=&#8221;https:\/\/youtu.be\/q_hRBn1mP1M?si=vJNdlXULFxJSYUNR&#8221; _builder_version=&#8221;4.23&#8243; _module_preset=&#8221;default&#8221; global_colors_info=&#8221;{}&#8221;][\/et_pb_video][\/et_pb_column][\/et_pb_row][et_pb_row _builder_version=&#8221;4.16&#8243; _module_preset=&#8221;default&#8221; custom_padding=&#8221;3px|||||&#8221; global_colors_info=&#8221;{}&#8221;][et_pb_column type=&#8221;4_4&#8243; _builder_version=&#8221;4.16&#8243; _module_preset=&#8221;default&#8221; global_colors_info=&#8221;{}&#8221;][et_pb_text admin_label=&#8221;Tekst&#8221; _builder_version=&#8221;4.19.5&#8243; _module_preset=&#8221;default&#8221; header_2_font_size=&#8221;40px&#8221; global_colors_info=&#8221;{}&#8221;]<\/p>\n<div id=\"title\" class=\"style-scope ytd-watch-metadata\">\n<h2 class=\"style-scope ytd-watch-metadata\" style=\"text-align: center;\">Egmond aan Zee von oben in der Vogelperspektive<\/h2>\n<\/div>\n<div id=\"top-row\" class=\"style-scope ytd-watch-metadata\">\n<div id=\"owner\" class=\"item style-scope ytd-watch-metadata\"><\/div>\n<\/div>\n<p>[\/et_pb_text][et_pb_video src=&#8221;https:\/\/youtu.be\/5X-6WvaY91U&#8221; image_src=&#8221;\/\/i.ytimg.com\/vi\/5X-6WvaY91U\/hqdefault.jpg&#8221; _builder_version=&#8221;4.19.5&#8243; _module_preset=&#8221;default&#8221; global_colors_info=&#8221;{}&#8221;][\/et_pb_video][\/et_pb_column][\/et_pb_row][et_pb_row column_structure=&#8221;1_2,1_2&#8243; _builder_version=&#8221;4.16&#8243; _module_preset=&#8221;default&#8221; global_colors_info=&#8221;{}&#8221;][et_pb_column type=&#8221;1_2&#8243; _builder_version=&#8221;4.16&#8243; _module_preset=&#8221;default&#8221; global_colors_info=&#8221;{}&#8221;][et_pb_image src=&#8221;https:\/\/egmondonline.nl\/wp-content\/uploads\/2014\/10\/EgmondaanZee.jpg&#8221; alt=&#8221;Egmond aan Zee Vergangenheitsform&#8221; title_text=&#8221;Egmond aan Zee&#8221; _builder_version=&#8221;4.16&#8243; _module_preset=&#8221;default&#8221; global_colors_info=&#8221;{}&#8221;][\/et_pb_image][et_pb_text _builder_version=&#8221;4.16&#8243; _module_preset=&#8221;default&#8221; global_colors_info=&#8221;{}&#8221;]<\/p>\n<h2>Geschichte<\/h2>\n<p>Das Jahr 977 wird oft als das Gr\u00fcndungsjahr von Egmond aan Zee genannt.<br \/>\nDann soll Walgerus, ein Landwirt aus Egmond-Binnen, zehn H\u00e4user am Meer bauen lassen haben. Diese H\u00e4user waren f\u00fcr einige arme Familien gedacht, die dort umsonst wohnen durften. Sie durften im Meer fischen und die einzige Bedingung, die dieser Walgerus stellte, war, dass sie zehn Prozent ihres Fangs an die Abtei in Egmond-Binnen abgeben mussten.<br \/>\n[\/et_pb_text][\/et_pb_column][et_pb_column type=&#8221;1_2&#8243; _builder_version=&#8221;4.16&#8243; _module_preset=&#8221;default&#8221; global_colors_info=&#8221;{}&#8221;][et_pb_image src=&#8221;https:\/\/egmondonline.nl\/wp-content\/uploads\/2014\/10\/tegenwoordigetijd-egmondaanzee.jpg&#8221; alt=&#8221;Das Dorf Egmond aan Zee anno Nu&#8221; title_text=&#8221;Das Dorf Egmond aan Zee&#8221; force_fullwidth=&#8221;on&#8221; _builder_version=&#8221;4.23&#8243; _module_preset=&#8221;default&#8221; global_colors_info=&#8221;{}&#8221;][\/et_pb_image][et_pb_text _builder_version=&#8221;4.16&#8243; _module_preset=&#8221;default&#8221; global_colors_info=&#8221;{}&#8221;]<\/p>\n<h2 align=\"left\">Pr\u00e4sens<\/h2>\n<p align=\"left\">1. Januar 2001: Bergen und Schoorl fusionieren und bilden die neue Gemeinde Bergen. So entsteht eine Gemeinde mit einer 21 Kilometer langen K\u00fcstenlinie, einer abwechslungsreichen Landschaft aus Strand, D\u00fcnen, Meer, W\u00e4ldern und Feldern und einer reichen kulturellen Vergangenheit und Gegenwart.<\/p>\n<p align=\"left\">Wenn du dich als Sympathisant mehr in Egmond aan Zee engagieren m\u00f6chtest, suche auf Google nach der Website der Dorpsvereniging Egmond Parel aan Zee<\/p>\n<p>[\/et_pb_text][\/et_pb_column][\/et_pb_row][et_pb_row _builder_version=&#8221;4.16&#8243; _module_preset=&#8221;default&#8221; global_colors_info=&#8221;{}&#8221;][et_pb_column type=&#8221;4_4&#8243; _builder_version=&#8221;4.16&#8243; _module_preset=&#8221;default&#8221; global_colors_info=&#8221;{}&#8221;][et_pb_text admin_label=&#8221;ZIN IN EGMOND GEKREGEN BOEK DIRECT EEN WEEKEND WEG&#8221; _builder_version=&#8221;4.17.0&#8243; _module_preset=&#8221;default&#8221; header_font_size=&#8221;40px&#8221; global_colors_info=&#8221;{}&#8221;]<\/p>\n<h1 style=\"text-align: center;\">LUST AUF EGMOND JETZT EIN WOCHENENDE BUCHEN<\/h1>\n<p>[\/et_pb_text][et_pb_code admin_label=&#8221;Booking.com&#8221; _builder_version=&#8221;4.17.0&#8243; _module_preset=&#8221;default&#8221; global_colors_info=&#8221;{}&#8221;]<ins class=\"bookingaff\" data-aid=\"2239740\" data-target_aid=\"2239740\" data-prod=\"map\" data-width=\"100%\" data-height=\"590\" data-lang=\"ualng\" data-dest_id=\"0\" data-dest_type=\"landmark\" data-latitude=\"52.6186114\" data-longitude=\"4.6302431\" data-landmark_name=\"EGMOND AAN ZEE\" data-mwhsb=\"0\" data-address=\"Egmond aan Zee, Netherlands\" data-zoom=\"15\"><!-- [et_pb_line_break_holder] --> <!-- Anything inside will go away once widget is loaded. --><!-- [et_pb_line_break_holder] --> <a href=\"\/\/www.booking.com?aid=2239740\">Booking.com<\/a><!-- [et_pb_line_break_holder] --><\/ins><!-- [et_pb_line_break_holder] --><script type=\"text\/javascript\"><!-- [et_pb_line_break_holder] -->    (function(d, sc, u) {<!-- [et_pb_line_break_holder] -->      var s = d.createElement(sc), p = d.getElementsByTagName(sc)[0];<!-- [et_pb_line_break_holder] -->      s.type = 'text\/javascript';<!-- [et_pb_line_break_holder] -->      s.async = true;<!-- [et_pb_line_break_holder] -->      s.src = u + '?v=' + (+new Date());<!-- [et_pb_line_break_holder] -->      p.parentNode.insertBefore(s,p);<!-- [et_pb_line_break_holder] -->      })(document, 'script', '\/\/cf.bstatic.com\/static\/affiliate_base\/js\/flexiproduct.js');<!-- [et_pb_line_break_holder] --><\/script>[\/et_pb_code][et_pb_post_slider posts_number=&#8221;20&#8243; include_categories=&#8221;23&#8243; show_meta=&#8221;off&#8221; _builder_version=&#8221;4.19.5&#8243; _module_preset=&#8221;default&#8221; global_colors_info=&#8221;{}&#8221;][\/et_pb_post_slider][\/et_pb_column][\/et_pb_row][\/et_pb_section]<\/p>\n","protected":false},"excerpt":{"rendered":"<p>Das ber\u00fchmteste Dorf der drei Egmond-Regionen.Vor mehr als 1.000 Jahren war das Dorf urspr\u00fcnglich ein Fischerdorf, aber seit Anfang des letzten Jahrhunderts ist es touristisch interessant. Sowohl die Fischerei- als auch die Touristenvergangenheit sind im Stra\u00dfenbild noch immer deutlich zu erkennen. Prominent an der Promenade steht der Jan van Speyk-Leuchtturm der vom ganzen Dorf aus [&hellip;]<\/p>\n","protected":false},"author":3,"featured_media":66334,"parent":71476,"menu_order":1,"comment_status":"closed","ping_status":"closed","template":"","meta":{"_et_pb_use_builder":"on","_et_pb_old_content":"<p>[vc_row][vc_column][vc_column_text]<\/p><h2>Egmond aan Zee is de bekendste van de drie Egmonden.<\/h2><p>[\/vc_column_text][vc_raw_html]JTNDc2NyaXB0JTIwYXN5bmMlMjBzcmMlM0QlMjJodHRwcyUzQSUyRiUyRnBhZ2VhZDIuZ29vZ2xlc3luZGljYXRpb24uY29tJTJGcGFnZWFkJTJGanMlMkZhZHNieWdvb2dsZS5qcyUyMiUzRSUzQyUyRnNjcmlwdCUzRSUwQSUzQyUyMS0tJTIwb25kZXJoZWFkZXIlMjAtLSUzRSUwQSUzQ2lucyUyMGNsYXNzJTNEJTIyYWRzYnlnb29nbGUlMjIlMEElMjAlMjAlMjAlMjAlMjBzdHlsZSUzRCUyMmRpc3BsYXklM0FibG9jayUyMiUwQSUyMCUyMCUyMCUyMCUyMGRhdGEtYWQtY2xpZW50JTNEJTIyY2EtcHViLTc2MjA5MjI0MTQ0MDQ0NjclMjIlMEElMjAlMjAlMjAlMjAlMjBkYXRhLWFkLXNsb3QlM0QlMjIxOTkxNTI1OTgwJTIyJTBBJTIwJTIwJTIwJTIwJTIwZGF0YS1hZC1mb3JtYXQlM0QlMjJhdXRvJTIyJTBBJTIwJTIwJTIwJTIwJTIwZGF0YS1mdWxsLXdpZHRoLXJlc3BvbnNpdmUlM0QlMjJ0cnVlJTIyJTNFJTNDJTJGaW5zJTNFJTBBJTNDc2NyaXB0JTNFJTBBJTIwJTIwJTIwJTIwJTIwJTI4YWRzYnlnb29nbGUlMjAlM0QlMjB3aW5kb3cuYWRzYnlnb29nbGUlMjAlN0MlN0MlMjAlNUIlNUQlMjkucHVzaCUyOCU3QiU3RCUyOSUzQiUwQSUzQyUyRnNjcmlwdCUzRQ==[\/vc_raw_html][\/vc_column][\/vc_row][vc_row][vc_column width=\"1\/2\"][vc_column_text]Meer dan 1000 jaar geleden is het dorp ontstaan als vissersplaatsje, maar al sinds het begin van de vorige eeuw heeft het een toeristisch belang. Zowel het vissers- als het toeristische verleden zijn nog duidelijk in het straatbeeld terug te vinden. Prominent aan de boulevard staat vuurtoren Jan van Speyk die vanuit het hele dorp te zien is.<\/p><p>Het dorp biedt de vakantieganger veel vertier. terrassen, restaurants, en een winkelgebied met voor ieder wat wils. Zomers is er elke week wel een <span style=\"color: #ff0000;\">evenement<\/span> met veel dorps entertainment waarvan u heerlijk op het\u00a0<span style=\"color: #ff0000;\">Pompplein<\/span> vanaf een terrasje kunt genieten.<\/p><p>De winkels zijn het hele jaar 7 dagen per week open en\u00a0voor iedereen goed bereikbaar.<\/p><p>Het brede strand biedt talloze mogelijkheden tot ontspanning: strandstoelen, ligbedden, windschermen en strandpaviljoens.\u00a0 Ook zijn er uiteraard wandel-, zwem-, zeil- en surfmogelijkheden en is het mogelijk om deel te nemen aan bijvoorbeeld: Powerkitten of\u00a0Branding kano\u00ebn wat een onvergetelijke strandervaring tot gevolg heeft.[\/vc_column_text][\/vc_column][vc_column width=\"1\/2\"][vc_gmaps link=\"#E-8_JTNDaWZyYW1lJTIwc3JjJTNEJTIyaHR0cHMlM0ElMkYlMkZ3d3cuZ29vZ2xlLmNvbSUyRm1hcHMlMkZlbWJlZCUzRnBiJTNEJTIxMW0xOCUyMTFtMTIlMjExbTMlMjExZDk2ODkuNTM2MzYyOTM5OTAyJTIxMmQ0LjYzNjgwMTA1NTM5ODkxMSUyMTNkNTIuNjE2OTAyODU3NTY3NTIlMjEybTMlMjExZjAlMjEyZjAlMjEzZjAlMjEzbTIlMjExaTEwMjQlMjEyaTc2OCUyMTRmMTMuMSUyMTNtMyUyMTFtMiUyMTFzMHg0N2NmNTg5YmM5NTE5M2ZiJTI1M0EweDc2MGNiZmExNzQ2MjA4NTUlMjEyczE5MzElMkJFZ21vbmQlMkJhYW4lMkJaZWUlMjE1ZTAlMjEzbTIlMjExc25sJTIxMnNubCUyMTR2MTQxNDAxNjg4OTU3MCUyMiUyMHdpZHRoJTNEJTIyNDAwJTIyJTIwaGVpZ2h0JTNEJTIyNTAwJTIyJTIwZnJhbWVib3JkZXIlM0QlMjIwJTIyJTIwc3R5bGUlM0QlMjJib3JkZXIlM0EwJTIyJTNFJTNDJTJGaWZyYW1lJTNF\" size=\"320\"][\/vc_column][\/vc_row][vc_row][vc_column width=\"1\/2\"][vc_single_image image=\"2887\" img_size=\"full\"][\/vc_column][vc_column width=\"1\/2\"][vc_column_text]<\/p><h2>De zee en het water<\/h2><p align=\"left\">In <b>Egmond aan Zee<\/b> wordt van oudsher gestreden tegen het water.\u00a0In de loop der eeuwen verdwenen geregeld delen van het dorp in zee, zoals in de 18e eeuw<\/p><p align=\"left\">De zee bracht ook veel voorspoed, want de inwoners van Egmond aan Zee verdienden de kost vooral met de visvangst. Zij bevoeren de zee met de Pinck en bomschuiten, scheepstypen die makkelijk op het strand konden worden getrokken.<\/p><p align=\"left\">In het begin van de 20e eeuw, met de opkomst van de stoomtrawlers, trokken veel Egmonders naar IJmuiden en gingen daar wonen. Veel doet nog denken aan het visserijverleden van Egmond, zoals de zogeheten vissershuisjes en het visserijmonument.<\/p><p align=\"left\">De Prins Hendrik Stichting is een markant gebouw en was oorspronkelijk een opvanghuis voor oud zeelieden. In het Museum van Egmond wordt een beeld gegeven van de historie. Ook de rondwandeling, georganiseerd door Stichting Historisch Egmond, laat het verleden zien.<\/p><p>[\/vc_column_text][\/vc_column][\/vc_row][vc_row][vc_column][vc_column_text]<\/p><p align=\"left\"><b>Egmond aan Zee<\/b> is vanaf het begin van de vorige eeuw zeer in trek bij toeristen die vooral kwamen voor de gezonde zeelucht. Met name vanuit de grote steden waren jonge kinderen te gast in \u00e9\u00e9n van de vele koloniehuizen. Hoog boven het dorp torent de vuurtoren Jan van Speijk uit 1834. Deze toren werd in 1838 uitgekozen als J.C.J van Speyk monument, ter nagedachtenis aan de Luitenant-ter-Zee, die liever de lucht in vloog dan zijn schip over te geven aan de vijand, de Belgen. Hij stak de voorraad kruit aan boord aan op 5 februari 1831. Behalve Van Speyk, vonden ook 25 andere bemanningsleden en een aantal Belgen de dood bij de ontploffing.<\/p><p align=\"left\">Even verderop bevindt zich het moderne reddingstation van de reddingsmaatschappij KNRM. Het reddingstation Egmond is betrokken geweest bij diverse beroemd geworden strandingen op de kust.<\/p><p>[\/vc_column_text][vc_empty_space height=\"20px\"][\/vc_column][vc_column width=\"1\/2\"][vc_column_text]<\/p><h2>Geschiedenis<\/h2><p>Als stichtingsjaar van Egmond aan Zee noemt men vaak het jaar 977.<br \/>Toen zou Walgerus, een hereboer uit Egmond-Binnen, tien huizen aan de zee hebben laten timmeren. Deze huizen waren bestemd voor een aantal arme gezinnen, die daar voor niets mochten wonen. Ze mochten vissen in de zee en de enige voorwaarde die deze Walgerus stelde, was, dat ze tien procent van hun visvangst aan de abdij in Egmond-Binnen zouden afstaan.<\/p><p>Ter ere van de Heilige Agnes zou Walgerus een kerkje hebben gesticht. Dit kerkje is uitgegroeid tot de huidige Oud-Katholieke St. Agnes kerk aan de Voorstraat.[\/vc_column_text][\/vc_column][vc_column width=\"1\/2\"][vc_single_image image=\"2864\" img_size=\"full\"][\/vc_column][\/vc_row][vc_row][vc_column width=\"1\/2\"][vc_column_text]<\/p><h2 align=\"left\">Tegenwoordige tijd<\/h2><p align=\"left\">1 januari 2001: Bergen,en Schoorl fuseren tot de nieuwe gemeente Bergen. Daarmee ontstaat een gemeente met een 21 kilometer lange kustlijn, een afwisselend landschap van strand, duinen, zee, bossen en velden en een rijk cultureel verleden en heden. Wilt u als sympathisant meer betrokkenheid bij Egmond aan Zee van zoek dan een op google naar\u00a0de website van <span style=\"text-decoration: underline;\"><span style=\"color: #0066cc;\">D<\/span><\/span><span style=\"color: #0066cc;\">orpsvereniging Egmond Parel aan Zee<\/span><\/p><p>[\/vc_column_text][\/vc_column][vc_column width=\"1\/2\"][vc_single_image image=\"2884\" img_size=\"full\"][\/vc_column][\/vc_row][vc_row][vc_column][vc_raw_html]JTNDc2NyaXB0JTIwYXN5bmMlMjBzcmMlM0QlMjJodHRwcyUzQSUyRiUyRnBhZ2VhZDIuZ29vZ2xlc3luZGljYXRpb24uY29tJTJGcGFnZWFkJTJGanMlMkZhZHNieWdvb2dsZS5qcyUyMiUzRSUzQyUyRnNjcmlwdCUzRSUwQSUzQyUyMS0tJTIwb25kZXJoZWFkZXIlMjAtLSUzRSUwQSUzQ2lucyUyMGNsYXNzJTNEJTIyYWRzYnlnb29nbGUlMjIlMEElMjAlMjAlMjAlMjAlMjBzdHlsZSUzRCUyMmRpc3BsYXklM0FibG9jayUyMiUwQSUyMCUyMCUyMCUyMCUyMGRhdGEtYWQtY2xpZW50JTNEJTIyY2EtcHViLTc2MjA5MjI0MTQ0MDQ0NjclMjIlMEElMjAlMjAlMjAlMjAlMjBkYXRhLWFkLXNsb3QlM0QlMjIxOTkxNTI1OTgwJTIyJTBBJTIwJTIwJTIwJTIwJTIwZGF0YS1hZC1mb3JtYXQlM0QlMjJhdXRvJTIyJTBBJTIwJTIwJTIwJTIwJTIwZGF0YS1mdWxsLXdpZHRoLXJlc3BvbnNpdmUlM0QlMjJ0cnVlJTIyJTNFJTNDJTJGaW5zJTNFJTBBJTNDc2NyaXB0JTNFJTBBJTIwJTIwJTIwJTIwJTIwJTI4YWRzYnlnb29nbGUlMjAlM0QlMjB3aW5kb3cuYWRzYnlnb29nbGUlMjAlN0MlN0MlMjAlNUIlNUQlMjkucHVzaCUyOCU3QiU3RCUyOSUzQiUwQSUzQyUyRnNjcmlwdCUzRQ==[\/vc_raw_html][vc_widget_sidebar title=\"Live Webcam in Egmond\" sidebar_id=\"et_pb_widget_area_5\"][\/vc_column][\/vc_row][vc_row][vc_column width=\"1\/2\"][vc_raw_html]JTNDc2NyaXB0JTIwYXN5bmMlMjBzcmMlM0QlMjJodHRwcyUzQSUyRiUyRnBhZ2VhZDIuZ29vZ2xlc3luZGljYXRpb24uY29tJTJGcGFnZWFkJTJGanMlMkZhZHNieWdvb2dsZS5qcyUyMiUzRSUzQyUyRnNjcmlwdCUzRSUwQSUzQ2lucyUyMGNsYXNzJTNEJTIyYWRzYnlnb29nbGUlMjIlMEElMjAlMjAlMjAlMjAlMjBzdHlsZSUzRCUyMmRpc3BsYXklM0FibG9jayUzQiUyMHRleHQtYWxpZ24lM0FjZW50ZXIlM0IlMjIlMEElMjAlMjAlMjAlMjAlMjBkYXRhLWFkLWxheW91dCUzRCUyMmluLWFydGljbGUlMjIlMEElMjAlMjAlMjAlMjAlMjBkYXRhLWFkLWZvcm1hdCUzRCUyMmZsdWlkJTIyJTBBJTIwJTIwJTIwJTIwJTIwZGF0YS1hZC1jbGllbnQlM0QlMjJjYS1wdWItNzYyMDkyMjQxNDQwNDQ2NyUyMiUwQSUyMCUyMCUyMCUyMCUyMGRhdGEtYWQtc2xvdCUzRCUyMjMwOTM5OTAxMzUlMjIlM0UlM0MlMkZpbnMlM0UlMEElM0NzY3JpcHQlM0UlMEElMjAlMjAlMjAlMjAlMjAlMjhhZHNieWdvb2dsZSUyMCUzRCUyMHdpbmRvdy5hZHNieWdvb2dsZSUyMCU3QyU3QyUyMCU1QiU1RCUyOS5wdXNoJTI4JTdCJTdEJTI5JTNCJTBBJTNDJTJGc2NyaXB0JTNF[\/vc_raw_html][\/vc_column][vc_column width=\"1\/2\"][vc_raw_html]JTNDc2NyaXB0JTIwYXN5bmMlMjBzcmMlM0QlMjJodHRwcyUzQSUyRiUyRnBhZ2VhZDIuZ29vZ2xlc3luZGljYXRpb24uY29tJTJGcGFnZWFkJTJGanMlMkZhZHNieWdvb2dsZS5qcyUyMiUzRSUzQyUyRnNjcmlwdCUzRSUwQSUzQ2lucyUyMGNsYXNzJTNEJTIyYWRzYnlnb29nbGUlMjIlMEElMjAlMjAlMjAlMjAlMjBzdHlsZSUzRCUyMmRpc3BsYXklM0FibG9jayUzQiUyMHRleHQtYWxpZ24lM0FjZW50ZXIlM0IlMjIlMEElMjAlMjAlMjAlMjAlMjBkYXRhLWFkLWxheW91dCUzRCUyMmluLWFydGljbGUlMjIlMEElMjAlMjAlMjAlMjAlMjBkYXRhLWFkLWZvcm1hdCUzRCUyMmZsdWlkJTIyJTBBJTIwJTIwJTIwJTIwJTIwZGF0YS1hZC1jbGllbnQlM0QlMjJjYS1wdWItNzYyMDkyMjQxNDQwNDQ2NyUyMiUwQSUyMCUyMCUyMCUyMCUyMGRhdGEtYWQtc2xvdCUzRCUyMjMwOTM5OTAxMzUlMjIlM0UlM0MlMkZpbnMlM0UlMEElM0NzY3JpcHQlM0UlMEElMjAlMjAlMjAlMjAlMjAlMjhhZHNieWdvb2dsZSUyMCUzRCUyMHdpbmRvdy5hZHNieWdvb2dsZSUyMCU3QyU3QyUyMCU1QiU1RCUyOS5wdXNoJTI4JTdCJTdEJTI5JTNCJTBBJTNDJTJGc2NyaXB0JTNF[\/vc_raw_html][vc_column_text]<\/p><div id=\"TA_cdsdmo519\" class=\"TA_cdsdmo\"><ul id=\"f6i7y3mZfh\" class=\"TA_links r4c7j1d\"><li id=\"PgSXdvGsy4vj\" class=\"6FnXsz\"><a href=\"http:\/\/www.tripadvisor.nl\/\" target=\"_blank\" rel=\"noopener noreferrer\"><img src=\"http:\/\/www.tripadvisor.nl\/img\/cdsi\/partner\/tripadvisor_logo_146x22-11324-2.gif\" alt=\"TripAdvisor\" \/><\/a><\/li><\/ul><\/div><p><script src=\"http:\/\/www.jscache.com\/wejs?wtype=cdsdmo&uniq=519&locationId=652297&lang=nl&photo=true&hotel=y&attraction=y&restaurant=y&display_version=2\"><\/script>[\/vc_column_text][\/vc_column][\/vc_row]<\/p>","_et_gb_content_width":"","footnotes":""},"class_list":["post-71429","page","type-page","status-publish","has-post-thumbnail","hentry"],"_links":{"self":[{"href":"https:\/\/egmondonline.nl\/de\/wp-json\/wp\/v2\/pages\/71429","targetHints":{"allow":["GET"]}}],"collection":[{"href":"https:\/\/egmondonline.nl\/de\/wp-json\/wp\/v2\/pages"}],"about":[{"href":"https:\/\/egmondonline.nl\/de\/wp-json\/wp\/v2\/types\/page"}],"author":[{"embeddable":true,"href":"https:\/\/egmondonline.nl\/de\/wp-json\/wp\/v2\/users\/3"}],"replies":[{"embeddable":true,"href":"https:\/\/egmondonline.nl\/de\/wp-json\/wp\/v2\/comments?post=71429"}],"version-history":[{"count":0,"href":"https:\/\/egmondonline.nl\/de\/wp-json\/wp\/v2\/pages\/71429\/revisions"}],"up":[{"embeddable":true,"href":"https:\/\/egmondonline.nl\/de\/wp-json\/wp\/v2\/pages\/71476"}],"wp:featuredmedia":[{"embeddable":true,"href":"https:\/\/egmondonline.nl\/de\/wp-json\/wp\/v2\/media\/66334"}],"wp:attachment":[{"href":"https:\/\/egmondonline.nl\/de\/wp-json\/wp\/v2\/media?parent=71429"}],"curies":[{"name":"wp","href":"https:\/\/api.w.org\/{rel}","templated":true}]}}